{"id":879,"date":"2023-04-03T18:31:10","date_gmt":"2023-04-03T18:31:10","guid":{"rendered":"https:\/\/red-rabbit-524129.hostingersite.com\/?page_id=879"},"modified":"2025-09-24T07:57:30","modified_gmt":"2025-09-24T07:57:30","slug":"inscripcion","status":"publish","type":"page","link":"https:\/\/congresocompass.es\/fr\/inscripcion\/","title":{"rendered":"Inscription"},"content":{"rendered":"<section class=\"wpb-content-wrapper\"><div class=\"vc_row wpb_row vc_row-fluid vc_custom_1749585259255 vc_row-has-fill bg-grey dark_txt svg_none svg_bottom_none  svg_bottom\"   >\n                  \n\t\t\t\t     \n\t\t\t\t<div class=\"mo-vc-row-ovelay\" style=\"\"><\/div>\n\t\t\t<div class=\"container main-container\"><div class=\"wpb_column vc_column_container vc_col-sm-12 mo-column-6a031b946b818\"><div class=\"vc_column-inner\"><div class=\"wpb_wrapper\"  ><div class=\"wpb_wrapper-inner\"><div class=\"vc_empty_space\"   style=\"height: 75px\"><span class=\"vc_empty_space_inner\"><\/span><\/div>       \n      <div class=\"mo-title-box title-box-style1  text-center\"  ><h3>Inscription<\/h3><div class=\"content\"><strong>Toutes les personnes participant au congr\u00e8s doivent remplir le formulaire suivant : <\/strong><\/div> <\/div>\n         <div class=\"text-center\">\n       <a class=\"button btn-solid btn-txt-circle light hr_light bg_primary bg_hr_primary outline_grey outline_hr_grey medium radius5 roll\"  href=\"https:\/\/forms.office.com\/pages\/responsepage.aspx?id=Vg4G2kZeXUeLdF-xh70hd2T_z538PBpKtRMFMF68Z-xUOUI5N1I0UzNYOTY3QVQ2SDlCTTUzUExCSy4u&#038;origin=lprLink&#038;route=shorturl\" target=\"_blank\"><span class=\"button-text\">LIEN<\/span>\n                            <\/a> \n\t <\/div>\n    <div class=\"vc_empty_space\"   style=\"height: 75px\"><span class=\"vc_empty_space_inner\"><\/span><\/div><\/div><\/div><\/div><\/div><\/div><\/div><div class=\"vc_row wpb_row vc_row-fluid bg-light dark_txt svg_none svg_bottom_none  svg_bottom\"   >\n                  \n\t\t\t\t     \n\t\t\t\t<div class=\"mo-vc-row-ovelay\" style=\"\"><\/div>\n\t\t\t<div class=\"container main-container\"><div class=\"wpb_column vc_column_container vc_col-sm-12 mo-column-6a031b946bb47\"><div class=\"vc_column-inner\"><div class=\"wpb_wrapper\"  ><div class=\"wpb_wrapper-inner\"><div class=\"vc_empty_space\"   style=\"height: 32px\"><span class=\"vc_empty_space_inner\"><\/span><\/div>\n\t<div class=\"wpb_text_column wpb_content_element\" >\n\t\t<div class=\"wpb_wrapper\">\n\t\t\t<p style=\"font-weight: 400;\"><span style=\"font-weight: 400;\">La inscripci\u00f3n para asistir al Congreso se podr\u00e1 realizar a partir del 5 de junio de 2025 y hasta el 13 de octubre de 2025.<\/span><\/p>\n<table style=\"font-weight: 400; height: 610px;\" width=\"565\">\n<tbody>\n<tr>\n<td colspan=\"2\" width=\"531\"><strong>DROITS D'INSCRIPTION\u00a0<\/strong><\/td>\n<\/tr>\n<tr>\n<td width=\"464\"><span style=\"font-weight: 400;\">Membres du comit\u00e9 d'organisation et du comit\u00e9 scientifique <\/span><\/td>\n<td width=\"67\"><strong>Gratuit<\/strong><\/td>\n<\/tr>\n<tr>\n<td width=\"464\"><span style=\"font-weight: 400;\">Membres du projet<\/span><\/td>\n<td width=\"67\"><strong>Gratuit<\/strong><\/td>\n<\/tr>\n<tr>\n<td width=\"464\">Intervenants<\/td>\n<td width=\"67\"><strong>Gratuit<\/strong><\/td>\n<\/tr>\n<tr>\n<td width=\"464\"><span style=\"font-weight: 400;\">Communicateurs avec une communication accept\u00e9e<\/span><\/td>\n<td width=\"67\"><strong>Gratuit<\/strong><\/td>\n<\/tr>\n<tr>\n<td width=\"464\"><span style=\"font-weight: 400;\">Inscription g\u00e9n\u00e9rale <\/span><\/td>\n<td width=\"67\"><strong>50\u20ac\/75\u20ac**<\/strong><\/td>\n<\/tr>\n<tr>\n<td width=\"464\"><span style=\"font-weight: 400;\">\u00c9tudiants suivant un enseignement ou une formation formels*.<\/span><\/td>\n<td width=\"67\"><strong>25\u20ac\/50\u20ac**<\/strong><\/td>\n<\/tr>\n<tr>\n<td colspan=\"2\" width=\"531\">Les frais d'inscription <strong>comprend :<\/strong><\/p>\n<p><span style=\"font-weight: 400;\">- la participation \u00e0 la conf\u00e9rence<\/span><\/p>\n<p><span style=\"font-weight: 400;\">- la r\u00e9ception des documents de travail de la conf\u00e9rence<\/span><\/p>\n<p><span style=\"font-weight: 400;\">- des rafra\u00eechissements pendant les pauses des sessions<\/span><\/p>\n<p><span style=\"font-weight: 400;\">- d\u00e9jeuner du jeudi<\/span><\/p>\n<p><span style=\"font-weight: 400;\">- le d\u00e9jeuner de cl\u00f4ture du vendredi (sans frais suppl\u00e9mentaires)<\/span><\/p>\n<p><span style=\"font-weight: 400;\">- les activit\u00e9s de l'agenda social du jeudi au samedi jusqu'\u00e0 ce que la capacit\u00e9 totale soit atteinte.<\/span><\/td>\n<\/tr>\n<\/tbody>\n<\/table>\n<p>&nbsp;<\/p>\n<p>**Se aplicar\u00e1 este nuevo precio a las inscripciones realizadas a partir del 5 de octubre de 2025.<\/p>\n<p><span style=\"font-weight: 400;\">*La preuve du statut d'\u00e9tudiant doit \u00eatre fournie sous la forme de l'inscription correspondante.<\/span><\/p>\n<p style=\"font-weight: 400;\"><span style=\"font-weight: 400;\">Politique d'annulation\/de remboursement des frais d'inscription \u00e0 la conf\u00e9rence : cette politique ne s'appliquera qu'en cas de raisons d\u00fbment justifi\u00e9es, \u00e9valu\u00e9es par le comit\u00e9 d'organisation de la conf\u00e9rence.<\/span><\/p>\n<p><b>LE PAIEMENT DE LA REDEVANCE<\/b><\/p>\n<p><b>Les personnes ayant soumis une proposition de communication sont pri\u00e9es de ne pas payer les frais d'inscription jusqu'\u00e0 ce que le comit\u00e9 scientifique s\u00e9lectionne les communications finalement accept\u00e9es.\u00a0<\/b><\/p>\n<p><span style=\"font-weight: 400;\">Le paiement de la redevance doit \u00eatre effectu\u00e9 sur le lien suivant :<\/span><\/p>\n\n\t\t<\/div>\n\t<\/div>\n<div class=\"vc_empty_space\"   style=\"height: 32px\"><span class=\"vc_empty_space_inner\"><\/span><\/div>     <div class=\"text-center\">\n       <a class=\"button btn-solid btn-txt-circle light hr_light bg_primary bg_hr_primary outline_grey outline_hr_grey medium radius5 roll\"  href=\"https:\/\/forms.office.com\/pages\/responsepage.aspx?id=Vg4G2kZeXUeLdF-xh70hd2T_z538PBpKtRMFMF68Z-xUOUI5N1I0UzNYOTY3QVQ2SDlCTTUzUExCSy4u&#038;origin=lprLink&#038;route=shorturl\" target=\"_blank\"><span class=\"button-text\">INSCRIPTION<\/span>\n                            <\/a> \n\t <\/div>\n    <div class=\"vc_empty_space\"   style=\"height: 32px\"><span class=\"vc_empty_space_inner\"><\/span><\/div>\n\t<div class=\"wpb_text_column wpb_content_element\" >\n\t\t<div class=\"wpb_wrapper\">\n\t\t\t<p><b>CONTACT\u00a0<\/b><\/p>\n<p><span style=\"font-weight: 400;\">En cas de probl\u00e8me technique ou de doute pendant la proc\u00e9dure d'inscription, veuillez contacter l'organisation \u00e0 l'adresse \u00e9lectronique suivante :<\/span><\/p>\n<p><span style=\"font-weight: 400;\">\u00a0<a href=\"mailto:eventos_lpa@viajeseci.es\">eventos_lpa@viajeseci.es<\/a><\/span><\/p>\n\n\t\t<\/div>\n\t<\/div>\n<div class=\"vc_empty_space\"   style=\"height: 32px\"><span class=\"vc_empty_space_inner\"><\/span><\/div><\/div><\/div><\/div><\/div><\/div><\/div>\n<\/section>","protected":false},"excerpt":{"rendered":"Inscripci\u00f3nTodas las personas que asistir\u00e1n al Congreso deben rellenar el siguiente formulario: ENLACE La inscripci\u00f3n para asistir al Congreso se podr\u00e1 realizar a partir del 5 de junio de 2025 y hasta el 13 de octubre de 2025. CUOTAS INSCRIPCI\u00d3N\u00a0 Miembros del Comit\u00e9 Organizador y Cient\u00edfico Gratuito Miembros del proyecto Gratuito Ponentes Gratuito Comunicantes con [...]","protected":false},"author":1,"featured_media":0,"parent":0,"menu_order":0,"comment_status":"closed","ping_status":"closed","template":"","meta":{"_monsterinsights_skip_tracking":false,"_monsterinsights_sitenote_active":false,"_monsterinsights_sitenote_note":"","_monsterinsights_sitenote_category":0,"footnotes":""},"class_list":["post-879","page","type-page","status-publish","hentry"],"_links":{"self":[{"href":"https:\/\/congresocompass.es\/fr\/wp-json\/wp\/v2\/pages\/879","targetHints":{"allow":["GET"]}}],"collection":[{"href":"https:\/\/congresocompass.es\/fr\/wp-json\/wp\/v2\/pages"}],"about":[{"href":"https:\/\/congresocompass.es\/fr\/wp-json\/wp\/v2\/types\/page"}],"author":[{"embeddable":true,"href":"https:\/\/congresocompass.es\/fr\/wp-json\/wp\/v2\/users\/1"}],"replies":[{"embeddable":true,"href":"https:\/\/congresocompass.es\/fr\/wp-json\/wp\/v2\/comments?post=879"}],"version-history":[{"count":30,"href":"https:\/\/congresocompass.es\/fr\/wp-json\/wp\/v2\/pages\/879\/revisions"}],"predecessor-version":[{"id":1905,"href":"https:\/\/congresocompass.es\/fr\/wp-json\/wp\/v2\/pages\/879\/revisions\/1905"}],"wp:attachment":[{"href":"https:\/\/congresocompass.es\/fr\/wp-json\/wp\/v2\/media?parent=879"}],"curies":[{"name":"wp","href":"https:\/\/api.w.org\/{rel}","templated":true}]}}