{"id":516,"date":"2020-08-29T22:25:32","date_gmt":"2020-08-29T22:25:32","guid":{"rendered":"https:\/\/motivoweb.com\/teba\/?page_id=516"},"modified":"2025-07-22T11:07:30","modified_gmt":"2025-07-22T11:07:30","slug":"contacto","status":"publish","type":"page","link":"https:\/\/congresocompass.es\/fr\/contacto\/","title":{"rendered":"Contact"},"content":{"rendered":"<section class=\"wpb-content-wrapper\"><div class=\"vc_row wpb_row vc_row-fluid vc_custom_1749585845655 vc_row-has-fill bg-light dark_txt svg_none svg_bottom_none  svg_bottom\"   >\n                  \n\t\t\t\t     \n\t\t\t\t<div class=\"mo-vc-row-ovelay\" style=\"\"><\/div>\n\t\t\t<div class=\"container main-container\"><div class=\"wpb_column vc_column_container vc_col-sm-12 mo-column-6a031c3b71ac0\"><div class=\"vc_column-inner\"><div class=\"wpb_wrapper\"  ><div class=\"wpb_wrapper-inner\"><div class=\"vc_row wpb_row vc_inner vc_row-fluid tablet_column_full sm_no_padding vc_column-gap-0\"   ><div class=\"wpb_column vc_column_container vc_col-sm-6 mo-column-6a031c3b71cbd\"><div class=\"vc_column-inner vc_custom_1591584226816\" ><div class=\"wpb_wrapper\">       \n      <div class=\"mo-title-box title-box-style3  text-left\"  ><h3>Contact<\/h3><svg xmlns=\"http:\/\/www.w3.org\/2000\/svg\" xmlns:xlink=\"http:\/\/www.w3.org\/1999\/xlink\" width=\"71px\" height=\"11px\"> <path fill-rule=\"evenodd\" d=\"M59.669,10.710 L49.164,3.306 L39.428,10.681 L29.714,3.322 L20.006,10.682 L10.295,3.322 L1.185,10.228 L-0.010,8.578 L10.295,0.765 L20.006,8.125 L29.714,0.765 L39.428,8.125 L49.122,0.781 L59.680,8.223 L69.858,1.192 L70.982,2.895 L59.669,10.710 Z\"><\/path><\/svg> <\/div>\n    <\/div><\/div><\/div><div class=\"wpb_column vc_column_container vc_col-sm-6 mo-column-6a031c3b71dc8\"><div class=\"vc_column-inner\" ><div class=\"wpb_wrapper\"><div class=\"vc_empty_space  hide_mobile\"   style=\"height: 100px\"><span class=\"vc_empty_space_inner\"><\/span><\/div><\/div><\/div><\/div><\/div>\n\t<div class=\"wpb_text_column wpb_content_element\" >\n\t\t<div class=\"wpb_wrapper\">\n\t\t\t<p><span style=\"font-weight: 400;\">Si vous avez des questions d'ordre g\u00e9n\u00e9ral sur le congr\u00e8s, veuillez contacter les organisateurs \u00e0 l'adresse \u00e9lectronique suivante : <\/span><a href=\"mailto:congresocompass@ulpgc.es\"><span style=\"font-weight: 400;\">congresocompass@ulpgc.es<\/span><\/a><span style=\"font-weight: 400;\">\u00a0<\/span><\/p>\n\n\t\t<\/div>\n\t<\/div>\n<\/div><\/div><\/div><\/div><\/div><\/div>\n<\/section>","protected":false},"excerpt":{"rendered":"Contacto Si tiene cualquier duda general sobre el Congreso, le rogamos que se ponga en contacto con la organizaci\u00f3n a trav\u00e9s del correo electr\u00f3nico siguiente: congresocompass@ulpgc.es\u00a0","protected":false},"author":1,"featured_media":0,"parent":0,"menu_order":0,"comment_status":"closed","ping_status":"closed","template":"","meta":{"_monsterinsights_skip_tracking":false,"_monsterinsights_sitenote_active":false,"_monsterinsights_sitenote_note":"","_monsterinsights_sitenote_category":0,"footnotes":""},"class_list":["post-516","page","type-page","status-publish","hentry"],"_links":{"self":[{"href":"https:\/\/congresocompass.es\/fr\/wp-json\/wp\/v2\/pages\/516","targetHints":{"allow":["GET"]}}],"collection":[{"href":"https:\/\/congresocompass.es\/fr\/wp-json\/wp\/v2\/pages"}],"about":[{"href":"https:\/\/congresocompass.es\/fr\/wp-json\/wp\/v2\/types\/page"}],"author":[{"embeddable":true,"href":"https:\/\/congresocompass.es\/fr\/wp-json\/wp\/v2\/users\/1"}],"replies":[{"embeddable":true,"href":"https:\/\/congresocompass.es\/fr\/wp-json\/wp\/v2\/comments?post=516"}],"version-history":[{"count":17,"href":"https:\/\/congresocompass.es\/fr\/wp-json\/wp\/v2\/pages\/516\/revisions"}],"predecessor-version":[{"id":1890,"href":"https:\/\/congresocompass.es\/fr\/wp-json\/wp\/v2\/pages\/516\/revisions\/1890"}],"wp:attachment":[{"href":"https:\/\/congresocompass.es\/fr\/wp-json\/wp\/v2\/media?parent=516"}],"curies":[{"name":"wp","href":"https:\/\/api.w.org\/{rel}","templated":true}]}}