{"id":1701,"date":"2025-06-18T14:55:47","date_gmt":"2025-06-18T14:55:47","guid":{"rendered":"https:\/\/teal-wallaby-127225.hostingersite.com\/index.php\/inicio-francais\/"},"modified":"2025-06-18T17:22:48","modified_gmt":"2025-06-18T17:22:48","slug":"inicio-francais","status":"publish","type":"page","link":"https:\/\/congresocompass.es\/fr\/inicio-francais\/","title":{"rendered":"Inicio &#8211; Fran\u00e7ais"},"content":{"rendered":"<section class=\"wpb-content-wrapper\"><div class=\"vc_row wpb_row vc_row-fluid vc_custom_1749581842897 vc_row-has-fill bg-light dark_txt svg_none svg_bottom_none  svg_bottom\"   >\n                  \n\t\t\t\t   <div class=\"particles2\"><span class=\"shape-one\"><\/span><span class=\"shape-two\"><\/span><span class=\"shape-three\"><\/span><span class=\"shape-four\"><\/span><span class=\"shape-five\"><\/span><\/div>  \n\t\t\t\t<div class=\"mo-vc-row-ovelay\" style=\"\"><\/div>\n\t\t\t<div class=\"container main-container\"><div class=\"wpb_column vc_column_container vc_col-sm-8 mo-column-69fb16975a11c\"><div class=\"vc_column-inner\"><div class=\"wpb_wrapper vc_custom_1592785166166\"  ><div class=\"wpb_wrapper-inner\"><div class=\"vc_row wpb_row vc_inner vc_row-fluid vc_custom_1595889474173 vc_column-gap-0\"   ><div class=\"wpb_column vc_column_container vc_col-sm-12 mo-column-69fb16975a35e\"><div class=\"vc_column-inner vc_custom_1572034525037\" ><div class=\"wpb_wrapper\"><div class=\"vc_empty_space\"   style=\"height: 200px\"><span class=\"vc_empty_space_inner\"><\/span><\/div>\n\t<div  class=\"wpb_single_image wpb_content_element vc_align_left\">\n\t\t\n\t\t<figure class=\"wpb_wrapper vc_figure\">\n\t\t\t<div class=\"vc_single_image-wrapper   vc_box_border_grey\"><img decoding=\"async\" width=\"1323\" height=\"345\" data-src=\"https:\/\/congresocompass.es\/wp-content\/uploads\/2025\/06\/Recurso-4.png\" class=\"vc_single_image-img attachment-full lazyload\" alt=\"\" title=\"Recurso 4\" data-srcset=\"https:\/\/congresocompass.es\/wp-content\/uploads\/2025\/06\/Recurso-4.png 1323w, https:\/\/congresocompass.es\/wp-content\/uploads\/2025\/06\/Recurso-4-300x78.png 300w, https:\/\/congresocompass.es\/wp-content\/uploads\/2025\/06\/Recurso-4-1024x267.png 1024w, https:\/\/congresocompass.es\/wp-content\/uploads\/2025\/06\/Recurso-4-768x200.png 768w\" data-sizes=\"(max-width: 1323px) 100vw, 1323px\" src=\"data:image\/gif;base64,R0lGODlhAQABAAAAACH5BAEKAAEALAAAAAABAAEAAAICTAEAOw==\" style=\"--smush-placeholder-width: 1323px; --smush-placeholder-aspect-ratio: 1323\/345;\" \/><\/div>\n\t\t<\/figure>\n\t<\/div>\n\n\t<div class=\"wpb_text_column wpb_content_element  vc_custom_1749582165290\" >\n\t\t<div class=\"wpb_wrapper\">\n\t\t\t<h2 class=\"white_txt\" style=\"font-size: 17px; font-weight: 500;\"><span style=\"color: #ffffff;\"><strong>30 et 31 octobre 2025<\/strong><\/span><\/h2>\n\n\t\t<\/div>\n\t<\/div>\n<div class=\"vc_empty_space\"   style=\"height: 30px\"><span class=\"vc_empty_space_inner\"><\/span><\/div>     <div class=\"text-left\">\n       <a class=\"button btn-solid btn-txt-circle light hr_light bg_primary bg_hr_primary outline_grey outline_hr_grey medium radius5 roll\"  href=\"https:\/\/teal-wallaby-127225.hostingersite.com\/fr\/inscripcion\/\" target=\"_self\"><span class=\"button-text\">Inscrivez-vous<\/span>\n                            <\/a> \n\t <\/div>\n    <div class=\"vc_empty_space\"   style=\"height: 250px\"><span class=\"vc_empty_space_inner\"><\/span><\/div><\/div><\/div><\/div><\/div><\/div><\/div><\/div><\/div><div class=\"wpb_column vc_column_container vc_col-sm-4 mo-column-69fb16975aabd\" data-parallax=\"true\" data-parallax-from='{\"translateY\":128,\"translateZ\":-2}' data-parallax-to='{\"translateY\":-35,\"translateZ\":0}' data-parallax-options='{\"easing\":\"linear\",\"reverse\":true,\"triggerHook\":\"onEnter\"}'><div class=\"vc_column-inner\"><div class=\"wpb_wrapper vc_custom_1589670909231\"  ><div class=\"wpb_wrapper-inner\"><\/div><\/div><\/div><\/div><\/div><\/div><div class=\"vc_row wpb_row vc_row-fluid tablet_column_full vc_custom_1589673249757 bg-light dark_txt svg_none svg_bottom_none  svg_bottom\"   >\n                  \n\t\t\t\t     \n\t\t\t\t<div class=\"mo-vc-row-ovelay\" style=\"\"><\/div>\n\t\t\t<div class=\"container main-container\"><div class=\"wpb_column vc_column_container vc_col-sm-12 mo-column-69fb16975ac6f\"><div class=\"vc_column-inner\"><div class=\"wpb_wrapper vc_custom_1683284138820\"  ><div class=\"wpb_wrapper-inner\"><div class=\"vc_row wpb_row vc_inner vc_row-fluid box-shadow radius5 vc_custom_1683283952513 vc_row-has-fill vc_column-gap-10\"   ><div class=\"wpb_column vc_column_container vc_col-sm-12 mo-column-69fb16975ada1\"><div class=\"vc_column-inner\" ><div class=\"wpb_wrapper\">\t\t<div class=\"mo-image-carousel-wrap   primary\">\n\t\t\t<div class=\"image-carousel\" data-col_lg=\"6\" data-col_md=\"4\" data-col_sm=\"3\" data-col_xs=\"1\" data-item_space=\"15\" data-loop=\"true\" data-autoplay=\"true\" data-smartspeed=\"500\" data-nav=\"false\" data-dots=\"false\">\n\t\t\t\t<img decoding=\"async\" data-src=\"https:\/\/congresocompass.es\/wp-content\/uploads\/2025\/06\/Logo-1-copia-2.png\" alt=\"image\" src=\"data:image\/gif;base64,R0lGODlhAQABAAAAACH5BAEKAAEALAAAAAABAAEAAAICTAEAOw==\" class=\"lazyload\" style=\"--smush-placeholder-width: 595px; --smush-placeholder-aspect-ratio: 595\/595;\" \/><img decoding=\"async\" data-src=\"https:\/\/congresocompass.es\/wp-content\/uploads\/2025\/06\/Logo-1-copia-3.png\" alt=\"image\" src=\"data:image\/gif;base64,R0lGODlhAQABAAAAACH5BAEKAAEALAAAAAABAAEAAAICTAEAOw==\" class=\"lazyload\" style=\"--smush-placeholder-width: 595px; --smush-placeholder-aspect-ratio: 595\/595;\" \/><img decoding=\"async\" data-src=\"https:\/\/congresocompass.es\/wp-content\/uploads\/2025\/06\/Logo-1-copia-4.png\" alt=\"image\" src=\"data:image\/gif;base64,R0lGODlhAQABAAAAACH5BAEKAAEALAAAAAABAAEAAAICTAEAOw==\" class=\"lazyload\" style=\"--smush-placeholder-width: 595px; --smush-placeholder-aspect-ratio: 595\/595;\" \/><img decoding=\"async\" data-src=\"https:\/\/congresocompass.es\/wp-content\/uploads\/2025\/06\/Logo-1-copia-5.png\" alt=\"image\" src=\"data:image\/gif;base64,R0lGODlhAQABAAAAACH5BAEKAAEALAAAAAABAAEAAAICTAEAOw==\" class=\"lazyload\" style=\"--smush-placeholder-width: 594px; --smush-placeholder-aspect-ratio: 594\/595;\" \/><img decoding=\"async\" data-src=\"https:\/\/congresocompass.es\/wp-content\/uploads\/2025\/06\/Logo-1-copia-6.png\" alt=\"image\" src=\"data:image\/gif;base64,R0lGODlhAQABAAAAACH5BAEKAAEALAAAAAABAAEAAAICTAEAOw==\" class=\"lazyload\" style=\"--smush-placeholder-width: 595px; --smush-placeholder-aspect-ratio: 595\/595;\" \/><img decoding=\"async\" data-src=\"https:\/\/congresocompass.es\/wp-content\/uploads\/2025\/06\/Logo-1-copia-7.png\" alt=\"image\" src=\"data:image\/gif;base64,R0lGODlhAQABAAAAACH5BAEKAAEALAAAAAABAAEAAAICTAEAOw==\" class=\"lazyload\" style=\"--smush-placeholder-width: 595px; --smush-placeholder-aspect-ratio: 595\/595;\" \/><img decoding=\"async\" data-src=\"https:\/\/congresocompass.es\/wp-content\/uploads\/2025\/06\/Logo-1-copia-8.png\" alt=\"image\" src=\"data:image\/gif;base64,R0lGODlhAQABAAAAACH5BAEKAAEALAAAAAABAAEAAAICTAEAOw==\" class=\"lazyload\" style=\"--smush-placeholder-width: 595px; --smush-placeholder-aspect-ratio: 595\/595;\" \/><img decoding=\"async\" data-src=\"https:\/\/congresocompass.es\/wp-content\/uploads\/2025\/06\/Logo-1-copia-9.png\" alt=\"image\" src=\"data:image\/gif;base64,R0lGODlhAQABAAAAACH5BAEKAAEALAAAAAABAAEAAAICTAEAOw==\" class=\"lazyload\" style=\"--smush-placeholder-width: 595px; --smush-placeholder-aspect-ratio: 595\/595;\" \/><img decoding=\"async\" data-src=\"https:\/\/congresocompass.es\/wp-content\/uploads\/2025\/06\/Logo-1-copia-10.png\" alt=\"image\" src=\"data:image\/gif;base64,R0lGODlhAQABAAAAACH5BAEKAAEALAAAAAABAAEAAAICTAEAOw==\" class=\"lazyload\" style=\"--smush-placeholder-width: 595px; --smush-placeholder-aspect-ratio: 595\/595;\" \/><img decoding=\"async\" data-src=\"https:\/\/congresocompass.es\/wp-content\/uploads\/2025\/06\/Logo-1-copia-11.png\" alt=\"image\" src=\"data:image\/gif;base64,R0lGODlhAQABAAAAACH5BAEKAAEALAAAAAABAAEAAAICTAEAOw==\" class=\"lazyload\" style=\"--smush-placeholder-width: 594px; --smush-placeholder-aspect-ratio: 594\/595;\" \/><img decoding=\"async\" data-src=\"https:\/\/congresocompass.es\/wp-content\/uploads\/2025\/06\/Logo-1-copia.png\" alt=\"image\" src=\"data:image\/gif;base64,R0lGODlhAQABAAAAACH5BAEKAAEALAAAAAABAAEAAAICTAEAOw==\" class=\"lazyload\" style=\"--smush-placeholder-width: 594px; --smush-placeholder-aspect-ratio: 594\/595;\" \/><img decoding=\"async\" data-src=\"https:\/\/congresocompass.es\/wp-content\/uploads\/2025\/06\/Logo-1.png\" alt=\"image\" src=\"data:image\/gif;base64,R0lGODlhAQABAAAAACH5BAEKAAEALAAAAAABAAEAAAICTAEAOw==\" class=\"lazyload\" style=\"--smush-placeholder-width: 595px; --smush-placeholder-aspect-ratio: 595\/595;\" \/><img decoding=\"async\" data-src=\"https:\/\/congresocompass.es\/wp-content\/uploads\/2023\/04\/Mesa-de-trabajo-1-copia-2-1-1024x1024.png\" alt=\"image\" src=\"data:image\/gif;base64,R0lGODlhAQABAAAAACH5BAEKAAEALAAAAAABAAEAAAICTAEAOw==\" class=\"lazyload\" style=\"--smush-placeholder-width: 1024px; --smush-placeholder-aspect-ratio: 1024\/1024;\" \/><img decoding=\"async\" src=\"\" alt=\"image\"\/><img decoding=\"async\" src=\"\" alt=\"image\"\/><img decoding=\"async\" src=\"\" alt=\"image\"\/><img decoding=\"async\" src=\"\" alt=\"image\"\/><img decoding=\"async\" src=\"\" alt=\"image\"\/><img decoding=\"async\" src=\"\" alt=\"image\"\/><img decoding=\"async\" src=\"\" alt=\"image\"\/>\t\t\t<\/div>\n\t\t<\/div>\n    <\/div><\/div><\/div><\/div><div class=\"vc_empty_space\"   style=\"height: 120px\"><span class=\"vc_empty_space_inner\"><\/span><\/div>    <div class=\"mo-countdown-clock countdown-wraper clearfix text-center style3\" data-wow-delay=\"0.1s\">\n\t  <div class=\"getting-started\" data-count-down=\"2025\/10\/30\"><\/div>\n    <\/div>\n    <\/div><\/div><\/div><\/div><\/div><\/div><div class=\"vc_row wpb_row vc_row-fluid tablet_column_full vc_custom_1592851078656 bg-light dark_txt svg_none svg_bottom_none  svg_bottom\"   >\n                  \n\t\t\t\t     \n\t\t\t\t<div class=\"mo-vc-row-ovelay\" style=\"\"><\/div>\n\t\t\t<div class=\"container main-container\"><div class=\"wpb_column vc_column_container vc_col-sm-6 vc_col-lg-6 vc_col-md-6 vc_col-xs-12 mo-column-69fb16975d457\"><div class=\"vc_column-inner\"><div class=\"wpb_wrapper\"  ><div class=\"wpb_wrapper-inner\">       \n      <div class=\"mo-title-box title-box-style1  text-left\"  ><h3>Introduction<\/h3> <\/div>\n    \n\t<div class=\"wpb_text_column wpb_content_element  vc_custom_1750264909881\" >\n\t\t<div class=\"wpb_wrapper\">\n\t\t\t<p><span style=\"font-weight: 400;\">Les 30 et 31 octobre 2025, l&#8217;Universit\u00e9 de Las Palmas de Gran Canaria (ULPGC) accueillera la Conf\u00e9rence Internationale sur la migration circulaire des travailleurs dans le cadre du Project Interreg MAC, COMPASS.\u00a0<\/span><\/p>\n<p><span style=\"font-weight: 400;\">Le projet <\/span><b>COMPAS<\/b><span style=\"font-weight: 400;\"> est un projet Interreg MAC dont l&#8217;objectif final est de mettre en place un Observatoire de la Mobilit\u00e9 Humaine entre les Iles Canaries et l&#8217;Afrique. Pour ce faire, nous abordons le ph\u00e9nom\u00e8ne migratoire dans son ensemble, en proposant des solutions favorisant la migration circulaire, afin de r\u00e9pondre aux d\u00e9fis \u00e0 chaque \u00e9tape : depuis l&#8217;origine et le transit des migrants jusqu&#8217;\u00e0 leur int\u00e9gration dans de nouvelles soci\u00e9t\u00e9s.<\/span><\/p>\n<p><span style=\"font-weight: 400;\">Une compr\u00e9hension et approche globales des d\u00e9fis li\u00e9s \u00e0 la migration dans la r\u00e9gion, en identifiant les acteurs impliqu\u00e9s, en rep\u00e9rant les bonnes pratiques, en observant les lacunes et en proposant des solutions innovantes, nous permettra de mettre en place des m\u00e9canismes efficaces \u00e0 court et \u00e0 long terme. Cela favorisera la gestion de la migration r\u00e9guli\u00e8re dans la zone de coop\u00e9ration (\u00celes Canaries, Gambie, Mauritanie, S\u00e9n\u00e9gal), tout en promouvant la collaboration internationale et le bien-\u00eatre des populations migrantes et des communaut\u00e9s d&#8217;accueil.<\/span><\/p>\n\n\t\t<\/div>\n\t<\/div>\n<\/div><\/div><\/div><\/div><div class=\"wpb_column vc_column_container vc_col-sm-6 mo-column-69fb16975d65e\"><div class=\"vc_column-inner\"><div class=\"wpb_wrapper\"  ><div class=\"wpb_wrapper-inner\">\n\t<div class=\"wpb_text_column wpb_content_element  vc_custom_1750264929323\" >\n\t\t<div class=\"wpb_wrapper\">\n\t\t\t<p><span style=\"font-weight: 400;\">Pour atteindre cet objectif, l&#8217;Universit\u00e9 de Las Palmas de Gran Canaria et les partenaires du projet COMPASS organisent une rencontre acad\u00e9mique et institutionnelle internationale ouverte \u00e0 la participation de tous les experts et groupes d\u2019int\u00e9r\u00eat impliqu\u00e9s dans le projet. Tous les acteurs engag\u00e9s, tant sur les deux rives qu\u2019au sein de l\u2019Union europ\u00e9enne, sont invit\u00e9s \u00e0 contribuer par leur expertise et leur r\u00e9flexion.<\/span><\/p>\n<p><span style=\"font-weight: 400;\">L&#8217;activit\u00e9 est structur\u00e9e comme une approche acad\u00e9mique compl\u00e8te qui aborde la complexit\u00e9 de la migration dans les phases de transit et de destination. Cet \u00e9v\u00e9nement comprend des contributions essentielles, telles qu&#8217;une r\u00e9union scientifique pour partager les connaissances, des sessions de travail en commun et de r\u00e9seautage entre les entit\u00e9s publiques, et la publication ult\u00e9rieure du congr\u00e8s, qui sera le document d&#8217;analyse de base initial pour le d\u00e9veloppement du projet.<\/span><\/p>\n<p><span style=\"font-weight: 400;\">Le d\u00e9bat th\u00e9matique explorera des aspects cruciaux tels que l&#8217;organisation \u00e9tatique des mouvements migratoires, les processus de formation des migrants, l&#8217;\u00e9valuation des comp\u00e9tences et de la demande de main-d&#8217;\u0153uvre dans les soci\u00e9t\u00e9s d&#8217;accueil, des informations pr\u00e9cises sur les processus migratoires s\u00fbrs, ainsi que la communication et la sensibilisation de part et d&#8217;autre des fronti\u00e8res.<\/span><\/p>\n\n\t\t<\/div>\n\t<\/div>\n<\/div><\/div><\/div><\/div><\/div><\/div><div class=\"vc_row wpb_row vc_row-fluid tablet_column_full vc_custom_1680692821973 bg-light dark_txt svg_none svg_bottom_none  svg_bottom\"   data-custom-animations=\"true\" data-ca-options='{\"triggerHandler\":\"inview\",\"animationTarget\":\".wpb_column\",\"duration\":1200,\"delay\":100,\"easing\":\"easeOutQuint\",\"direction\":\"forward\",\"initValues\":{\"translateY\":90,\"translateZ\":53,\"rotateX\":-35,\"opacity\":0},\"animations\":{\"translateY\":0,\"translateZ\":0,\"rotateX\":0,\"opacity\":1}}'>\n                  \n\t\t\t\t     \n\t\t\t\t<div class=\"mo-vc-row-ovelay\" style=\"\"><\/div>\n\t\t\t<div class=\"container main-container\"><div class=\"wpb_column vc_column_container vc_col-sm-12 mo-column-69fb16975d930\"><div class=\"vc_column-inner\"><div class=\"wpb_wrapper\"  ><div class=\"wpb_wrapper-inner\">\n\t<div class=\"wpb_text_column wpb_content_element\" >\n\t\t<div class=\"wpb_wrapper\">\n\t\t\t<h4 style=\"text-align: center;\"><b>IMPORTANT DATES<\/b><\/h4>\n<p style=\"text-align: center;\"><span style=\"font-weight: 400;\"><strong>Submission of Proposals:<\/strong><br \/>\n<\/span><span style=\"font-weight: 400;\">26 May to 7 July 2025<\/span><\/p>\n<p style=\"text-align: center;\"><span style=\"font-weight: 400;\"><strong>Notification of Acceptance:<\/strong><br \/>\n28 July 2025<\/span><\/p>\n<p style=\"text-align: center;\"><span style=\"font-weight: 400;\"><strong>Full Paper Submission Deadline:<\/strong><br \/>\n10 October 2025<\/span><\/p>\n<p style=\"text-align: center;\"><span style=\"font-weight: 400;\"><strong>Full Paper Submission Deadline after the Congress:<\/strong><br \/>\n17 October 2025<\/span><\/p>\n<p style=\"text-align: center;\"><span style=\"font-weight: 400;\"><strong>Final Decision on Publication:<\/strong><br \/>\n24 November 2025<\/span><\/p>\n<p style=\"text-align: center;\"><span style=\"font-weight: 400;\"><strong>Date of Publication:<\/strong><br \/>\nfirst half-year of 2026<\/span><\/p>\n\n\t\t<\/div>\n\t<\/div>\n<\/div><\/div><\/div><\/div><\/div><\/div><div data-vc-full-width=\"true\" data-vc-full-width-init=\"false\" data-vc-stretch-content=\"true\" class=\"vc_row wpb_row vc_row-fluid vc_custom_1593124881306 vc_row-no-padding bg-dark-grey dark_txt svg_none svg_bottom_none  svg_bottom\"   >\n                  \n\t\t\t\t   <div class=\"particles2\"><span class=\"shape-one\"><\/span><span class=\"shape-two\"><\/span><span class=\"shape-three\"><\/span><span class=\"shape-four\"><\/span><span class=\"shape-five\"><\/span><\/div>  \n\t\t\t\t<div class=\"mo-vc-row-ovelay\" style=\"\"><\/div>\n\t\t\t<div class=\"no-container\"><div class=\"wpb_column vc_column_container vc_col-sm-12 mo-column-69fb16975dc18\"><div class=\"vc_column-inner\"><div class=\"wpb_wrapper\"  ><div class=\"wpb_wrapper-inner\">       \n      <div class=\"mo-title-box title-box-style1  text-center\"  ><h3>Nous vous attendons aux journ\u00e9es<\/h3> <\/div>\n    <\/div><\/div><\/div><\/div><\/div><\/div><div class=\"vc_row-full-width\"><\/div><div data-vc-full-width=\"true\" data-vc-full-width-init=\"false\" data-vc-stretch-content=\"true\" class=\"vc_row wpb_row vc_row-fluid vc_custom_1592866220476 vc_row-no-padding bg-light dark_txt svg_none svg_bottom_none  svg_bottom\"   >\n                  \n\t\t\t\t     \n\t\t\t\t<div class=\"mo-vc-row-ovelay\" style=\"\"><\/div>\n\t\t\t<div class=\"no-container\"><div class=\"wpb_column vc_column_container vc_col-sm-12 mo-column-69fb16975ddbd\"><div class=\"vc_column-inner\"><div class=\"wpb_wrapper\"  ><div class=\"wpb_wrapper-inner\"><div class=\"vc_row wpb_row vc_inner vc_row-fluid vc_column-gap-0\"   ><div class=\"wpb_column vc_column_container vc_col-sm-12 mo-column-69fb16975ded3\"><div class=\"vc_column-inner\" ><div class=\"wpb_wrapper\">\n<div class=\"vc_grid-container-wrapper vc_clearfix vc_grid-animation-fadeIn\">\n\t<div class=\"vc_grid-container vc_clearfix wpb_content_element vc_media_grid\" data-initial-loading-animation=\"fadeIn\" data-vc-grid-settings=\"{&quot;page_id&quot;:1701,&quot;style&quot;:&quot;load-more&quot;,&quot;action&quot;:&quot;vc_get_vc_grid_data&quot;,&quot;shortcode_id&quot;:&quot;1750267302390-f5299dc2-9da0-5&quot;,&quot;items_per_page&quot;:&quot;12&quot;,&quot;btn_data&quot;:{&quot;title&quot;:&quot;Load more&quot;,&quot;style&quot;:&quot;flat&quot;,&quot;gradient_color_1&quot;:&quot;&quot;,&quot;gradient_color_2&quot;:&quot;&quot;,&quot;gradient_custom_color_1&quot;:&quot;&quot;,&quot;gradient_custom_color_2&quot;:&quot;&quot;,&quot;gradient_text_color&quot;:&quot;&quot;,&quot;custom_background&quot;:&quot;#ededed&quot;,&quot;custom_text&quot;:&quot;#666&quot;,&quot;outline_custom_color&quot;:&quot;#666&quot;,&quot;outline_custom_hover_background&quot;:&quot;#666&quot;,&quot;outline_custom_hover_text&quot;:&quot;#fff&quot;,&quot;shape&quot;:&quot;rounded&quot;,&quot;color&quot;:&quot;blue&quot;,&quot;size&quot;:&quot;md&quot;,&quot;align&quot;:&quot;inline&quot;,&quot;button_block&quot;:&quot;&quot;,&quot;add_icon&quot;:&quot;&quot;,&quot;i_align&quot;:&quot;left&quot;,&quot;i_type&quot;:&quot;fontawesome&quot;,&quot;i_icon_fontawesome&quot;:&quot;fas fa-adjust&quot;,&quot;i_icon_openiconic&quot;:&quot;vc-oi vc-oi-dial&quot;,&quot;i_icon_typicons&quot;:&quot;typcn typcn-adjust-brightness&quot;,&quot;i_icon_entypo&quot;:&quot;entypo-icon entypo-icon-note&quot;,&quot;i_icon_linecons&quot;:&quot;vc_li vc_li-heart&quot;,&quot;i_icon_monosocial&quot;:&quot;&quot;,&quot;i_icon_material&quot;:&quot;&quot;,&quot;i_icon_pixelicons&quot;:&quot;vc_pixel_icon vc_pixel_icon-alert&quot;,&quot;el_id&quot;:&quot;&quot;,&quot;custom_onclick&quot;:&quot;&quot;,&quot;custom_onclick_code&quot;:&quot;&quot;},&quot;tag&quot;:&quot;vc_media_grid&quot;}\" data-vc-request=\"https:\/\/congresocompass.es\/wp-admin\/admin-ajax.php\" data-vc-post-id=\"1701\" data-vc-public-nonce=\"f046edf816\">\n\t\t\n\t<\/div>\n<\/div><\/div><\/div><\/div><\/div><\/div><\/div><\/div><\/div><\/div><\/div><div class=\"vc_row-full-width\"><\/div><div class=\"vc_row wpb_row vc_row-fluid bg-light dark_txt svg_none svg_bottom_none  svg_bottom\"   >\n                  \n\t\t\t\t     \n\t\t\t\t<div class=\"mo-vc-row-ovelay\" style=\"\"><\/div>\n\t\t\t<div class=\"container main-container\"><div class=\"wpb_column vc_column_container vc_col-sm-12 mo-column-69fb16975e36b\"><div class=\"vc_column-inner\"><div class=\"wpb_wrapper\"  ><div class=\"wpb_wrapper-inner\">     <div class=\"text-center\">\n       <a class=\"button btn-solid btn-txt-circle light hr_light bg_primary bg_hr_primary outline_grey outline_hr_grey large radius5 roll\"  href=\"https:\/\/teal-wallaby-127225.hostingersite.com\/fr\/inscripcion\/\" target=\"_self\"><span class=\"button-text\">Inscrivez-vous<\/span>\n                            <\/a> \n\t <\/div>\n    <div class=\"vc_empty_space\"   style=\"height: 32px\"><span class=\"vc_empty_space_inner\"><\/span><\/div><\/div><\/div><\/div><\/div><\/div><\/div>\n<\/section>","protected":false},"excerpt":{"rendered":"30 y 31 de octubre de 2025 Inscrivez-vous Introduction Les 30 et 31 octobre 2025, l'Universit\u00e9 de Las Palmas de Gran Canaria (ULPGC) accueillera la Conf\u00e9rence Internationale sur la migration circulaire des travailleurs dans le cadre du Project Interreg MAC, COMPASS.\u00a0 Le projet COMPASS est un projet Interreg MAC dont l'objectif final est de mettre [...]","protected":false},"author":1,"featured_media":0,"parent":0,"menu_order":0,"comment_status":"closed","ping_status":"closed","template":"","meta":{"_monsterinsights_skip_tracking":false,"_monsterinsights_sitenote_active":false,"_monsterinsights_sitenote_note":"","_monsterinsights_sitenote_category":0,"footnotes":""},"class_list":["post-1701","page","type-page","status-publish","hentry"],"_links":{"self":[{"href":"https:\/\/congresocompass.es\/fr\/wp-json\/wp\/v2\/pages\/1701","targetHints":{"allow":["GET"]}}],"collection":[{"href":"https:\/\/congresocompass.es\/fr\/wp-json\/wp\/v2\/pages"}],"about":[{"href":"https:\/\/congresocompass.es\/fr\/wp-json\/wp\/v2\/types\/page"}],"author":[{"embeddable":true,"href":"https:\/\/congresocompass.es\/fr\/wp-json\/wp\/v2\/users\/1"}],"replies":[{"embeddable":true,"href":"https:\/\/congresocompass.es\/fr\/wp-json\/wp\/v2\/comments?post=1701"}],"version-history":[{"count":4,"href":"https:\/\/congresocompass.es\/fr\/wp-json\/wp\/v2\/pages\/1701\/revisions"}],"predecessor-version":[{"id":1766,"href":"https:\/\/congresocompass.es\/fr\/wp-json\/wp\/v2\/pages\/1701\/revisions\/1766"}],"wp:attachment":[{"href":"https:\/\/congresocompass.es\/fr\/wp-json\/wp\/v2\/media?parent=1701"}],"curies":[{"name":"wp","href":"https:\/\/api.w.org\/{rel}","templated":true}]}}