{"id":1634,"date":"2025-06-11T10:52:23","date_gmt":"2025-06-11T10:52:23","guid":{"rendered":"https:\/\/teal-wallaby-127225.hostingersite.com\/?page_id=1634"},"modified":"2025-07-10T08:13:10","modified_gmt":"2025-07-10T08:13:10","slug":"call","status":"publish","type":"page","link":"https:\/\/congresocompass.es\/fr\/call\/","title":{"rendered":"Call"},"content":{"rendered":"<section class=\"wpb-content-wrapper\"><div class=\"vc_row wpb_row vc_row-fluid vc_custom_1750239655964 vc_row-has-fill bg-grey dark_txt svg_none svg_bottom_none  svg_bottom\"   >\n                  \n\t\t\t\t     \n\t\t\t\t<div class=\"mo-vc-row-ovelay\" style=\"\"><\/div>\n\t\t\t<div class=\"container main-container\"><div class=\"wpb_column vc_column_container vc_col-sm-12 mo-column-6a031b6563902\"><div class=\"vc_column-inner\"><div class=\"wpb_wrapper\"  ><div class=\"wpb_wrapper-inner\"><div class=\"vc_empty_space\"   style=\"height: 75px\"><span class=\"vc_empty_space_inner\"><\/span><\/div>       \n      <div class=\"mo-title-box title-box-style1  text-center\"  ><h5>Franchir les fronti\u00e8res, rapprocher les gens<\/h5><h3>Circulaire du Congr\u00e8s international sur les migrations de main-d'\u0153uvre Projet COMPASS<\/h3> <\/div>\n    <div class=\"vc_empty_space\"   style=\"height: 75px\"><span class=\"vc_empty_space_inner\"><\/span><\/div><\/div><\/div><\/div><\/div><\/div><\/div><div class=\"vc_row wpb_row vc_row-fluid bg-light dark_txt svg_none svg_bottom_none  svg_bottom\"   >\n                  \n\t\t\t\t     \n\t\t\t\t<div class=\"mo-vc-row-ovelay\" style=\"\"><\/div>\n\t\t\t<div class=\"container main-container\"><div class=\"wpb_column vc_column_container vc_col-sm-12 mo-column-6a031b6563cbc\" id=\"Mario\"><div class=\"vc_column-inner\"><div class=\"wpb_wrapper\"  ><div class=\"wpb_wrapper-inner\"><div class=\"vc_empty_space\" id=\"jornada-1\"  style=\"height: 50px\"><span class=\"vc_empty_space_inner\"><\/span><\/div>\n\t<div class=\"wpb_text_column wpb_content_element\" >\n\t\t<div class=\"wpb_wrapper\">\n\t\t\t<p id=\"taller-doctorandos\" style=\"text-align: center;\">JEUDI 30 OCTOBRE 2025<\/p>\n\n\t\t<\/div>\n\t<\/div>\n       \n      <div class=\"mo-title-box title-box-style2  text-center\"  ><h3>I. OBJECTIF DU CONGR\u00c8S<\/h3> <\/div>\n    <div class=\"vc_empty_space\"   style=\"height: 50px\"><span class=\"vc_empty_space_inner\"><\/span><\/div>\n\t<div class=\"wpb_text_column wpb_content_element\" >\n\t\t<div class=\"wpb_wrapper\">\n\t\t\t<p><span class=\"Apple-converted-space\">\u00a0<\/span><b>COMPAS <\/b>est un projet du programme INTERREG MAC 2021-2027 dont l'objectif final est de mettre en place un Observatoire de la mobilit\u00e9 humaine entre les \u00eeles Canaries et l'Afrique. \u00c0 cette fin, nous abordons de mani\u00e8re globale le ph\u00e9nom\u00e8ne migratoire, en proposant des solutions qui favorisent la migration circulaire comme m\u00e9thode pour relever les d\u00e9fis qui se posent \u00e0 diff\u00e9rentes \u00e9tapes, depuis l'origine et le transit des migrants, jusqu'\u00e0 leur int\u00e9gration dans de nouvelles soci\u00e9t\u00e9s. Il s'agit d'intervenir dans l'espace de coop\u00e9ration qui comprend les \u00eeles Canaries, la Gambie, la Mauritanie et le S\u00e9n\u00e9gal, territoires qui sont des points d'origine, de transit et de destination des flux migratoires (46 843 personnes sont arriv\u00e9es par la mer en 2024, selon les donn\u00e9es du minist\u00e8re de l'int\u00e9rieur).<span class=\"Apple-converted-space\">\u00a0<\/span><\/p>\n<p>Comprendre et traiter de mani\u00e8re exhaustive les d\u00e9fis li\u00e9s \u00e0 la migration dans la r\u00e9gion, identifier les acteurs impliqu\u00e9s, d\u00e9tecter les bonnes pratiques, observer les lacunes et proposer des solutions innovantes pour faciliter la gestion de la migration r\u00e9guli\u00e8re dans l'espace de coop\u00e9ration COMPASS, nous permettra d'activer diff\u00e9rents m\u00e9canismes qui peuvent \u00eatre mis en place avec succ\u00e8s \u00e0 court et \u00e0 long terme, en promouvant la collaboration internationale et le bien-\u00eatre des populations migrantes et des communaut\u00e9s d'accueil. Le site web du projet se trouve ICI.<span class=\"Apple-converted-space\">\u00a0<\/span><\/p>\n<p>Pour atteindre cet objectif, l'Universit\u00e9 de Las Palmas de Gran Canaria et les partenaires du projet COMPASS organisent une r\u00e9union acad\u00e9mique et institutionnelle internationale ouverte \u00e0 la participation de tous les experts et groupes d'int\u00e9r\u00eat concern\u00e9s, et nous invitons tous les acteurs impliqu\u00e9s dans le ph\u00e9nom\u00e8ne sur les deux rives et dans le reste de l'Union europ\u00e9enne \u00e0 apporter leurs connaissances et leur r\u00e9flexion. L'activit\u00e9 est structur\u00e9e comme une approche acad\u00e9mique globale qui aborde la complexit\u00e9 de la migration dans les phases de transit et de destination. Cet \u00e9v\u00e9nement comprend \u00e0 la fois une r\u00e9union scientifique pour partager les connaissances, des sessions de travail conjointes et des ateliers de formation. <i>la mise en r\u00e9seau <\/i>entre les entit\u00e9s publiques et la publication ult\u00e9rieure du congr\u00e8s, qui sera le document d'analyse de base initial pour le d\u00e9veloppement du projet. La discussion th\u00e9matique explorera des aspects cruciaux tels que l'organisation \u00e9tatique des mouvements migratoires, les processus de formation des migrants, l'\u00e9valuation de la formation et de la demande de main-d'\u0153uvre dans les soci\u00e9t\u00e9s d'accueil, l'information pr\u00e9cise sur les processus migratoires s\u00fbrs, la communication et la sensibilisation sur les deux rives.<span class=\"Apple-converted-space\">\u00a0<\/span><\/p>\n<p><b>Axes th\u00e9matiques pour la pr\u00e9sentation des documents :<span class=\"Apple-converted-space\">\u00a0<\/span><\/b><b><\/b><\/p>\n<p>Chaque session comptera trois orateurs (20 minutes par communication) et jusqu'\u00e0 trois communications seront s\u00e9lectionn\u00e9es pour chaque session (5 minutes par communication), qui seront pr\u00e9sent\u00e9es publiquement. Le comit\u00e9 scientifique \u00e9valuera la pertinence de s\u00e9lectionner davantage de communications dans certaines sessions.<span class=\"Apple-converted-space\">\u00a0<\/span><\/p>\n<p>Les th\u00e8mes abord\u00e9s lors de chaque session seront de nature interdisciplinaire et viseront \u00e0 \u00e9tablir une interrelation entre les diff\u00e9rentes tables rondes sur le ph\u00e9nom\u00e8ne migratoire et ses d\u00e9fis. Nous proposons de r\u00e9fl\u00e9chir au contexte dans lequel s'inscrit chacun des th\u00e8mes propos\u00e9s, aux faiblesses et aux forces de la situation migratoire, aux bonnes pratiques \u00e0 suivre et au besoin d'\u00e9volution, tant sur le plan juridique qu'en termes de gestion de la situation actuelle.<span class=\"Apple-converted-space\">\u00a0<\/span><\/p>\n<p><b>SESSION 1. Cadre juridique et social, europ\u00e9en et africain, des migrations de travail<span class=\"Apple-converted-space\">\u00a0<\/span><\/b><b><\/b><\/p>\n<p>Jeudi 30 octobre 2025.<span class=\"Apple-converted-space\">\u00a0<\/span><\/p>\n<p>11 h 30 - 13 h 30<span class=\"Apple-converted-space\">\u00a0<\/span><\/p>\n<p>L'objectif de cette session est d'aborder les flux migratoires et les r\u00e9glementations en mati\u00e8re de migration de travail et de migration circulaire, tant dans le contexte de l'Union europ\u00e9enne que dans celui des pays limitrophes, avec une r\u00e9f\u00e9rence particuli\u00e8re aux cas espagnols et \u00e0 ceux des pays de la zone de coop\u00e9ration du projet. Conna\u00eetre les contextes politiques, sociaux et institutionnels des migrations de travail entre l'Europe et les pays africains.<span class=\"Apple-converted-space\">\u00a0<\/span><\/p>\n<p><b><i>Proposition de th\u00e8mes de communication :<span class=\"Apple-converted-space\">\u00a0<\/span><\/i><\/b><b><i><\/i><\/b><\/p>\n<p>\uf0b7 La r\u00e9glementation de l'UE en mati\u00e8re de migration de la main-d'\u0153uvre.<span class=\"Apple-converted-space\">\u00a0<\/span><\/p>\n<p>\uf0b7 La r\u00e9glementation des pays frontaliers europ\u00e9ens en mati\u00e8re de migration de la main-d'\u0153uvre.<span class=\"Apple-converted-space\">\u00a0<\/span><\/p>\n<p>\uf0b7 La r\u00e9glementation espagnole en mati\u00e8re de migration de la main-d'\u0153uvre.<span class=\"Apple-converted-space\">\u00a0<\/span><\/p>\n<p>\uf0b7 R\u00e9glementation espagnole en mati\u00e8re de migration circulaire de main-d'\u0153uvre.<span class=\"Apple-converted-space\">\u00a0<\/span><\/p>\n<p>\uf0b7 R\u00e9glementation africaine de la migration de la main-d'\u0153uvre.<span class=\"Apple-converted-space\">\u00a0<\/span><\/p>\n<p>\uf0b7 R\u00e9glementation des migrations de main-d'\u0153uvre en Gambie, en Mauritanie et au S\u00e9n\u00e9gal.<span class=\"Apple-converted-space\">\u00a0<\/span><\/p>\n<p>\uf0b7 Contexte institutionnel des migrations de travail entre l'UE et l'Afrique du Nord.<span class=\"Apple-converted-space\">\u00a0<\/span><\/p>\n<p>\uf0b7 Contexte politique des migrations de travail entre l'UE et l'Afrique du Nord.<span class=\"Apple-converted-space\">\u00a0<\/span><\/p>\n<p>\uf0b7 Contexte social des migrations de travail entre l'UE et l'Afrique du Nord.<span class=\"Apple-converted-space\">\u00a0<\/span><\/p>\n<p>\uf0b7 Cadre g\u00e9n\u00e9ral des migrations entre les \u00eeles Canaries, la Gambie, la Mauritanie et le S\u00e9n\u00e9gal.<span class=\"Apple-converted-space\">\u00a0<\/span><\/p>\n<p><b>SESSION 2. Contexte actuel des migrations et des routes du travail entre la Mauritanie, la Gambie, le S\u00e9n\u00e9gal et les \u00eeles Canaries.<span class=\"Apple-converted-space\">\u00a0<\/span><\/b><b><\/b><\/p>\n<p>Jeudi 30 octobre 2025.<span class=\"Apple-converted-space\">\u00a0<\/span><\/p>\n<p>16.00 - 18.00.<span class=\"Apple-converted-space\">\u00a0<\/span><\/p>\n<p>Cette session abordera les routes et les flux migratoires vers les \u00eeles Canaries en provenance de Gambie, de Mauritanie et du S\u00e9n\u00e9gal, en contemplant leurs caract\u00e9ristiques actuelles, en mettant l'accent sur leurs aspects historiques et socio-\u00e9conomiques. Elle analysera \u00e9galement les contextes institutionnel, politique, social, de collaboration institutionnelle et de la soci\u00e9t\u00e9 civile de la migration de main-d'\u0153uvre entre ces territoires et les exp\u00e9riences d\u00e9velopp\u00e9es, en analysant les succ\u00e8s et les erreurs, ainsi que les cl\u00e9s d'une \u00e9ventuelle gestion future de la migration circulaire de main-d'\u0153uvre.<span class=\"Apple-converted-space\">\u00a0<\/span><\/p>\n<p><b><i>Proposition de th\u00e8mes de communication :<span class=\"Apple-converted-space\">\u00a0<\/span><\/i><\/b><b><i><\/i><\/b><\/p>\n<p>\uf0b7 La route migratoire entre les \u00eeles Canaries, la Gambie, la Mauritanie et le S\u00e9n\u00e9gal.<span class=\"Apple-converted-space\">\u00a0<\/span><\/p>\n<p>\uf0b7 Profil des migrants sur la route entre les \u00eeles Canaries, la Gambie, la Mauritanie et le S\u00e9n\u00e9gal.<span class=\"Apple-converted-space\">\u00a0<\/span><\/p>\n<p>\uf0b7 Facteurs historiques de la route entre les \u00eeles Canaries, la Gambie, la Mauritanie et le S\u00e9n\u00e9gal.<span class=\"Apple-converted-space\">\u00a0<\/span><\/p>\n<p>\uf0b7 Facteurs de courant sur la route entre les \u00eeles Canaries, la Gambie, la Mauritanie et le S\u00e9n\u00e9gal.<span class=\"Apple-converted-space\">\u00a0<\/span><\/p>\n<p>\uf0b7 Conditions socio-\u00e9conomiques de l'itin\u00e9raire entre les \u00eeles Canaries, la Gambie, la Mauritanie et le S\u00e9n\u00e9gal.<span class=\"Apple-converted-space\">\u00a0<\/span><\/p>\n<p>\uf0b7 Contexte institutionnel des migrations de travail entre les \u00eeles Canaries, la Gambie, la Mauritanie et le S\u00e9n\u00e9gal.<span class=\"Apple-converted-space\">\u00a0<\/span><\/p>\n<p>\uf0b7 Contexte politique des migrations de travail entre les \u00eeles Canaries, la Gambie, la Mauritanie et le S\u00e9n\u00e9gal.<span class=\"Apple-converted-space\">\u00a0<\/span><\/p>\n<p>\uf0b7 Contexte social des migrations de travail entre les \u00eeles Canaries, la Gambie, la Mauritanie et le S\u00e9n\u00e9gal.<span class=\"Apple-converted-space\">\u00a0<\/span><\/p>\n<p>\uf0b7 Contexte de collaboration institutionnelle sur l'itin\u00e9raire entre les \u00eeles Canaries, la Gambie, la Mauritanie et le S\u00e9n\u00e9gal.<span class=\"Apple-converted-space\">\u00a0<\/span><\/p>\n<p>\uf0b7 Contexte de collaboration de la soci\u00e9t\u00e9 civile sur la route entre les \u00eeles Canaries, la Gambie, la Mauritanie et le S\u00e9n\u00e9gal.<span class=\"Apple-converted-space\">\u00a0<\/span><\/p>\n<p><b>SESSION 3. Opportunit\u00e9s de travail et besoins en mati\u00e8re de migration circulaire<span class=\"Apple-converted-space\">\u00a0<\/span><\/b><b><\/b><\/p>\n<p>Vendredi 31 octobre 2025.<span class=\"Apple-converted-space\">\u00a0<\/span><\/p>\n<p>09.00 - 11.00 heures<span class=\"Apple-converted-space\">\u00a0<\/span><\/p>\n<p>La troisi\u00e8me session vise \u00e0 fournir une vue d'ensemble du march\u00e9 du travail dans les territoires de l'espace de coop\u00e9ration, en mettant l'accent sur les besoins partag\u00e9s, en particulier en ce qui concerne la formation. Elle vise \u00e9galement \u00e0 explorer les opportunit\u00e9s de travail et les besoins des secteurs public et priv\u00e9, les opportunit\u00e9s de migration circulaire bilat\u00e9rale, le contexte juridique dans le domaine de la formation, ainsi qu'\u00e0 identifier les bonnes pratiques de formation pour une migration circulaire r\u00e9ussie, en tenant compte \u00e0 la fois du contexte socioprofessionnel et juridique des opportunit\u00e9s de formation.<\/p>\n<p><b><i>Proposition de th\u00e8mes de communication :<span class=\"Apple-converted-space\">\u00a0<\/span><\/i><\/b><b><i><\/i><\/b><\/p>\n<p>\uf0b7 Vue holistique du march\u00e9 du travail des deux c\u00f4t\u00e9s et besoins communs.<span class=\"Apple-converted-space\">\u00a0<\/span><\/p>\n<p>\uf0b7 Formation partag\u00e9e et n\u00e9cessaire des deux c\u00f4t\u00e9s.<span class=\"Apple-converted-space\">\u00a0<\/span><\/p>\n<p>\uf0b7 Possibilit\u00e9s et besoins d'emploi dans le contexte public.<span class=\"Apple-converted-space\">\u00a0<\/span><\/p>\n<p>\uf0b7 Possibilit\u00e9s d'emploi et besoins dans le contexte priv\u00e9.<span class=\"Apple-converted-space\">\u00a0<\/span><\/p>\n<p>\uf0b7 Des environnements propices \u00e0 la migration circulaire bilat\u00e9rale.<span class=\"Apple-converted-space\">\u00a0<\/span><\/p>\n<p>\uf0b7 Besoins en formation pour la migration circulaire.<span class=\"Apple-converted-space\">\u00a0<\/span><\/p>\n<p>\uf0b7 Le contexte juridique de la formation des migrants est reconnu sur les deux rives.<span class=\"Apple-converted-space\">\u00a0<\/span><\/p>\n<p>\uf0b7 Bonnes pratiques de formation pour une migration circulaire r\u00e9ussie.<span class=\"Apple-converted-space\">\u00a0<\/span><\/p>\n<p>\uf0b7 Contexte socioprofessionnel des opportunit\u00e9s de formation.<span class=\"Apple-converted-space\">\u00a0<\/span><\/p>\n<p>\uf0b7 Contexte juridique des possibilit\u00e9s de formation.<span class=\"Apple-converted-space\">\u00a0<\/span><\/p>\n<p><b>SESSION 4 : R\u00e9cits de migration sur la migration circulaire r\u00e9guli\u00e8re des deux c\u00f4t\u00e9s de la fronti\u00e8re<span class=\"Apple-converted-space\">\u00a0<\/span><\/b><b><\/b><\/p>\n<p>Vendredi 31 octobre 2025.<span class=\"Apple-converted-space\">\u00a0<\/span><\/p>\n<p>11 h 30 - 13 h 30<span class=\"Apple-converted-space\">\u00a0<\/span><\/p>\n<p>La quatri\u00e8me session traite des diff\u00e9rents r\u00e9cits existants sur les migrations de travail et de non-travail, \u00e0 la fois dans les territoires d'origine et d'accueil, en particulier dans la perspective des \u00eeles Canaries et de l'Europe. Elle cherche \u00e9galement \u00e0 aborder les r\u00e9cits de la construction d'itin\u00e9raires de formation utiles sur les deux rives et ceux li\u00e9s \u00e0 la formation significative des migrants. Nous recherchons \u00e9galement des th\u00e8mes qui soul\u00e8vent la combinaison du besoin, de l'opportunit\u00e9 et des attentes de la migration circulaire, ainsi que d'autres mod\u00e8les de construction narrative, des r\u00e9cits positifs, des bonnes pratiques, ainsi que des donn\u00e9es, des r\u00e9alit\u00e9s, des canulars et des manipulations dans les r\u00e9cits migratoires.<span class=\"Apple-converted-space\">\u00a0<\/span><\/p>\n<p><b><i>Proposition de th\u00e8mes de communication :<span class=\"Apple-converted-space\">\u00a0<\/span><\/i><\/b><b><i><\/i><\/b><\/p>\n<p>\uf0b7 Le r\u00e9cit africain actuel sur la migration, le travail et le non-travail.<span class=\"Apple-converted-space\">\u00a0<\/span><\/p>\n<p>\uf0b7 Le discours europ\u00e9en actuel sur les migrations de travailleurs et de non-travailleurs.<span class=\"Apple-converted-space\">\u00a0<\/span><\/p>\n<p>\uf0b7 Le r\u00e9cit actuel des Canaries sur les migrations de travailleurs et de non-travailleurs.<span class=\"Apple-converted-space\">\u00a0<\/span><\/p>\n<p>\uf0b7 R\u00e9cits pour la construction d'itin\u00e9raires de formation utiles des deux c\u00f4t\u00e9s.<span class=\"Apple-converted-space\">\u00a0<\/span><\/p>\n<p>\uf0b7 R\u00e9cits li\u00e9s \u00e0 l'autonomisation significative des migrants.<span class=\"Apple-converted-space\">\u00a0<\/span><\/p>\n<p>\uf0b7 La combinaison des besoins, des opportunit\u00e9s et des attentes dans la migration circulaire.<span class=\"Apple-converted-space\">\u00a0<\/span><\/p>\n<p>\uf0b7 Construire des r\u00e9cits alternatifs.<span class=\"Apple-converted-space\">\u00a0<\/span><\/p>\n<p>\uf0b7 Bonnes pratiques de r\u00e9cits constructifs dans la migration circulaire.<span class=\"Apple-converted-space\">\u00a0<\/span><\/p>\n<p>\uf0b7 Ateliers sur les r\u00e9cits de migration positifs.<span class=\"Apple-converted-space\">\u00a0<\/span><\/p>\n<p>\uf0b7 Donn\u00e9es, r\u00e9alit\u00e9s, canulars et manipulations dans les r\u00e9cits de migration.<span class=\"Apple-converted-space\">\u00a0<\/span><\/p>\n\n\t\t<\/div>\n\t<\/div>\n<div class=\"vc_empty_space\"   style=\"height: 50px\"><span class=\"vc_empty_space_inner\"><\/span><\/div>       \n      <div class=\"mo-title-box title-box-style2  text-center\"  ><h3>II. SOUMISSION ET ACCEPTATION DES PROPOSITIONS<\/h3> <\/div>\n    <div class=\"vc_empty_space\"   style=\"height: 50px\"><span class=\"vc_empty_space_inner\"><\/span><\/div>\n\t<div class=\"wpb_text_column wpb_content_element\" >\n\t\t<div class=\"wpb_wrapper\">\n\t\t\t<div><strong>Exigences formelles :\u00a0<\/strong><\/div>\n<div>Les propositions doivent \u00eatre individuelles et chaque personne ne peut soumettre qu'une seule proposition de communication.<\/div>\n<div>Pour la soumission d'une proposition, un fichier compress\u00e9 (zip\/rar) contenant trois documents en format word doit \u00eatre envoy\u00e9 :<\/div>\n<ol start=\"1\">\n<li>\n<div>Document contenant uniquement les informations suivantes : titre de la proposition et session \u00e0 laquelle elle est soumise, nom complet de l'auteur de la proposition, universit\u00e9, institution ou organisation d'origine.<\/div>\n<\/li>\n<li>Document avec le r\u00e9sum\u00e9 de la proposition de communication, dans lequel <u>le nom du proposant ne doit pas figurer sur le nom de la personne qui soumet la proposition<\/u>mais seulement le titre de la proposition, la session \u00e0 laquelle elle est soumise, le domaine de connaissance, son contenu et 3 \u00e0 5 mots-cl\u00e9s. Les propositions doivent comporter entre 1000 et 1500 mots.<\/li>\n<\/ol>\n<ol start=\"1\">\n<li>Court CV de l'auteur de la proposition (max. 3 pages).<\/li>\n<\/ol>\n<div>Le non-respect de ces exigences entra\u00eenera l'exclusion de la proposition.<\/div>\n<div><\/div>\n<div><\/div>\n<div><strong>Date limite et soumission des propositions :<\/strong><\/div>\n<div>Las propuestas podr\u00e1n remitirse del 30 de junio al 21 de julio de 2025 (incluido).<\/div>\n<div>Para el env\u00edo de su comunicaci\u00f3n entre en el siguiente enlace y siga las instrucciones al efecto.<\/div>\n\n\t\t<\/div>\n\t<\/div>\n     <div class=\"text-center\">\n       <a class=\"button btn-solid btn-txt-circle light hr_light bg_primary bg_hr_primary outline_grey outline_hr_grey medium radius5 linear\"  href=\"https:\/\/laspalmas.congresoseci.es\/compass\/envio-de-comunicaciones\" target=\"_self\"><span class=\"button-text\">Enviar Comunicaci\u00f3n<\/span>\n                            <\/a> \n\t <\/div>\n    \n\t<div class=\"wpb_text_column wpb_content_element\" >\n\t\t<div class=\"wpb_wrapper\">\n\t\t\t<div>Si la proposition de communication est accept\u00e9e, l'auteur devra s'inscrire au congr\u00e8s pour pouvoir la pr\u00e9senter.<\/div>\n<p>&nbsp;<\/p>\n<p><b>Contenu du mat\u00e9riel et \u00e9valuation : <\/b><b><\/b><\/p>\n<p>Le comit\u00e9 scientifique \u00e9valuera les propositions en fonction des crit\u00e8res suivants :<\/p>\n<p>1. la pertinence et l'opportunit\u00e9 par rapport au th\u00e8me g\u00e9n\u00e9ral du projet.<\/p>\n<p>2. Pertinence du sujet choisi par rapport au th\u00e8me de la session.<\/p>\n<p>3. Qualit\u00e9 de l'approche d\u00e9velopp\u00e9e dans la proposition.<\/p>\n<p>4. Originalit\u00e9 de la proposition.<\/p>\n<p>Le comit\u00e9 scientifique s\u00e9lectionnera trois propositions de communication pour une pr\u00e9sentation orale. Un maximum de trois propositions alternatives seront \u00e9galement s\u00e9lectionn\u00e9es pour une pr\u00e9sentation orale par session. Une d\u00e9cision \u00e0 ce sujet sera prise par le Comit\u00e9 scientifique au plus tard le 28 juillet 2025 par e-mail (veuillez vous assurer d'entrer une adresse e-mail valide) et sera communiqu\u00e9e :<\/p>\n<p>a) La s\u00e9lection de la proposition qui sera pr\u00e9sent\u00e9e oralement lors de la conf\u00e9rence.<\/p>\n<p>b) La s\u00e9lection de la proposition sans pr\u00e9sentation orale et en tant qu'alternative. Ces communications alternatives pourront participer avec leur travail \u00e0 la publication finale du Congr\u00e8s.<\/p>\n\n\t\t<\/div>\n\t<\/div>\n<div class=\"vc_empty_space\"   style=\"height: 50px\"><span class=\"vc_empty_space_inner\"><\/span><\/div>       \n      <div class=\"mo-title-box title-box-style2  text-center\"  ><h3>III. PUBLICATION<\/h3> <\/div>\n    <div class=\"vc_empty_space\"   style=\"height: 50px\"><span class=\"vc_empty_space_inner\"><\/span><\/div>\n\t<div class=\"wpb_text_column wpb_content_element\" >\n\t\t<div class=\"wpb_wrapper\">\n\t\t\t<p>L'acceptation de la proposition de communication pour une pr\u00e9sentation orale ou une substitution implique un engagement \u00e0 produire un texte \u00e9crit pour une publication ult\u00e9rieure dans le document acad\u00e9mique qui servira de base au d\u00e9veloppement ult\u00e9rieur du projet. Pour ce faire, le texte final de la communication devra \u00eatre envoy\u00e9 avant le 10 octobre 2025. Tous les textes soumis seront \u00e9valu\u00e9s par le Comit\u00e9 scientifique pour \u00eatre inclus dans l'ouvrage collectif.<span class=\"Apple-converted-space\">\u00a0<\/span><\/p>\n<p>Le texte int\u00e9gral doit \u00eatre pr\u00e9sent\u00e9 conform\u00e9ment aux normes de style des revues scientifiques li\u00e9es au sujet de chaque communication (droit, sociologie, psychologie, cadre institutionnel). Il ne doit pas d\u00e9passer 10 000 mots et doit \u00eatre soumis en Word, en Times New Roman 12 pour le corps du texte et 10 pour les notes de bas de page). Ils peuvent \u00eatre soumis en espagnol, en anglais ou en fran\u00e7ais.<span class=\"Apple-converted-space\">\u00a0<\/span><\/p>\n<p>Tras la celebraci\u00f3n del encuentro se conceder\u00e1 un plazo para la posibilidad de modificar puntualmente o adaptar la publicaci\u00f3n a los debates y puestas en com\u00fan surgidas en el mismo. Si hubiese alguna modificaci\u00f3n deber\u00e1 entregarse el nuevo documento 24 de noviembre de 2025. La comunicaci\u00f3n de la admisi\u00f3n de la propuesta para la publicaci\u00f3n final del documento se realizar\u00e1 el 15 de diciembre de 2025. Se espera contar con la publicaci\u00f3n en el primer semestre de 2026.<span class=\"Apple-converted-space\">\u00a0<\/span><\/p>\n\n\t\t<\/div>\n\t<\/div>\n<div class=\"vc_empty_space\"   style=\"height: 50px\"><span class=\"vc_empty_space_inner\"><\/span><\/div>       \n      <div class=\"mo-title-box title-box-style2  text-center\"  ><h3>III. TABLEAU DES DATES PERTINENTES<\/h3> <\/div>\n    <div class=\"vc_empty_space\"   style=\"height: 50px\"><span class=\"vc_empty_space_inner\"><\/span><\/div>\n\t<div class=\"wpb_text_column wpb_content_element\" >\n\t\t<div class=\"wpb_wrapper\">\n\t\t\t<p>Env\u00edo de propuestas: del 30 de junio al 21 de julio de 2025.<span class=\"Apple-converted-space\">\u00a0<\/span><\/p>\n<p>Date de communication de la s\u00e9lection des propositions 28 juillet 2025.<span class=\"Apple-converted-space\">\u00a0<\/span><\/p>\n<p>Date limite de soumission du texte int\u00e9gral : 10 octobre 2025.<span class=\"Apple-converted-space\">\u00a0<\/span><\/p>\n<p>Fecha l\u00edmite de entrega del texto completo tras el congreso: 24 de noviembre de 2025.<span class=\"Apple-converted-space\">\u00a0<\/span><\/p>\n<p>Fecha de decisi\u00f3n definitiva sobre la publicaci\u00f3n: 15 de diciembre de 2025.<span class=\"Apple-converted-space\">\u00a0<\/span><\/p>\n<p>Date de publication de l'ouvrage : premier semestre 2026.<span class=\"Apple-converted-space\">\u00a0<\/span><\/p>\n\n\t\t<\/div>\n\t<\/div>\n<\/div><\/div><\/div><\/div><\/div><\/div>\n<\/section>","protected":false},"excerpt":{"rendered":"Acercando fronteras, uniendo personasCongreso Internacional sobre Migraci\u00f3n Laboral Circular Proyecto COMPASS JUEVES, 30 DE OCTUBRE 2025 I. OBJETO DEL CONGRESO \u00a0COMPASS es un proyecto del programa INTERREG MAC 2021-2027 que tiene como finalidad \u00faltima la de constituir un Observatorio de la movilidad humana entre Canarias y \u00c1frica. Para ello abordamos integralmente el fen\u00f3meno migratorio, proponiendo [...]","protected":false},"author":1,"featured_media":0,"parent":0,"menu_order":0,"comment_status":"closed","ping_status":"closed","template":"","meta":{"_monsterinsights_skip_tracking":false,"_monsterinsights_sitenote_active":false,"_monsterinsights_sitenote_note":"","_monsterinsights_sitenote_category":0,"footnotes":""},"class_list":["post-1634","page","type-page","status-publish","hentry"],"_links":{"self":[{"href":"https:\/\/congresocompass.es\/fr\/wp-json\/wp\/v2\/pages\/1634","targetHints":{"allow":["GET"]}}],"collection":[{"href":"https:\/\/congresocompass.es\/fr\/wp-json\/wp\/v2\/pages"}],"about":[{"href":"https:\/\/congresocompass.es\/fr\/wp-json\/wp\/v2\/types\/page"}],"author":[{"embeddable":true,"href":"https:\/\/congresocompass.es\/fr\/wp-json\/wp\/v2\/users\/1"}],"replies":[{"embeddable":true,"href":"https:\/\/congresocompass.es\/fr\/wp-json\/wp\/v2\/comments?post=1634"}],"version-history":[{"count":12,"href":"https:\/\/congresocompass.es\/fr\/wp-json\/wp\/v2\/pages\/1634\/revisions"}],"predecessor-version":[{"id":1830,"href":"https:\/\/congresocompass.es\/fr\/wp-json\/wp\/v2\/pages\/1634\/revisions\/1830"}],"wp:attachment":[{"href":"https:\/\/congresocompass.es\/fr\/wp-json\/wp\/v2\/media?parent=1634"}],"curies":[{"name":"wp","href":"https:\/\/api.w.org\/{rel}","templated":true}]}}