{"id":879,"date":"2023-04-03T18:31:10","date_gmt":"2023-04-03T18:31:10","guid":{"rendered":"https:\/\/red-rabbit-524129.hostingersite.com\/?page_id=879"},"modified":"2025-09-24T07:57:30","modified_gmt":"2025-09-24T07:57:30","slug":"inscripcion","status":"publish","type":"page","link":"https:\/\/congresocompass.es\/en\/inscripcion\/","title":{"rendered":"Registration"},"content":{"rendered":"<section class=\"wpb-content-wrapper\"><div class=\"vc_row wpb_row vc_row-fluid vc_custom_1749585259255 vc_row-has-fill bg-grey dark_txt svg_none svg_bottom_none  svg_bottom\"   >\n                  \n\t\t\t\t     \n\t\t\t\t<div class=\"mo-vc-row-ovelay\" style=\"\"><\/div>\n\t\t\t<div class=\"container main-container\"><div class=\"wpb_column vc_column_container vc_col-sm-12 mo-column-6a031c8e906af\"><div class=\"vc_column-inner\"><div class=\"wpb_wrapper\"  ><div class=\"wpb_wrapper-inner\"><div class=\"vc_empty_space\"   style=\"height: 75px\"><span class=\"vc_empty_space_inner\"><\/span><\/div>       \n      <div class=\"mo-title-box title-box-style1  text-center\"  ><h3>Registration<\/h3><div class=\"content\"><strong>All persons attending the Congress must fill in the following form: <\/strong><\/div> <\/div>\n         <div class=\"text-center\">\n       <a class=\"button btn-solid btn-txt-circle light hr_light bg_primary bg_hr_primary outline_grey outline_hr_grey medium radius5 roll\"  href=\"https:\/\/forms.office.com\/pages\/responsepage.aspx?id=Vg4G2kZeXUeLdF-xh70hd2T_z538PBpKtRMFMF68Z-xUOUI5N1I0UzNYOTY3QVQ2SDlCTTUzUExCSy4u&#038;origin=lprLink&#038;route=shorturl\" target=\"_blank\"><span class=\"button-text\">LINK<\/span>\n                            <\/a> \n\t <\/div>\n    <div class=\"vc_empty_space\"   style=\"height: 75px\"><span class=\"vc_empty_space_inner\"><\/span><\/div><\/div><\/div><\/div><\/div><\/div><\/div><div class=\"vc_row wpb_row vc_row-fluid bg-light dark_txt svg_none svg_bottom_none  svg_bottom\"   >\n                  \n\t\t\t\t     \n\t\t\t\t<div class=\"mo-vc-row-ovelay\" style=\"\"><\/div>\n\t\t\t<div class=\"container main-container\"><div class=\"wpb_column vc_column_container vc_col-sm-12 mo-column-6a031c8e90912\"><div class=\"vc_column-inner\"><div class=\"wpb_wrapper\"  ><div class=\"wpb_wrapper-inner\"><div class=\"vc_empty_space\"   style=\"height: 32px\"><span class=\"vc_empty_space_inner\"><\/span><\/div>\n\t<div class=\"wpb_text_column wpb_content_element\" >\n\t\t<div class=\"wpb_wrapper\">\n\t\t\t<p style=\"font-weight: 400;\"><span style=\"font-weight: 400;\">La inscripci\u00f3n para asistir al Congreso se podr\u00e1 realizar a partir del 5 de junio de 2025 y hasta el 13 de octubre de 2025.<\/span><\/p>\n<table style=\"font-weight: 400; height: 610px;\" width=\"565\">\n<tbody>\n<tr>\n<td colspan=\"2\" width=\"531\"><strong>REGISTRATION FEES\u00a0<\/strong><\/td>\n<\/tr>\n<tr>\n<td width=\"464\"><span style=\"font-weight: 400;\">Members of the Organising and Scientific Committee <\/span><\/td>\n<td width=\"67\"><strong>Free<\/strong><\/td>\n<\/tr>\n<tr>\n<td width=\"464\"><span style=\"font-weight: 400;\">Project members<\/span><\/td>\n<td width=\"67\"><strong>Free<\/strong><\/td>\n<\/tr>\n<tr>\n<td width=\"464\">Speakers<\/td>\n<td width=\"67\"><strong>Free<\/strong><\/td>\n<\/tr>\n<tr>\n<td width=\"464\"><span style=\"font-weight: 400;\">Communicators with accepted communication<\/span><\/td>\n<td width=\"67\"><strong>Free<\/strong><\/td>\n<\/tr>\n<tr>\n<td width=\"464\"><span style=\"font-weight: 400;\">General registration <\/span><\/td>\n<td width=\"67\"><strong>50\u20ac\/75\u20ac**<\/strong><\/td>\n<\/tr>\n<tr>\n<td width=\"464\"><span style=\"font-weight: 400;\">Students in formal education and training*.<\/span><\/td>\n<td width=\"67\"><strong>25\u20ac\/50\u20ac**<\/strong><\/td>\n<\/tr>\n<tr>\n<td colspan=\"2\" width=\"531\">The registration fee <strong>includes:<\/strong><\/p>\n<p><span style=\"font-weight: 400;\">- attendance at the Conference<\/span><\/p>\n<p><span style=\"font-weight: 400;\">- the reception of the working material of the Conference<\/span><\/p>\n<p><span style=\"font-weight: 400;\">- refreshments during the break in the sessions<\/span><\/p>\n<p><span style=\"font-weight: 400;\">- thursday lunch<\/span><\/p>\n<p><span style=\"font-weight: 400;\">- the closing lunch on Friday (at no extra cost)<\/span><\/p>\n<p><span style=\"font-weight: 400;\">- the activities of the social agenda from Thursday to Saturday until full capacity is reached.<\/span><\/td>\n<\/tr>\n<\/tbody>\n<\/table>\n<p>&nbsp;<\/p>\n<p>**Se aplicar\u00e1 este nuevo precio a las inscripciones realizadas a partir del 5 de octubre de 2025.<\/p>\n<p><span style=\"font-weight: 400;\">*Proof of student status must be provided in the form of the corresponding registration.<\/span><\/p>\n<p style=\"font-weight: 400;\"><span style=\"font-weight: 400;\">Cancellation\/refund policy for the Conference registration fee: this will only be applicable in the case of duly justified reasons, assessed by the Conference Organising Committee.<\/span><\/p>\n<p><b>PAYMENT OF THE FEE<\/b><\/p>\n<p><b>Those who have submitted a paper proposal are kindly requested NOT to pay the registration fee until the Scientific Committee selects the papers finally accepted.\u00a0<\/b><\/p>\n<p><span style=\"font-weight: 400;\">The payment of the fee must be made at the following link:<\/span><\/p>\n\n\t\t<\/div>\n\t<\/div>\n<div class=\"vc_empty_space\"   style=\"height: 32px\"><span class=\"vc_empty_space_inner\"><\/span><\/div>     <div class=\"text-center\">\n       <a class=\"button btn-solid btn-txt-circle light hr_light bg_primary bg_hr_primary outline_grey outline_hr_grey medium radius5 roll\"  href=\"https:\/\/forms.office.com\/pages\/responsepage.aspx?id=Vg4G2kZeXUeLdF-xh70hd2T_z538PBpKtRMFMF68Z-xUOUI5N1I0UzNYOTY3QVQ2SDlCTTUzUExCSy4u&#038;origin=lprLink&#038;route=shorturl\" target=\"_blank\"><span class=\"button-text\">REGISTRATION<\/span>\n                            <\/a> \n\t <\/div>\n    <div class=\"vc_empty_space\"   style=\"height: 32px\"><span class=\"vc_empty_space_inner\"><\/span><\/div>\n\t<div class=\"wpb_text_column wpb_content_element\" >\n\t\t<div class=\"wpb_wrapper\">\n\t\t\t<p><b>CONTACT\u00a0<\/b><\/p>\n<p><span style=\"font-weight: 400;\">If you have any technical problem or doubt during the registration process, please contact the organisation at the following e-mail address:<\/span><\/p>\n<p><span style=\"font-weight: 400;\">\u00a0<a href=\"mailto:eventos_lpa@viajeseci.es\">eventos_lpa@viajeseci.es<\/a><\/span><\/p>\n\n\t\t<\/div>\n\t<\/div>\n<div class=\"vc_empty_space\"   style=\"height: 32px\"><span class=\"vc_empty_space_inner\"><\/span><\/div><\/div><\/div><\/div><\/div><\/div><\/div>\n<\/section>","protected":false},"excerpt":{"rendered":"Inscripci\u00f3nTodas las personas que asistir\u00e1n al Congreso deben rellenar el siguiente formulario: ENLACE La inscripci\u00f3n para asistir al Congreso se podr\u00e1 realizar a partir del 5 de junio de 2025 y hasta el 13 de octubre de 2025. CUOTAS INSCRIPCI\u00d3N\u00a0 Miembros del Comit\u00e9 Organizador y Cient\u00edfico Gratuito Miembros del proyecto Gratuito Ponentes Gratuito Comunicantes con [...]","protected":false},"author":1,"featured_media":0,"parent":0,"menu_order":0,"comment_status":"closed","ping_status":"closed","template":"","meta":{"_monsterinsights_skip_tracking":false,"_monsterinsights_sitenote_active":false,"_monsterinsights_sitenote_note":"","_monsterinsights_sitenote_category":0,"footnotes":""},"class_list":["post-879","page","type-page","status-publish","hentry"],"_links":{"self":[{"href":"https:\/\/congresocompass.es\/en\/wp-json\/wp\/v2\/pages\/879","targetHints":{"allow":["GET"]}}],"collection":[{"href":"https:\/\/congresocompass.es\/en\/wp-json\/wp\/v2\/pages"}],"about":[{"href":"https:\/\/congresocompass.es\/en\/wp-json\/wp\/v2\/types\/page"}],"author":[{"embeddable":true,"href":"https:\/\/congresocompass.es\/en\/wp-json\/wp\/v2\/users\/1"}],"replies":[{"embeddable":true,"href":"https:\/\/congresocompass.es\/en\/wp-json\/wp\/v2\/comments?post=879"}],"version-history":[{"count":30,"href":"https:\/\/congresocompass.es\/en\/wp-json\/wp\/v2\/pages\/879\/revisions"}],"predecessor-version":[{"id":1905,"href":"https:\/\/congresocompass.es\/en\/wp-json\/wp\/v2\/pages\/879\/revisions\/1905"}],"wp:attachment":[{"href":"https:\/\/congresocompass.es\/en\/wp-json\/wp\/v2\/media?parent=879"}],"curies":[{"name":"wp","href":"https:\/\/api.w.org\/{rel}","templated":true}]}}