{"id":809,"date":"2023-04-03T17:26:40","date_gmt":"2023-04-03T17:26:40","guid":{"rendered":"https:\/\/red-rabbit-524129.hostingersite.com\/?page_id=809"},"modified":"2025-06-18T15:15:31","modified_gmt":"2025-06-18T15:15:31","slug":"propuesta-comunicaciones","status":"publish","type":"page","link":"https:\/\/congresocompass.es\/en\/propuesta-comunicaciones\/","title":{"rendered":"Propuesta de Comunicaciones"},"content":{"rendered":"<section class=\"wpb-content-wrapper\"><div class=\"vc_row wpb_row vc_row-fluid vc_custom_1680774141274 vc_row-has-fill bg-grey dark_txt svg_none svg_bottom_none  svg_bottom\"   >\n                  \n\t\t\t\t     \n\t\t\t\t<div class=\"mo-vc-row-ovelay\" style=\"\"><\/div>\n\t\t\t<div class=\"container main-container\"><div class=\"wpb_column vc_column_container vc_col-sm-12 mo-column-69dec53672605\"><div class=\"vc_column-inner\"><div class=\"wpb_wrapper\"  ><div class=\"wpb_wrapper-inner\"><div class=\"vc_empty_space\"   style=\"height: 75px\"><span class=\"vc_empty_space_inner\"><\/span><\/div>       \n      <div class=\"mo-title-box title-box-style1  text-center\"  ><h3>Propuesta de Comunicaciones<\/h3> <\/div>\n    <div class=\"vc_empty_space\"   style=\"height: 75px\"><span class=\"vc_empty_space_inner\"><\/span><\/div><div class=\"vc_row wpb_row vc_inner vc_row-fluid sm_no_padding vc_custom_1596917051092 vc_column-gap-0\"   ><div class=\"wpb_column vc_column_container vc_col-sm-6 mo-column-69dec53672fe7\" data-parallax=\"true\" data-parallax-from='{\"translateY\":42}' data-parallax-to='{\"translateY\":-88}' data-parallax-options='{\"ease\":\"linear\",\"reverse\":true}'><div class=\"vc_column-inner\" ><div class=\"wpb_wrapper\">     <div class=\"text-center\">\n       <a class=\"button btn-solid btn-txt-circle light hr_light bg_primary bg_hr_dark outline_grey outline_hr_grey medium radius5 roll\"  href=\"https:\/\/red-rabbit-524129.hostingersite.com\/wp-content\/uploads\/2023\/04\/CALL-FOR-PAPERS-COMUNICACIONES-ESPANOL-.pdf\" target=\"_self\"><span class=\"button-text\">Descargar<\/span>\n                            <\/a> \n\t <\/div>\n    <\/div><\/div><\/div><div class=\"wpb_column vc_column_container vc_col-sm-6 mo-column-69dec536730b7\" data-parallax=\"true\" data-parallax-from='{\"translateY\":57}' data-parallax-to='{\"translateY\":-119}' data-parallax-options='{\"ease\":\"linear\",\"reverse\":true}'><div class=\"vc_column-inner\" ><div class=\"wpb_wrapper\">     <div class=\"text-center\">\n       <a class=\"button btn-border btn-txt-circle light hr_light bg_primary bg_hr_dark outline_grey outline_hr_grey medium radius5 roll\"  href=\"https:\/\/red-rabbit-524129.hostingersite.com\/wp-content\/uploads\/2023\/04\/CALL-FOR-PAPERS-COMUNICACIONES-INGLES.pdf\" target=\"_self\"><span class=\"button-text\">Download<\/span>\n                            <\/a> \n\t <\/div>\n    <\/div><\/div><\/div><\/div><\/div><\/div><\/div><\/div><\/div><\/div><div class=\"vc_row wpb_row vc_row-fluid bg-light dark_txt svg_none svg_bottom_none  svg_bottom\"   >\n                  \n\t\t\t\t     \n\t\t\t\t<div class=\"mo-vc-row-ovelay\" style=\"\"><\/div>\n\t\t\t<div class=\"container main-container\"><div class=\"wpb_column vc_column_container vc_col-sm-12 mo-column-69dec536732c4\"><div class=\"vc_column-inner\"><div class=\"wpb_wrapper\"  ><div class=\"wpb_wrapper-inner\"><div class=\"vc_empty_space\"   style=\"height: 75px\"><span class=\"vc_empty_space_inner\"><\/span><\/div>\n\t<div class=\"wpb_text_column wpb_content_element\" >\n\t\t<div class=\"wpb_wrapper\">\n\t\t\t<h4 style=\"font-weight: 400; text-align: center;\"><strong>El Derecho Internacional y las Relaciones Internacionales como respuesta a los desaf\u00edos de la nueva globalizaci\u00f3n<\/strong><\/h4>\n\n\t\t<\/div>\n\t<\/div>\n<div class=\"vc_empty_space\"   style=\"height: 75px\"><span class=\"vc_empty_space_inner\"><\/span><\/div>\n\t<div class=\"wpb_text_column wpb_content_element\" >\n\t\t<div class=\"wpb_wrapper\">\n\t\t\t<ol style=\"font-weight: 400;\">\n<li><strong>OBJETO DE LAS JORNADAS<\/strong><\/li>\n<\/ol>\n<p style=\"font-weight: 400;\">La Asociaci\u00f3n Espa\u00f1ola de Profesores de Derecho Internacional y Relaciones Internacionales, en colaboraci\u00f3n con la Universidad de Las Palmas de Gran Canaria, celebrar\u00e1 sus pr\u00f3ximas Jornadas ordinarias del 20 al 24 de septiembre de 2023, en las que se abordar\u00e1 el tema \u201cEl Derecho Internacional y las Relaciones Internacionales como respuesta a los desaf\u00edos de la nueva globalizaci\u00f3n\u201d.<\/p>\n<p style=\"font-weight: 400;\">El programa se estructura en torno a cinco sesiones de 90 minutos dedicadas a: 1. La nueva globalizaci\u00f3n, aproximaci\u00f3n y desaf\u00edos para el derecho internacional y las relaciones internacionales. 2. Soluci\u00f3n de conflictos en la era de la nueva globalizaci\u00f3n. 3. Retos econ\u00f3micos y energ\u00e9ticos en tiempos de la nueva globalizaci\u00f3n.\u00a04. Relaciones entre Estados y ciudadanos en la nueva globalizaci\u00f3n. 5. Conflictos humanitarios, migratorios y de refugiados en la era de la nueva globalizaci\u00f3n.<\/p>\n<p style=\"font-weight: 400;\"><strong>Thematic axes for the presentation of papers:<\/strong><\/p>\n<p style=\"font-weight: 400;\">Cada sesi\u00f3n contar\u00e1 con tres ponentes (20 minutos por ponencia) y se seleccionar\u00e1n para cada sesi\u00f3n hasta tres comunicaciones (5 minutos por comunicaci\u00f3n), que se presentar\u00e1n p\u00fablicamente.<\/p>\n<p style=\"font-weight: 400;\">Los temas que se tratar\u00e1n en cada sesi\u00f3n con car\u00e1cter interdisciplinar estar\u00e1n relacionados con los retos de la nueva globalizaci\u00f3n que surgir\u00e1 ante nosotros en estos tiempos de post conflictos y dificultades b\u00e9licas, sanitarias, clim\u00e1ticas, energ\u00e9ticas y de relaciones entre Estados y bloques. En ellas proponemos reflexionar sobre c\u00f3mo el Derecho Internacional P\u00fablico y Privado y las Relaciones Internacionales deben ser un eje vertebrador de gesti\u00f3n, regulaci\u00f3n y resoluci\u00f3n de conflictos de convivencia entre Estados, Organizaciones Internacionales y ciudadanos, a trav\u00e9s del debate acad\u00e9mico sobre la mejora de las relaciones internacionales entre los protagonistas de la sociedad internacional.<\/p>\n<p style=\"font-weight: 400;\"><strong>SESI\u00d3N 1. La nueva globalizaci\u00f3n, aproximaci\u00f3n y desaf\u00edos para el derecho internacional y las relaciones internacionales.<\/strong><\/p>\n<p style=\"font-weight: 400;\">Jueves 21 de septiembre de 2023.<\/p>\n<p style=\"font-weight: 400;\">12:00-13:30 horas.<\/p>\n<p style=\"font-weight: 400;\">Proposal of topics for communications:<\/p>\n<ul style=\"font-weight: 400;\">\n<li>La prohibici\u00f3n de la amenaza y el uso de la fuerza en la nueva globalizaci\u00f3n.<\/li>\n<li>El Derecho Internacional Humanitario en los conflictos globales de hoy.<\/li>\n<li>Derecho internacional privado y Derechos humanos en la nueva globalizaci\u00f3n.<\/li>\n<li>Responsabilidad civil internacional y el nuevo mundo global.<\/li>\n<li>Da\u00f1os en Internet, Metaverso e inteligencia artificial.<\/li>\n<li>El Derecho interregional ante las necesidades de la nueva globalizaci\u00f3n.<\/li>\n<li>Retos para el Derecho de familia y sucesiones en el siglo XXI.<\/li>\n<li>La teor\u00eda de las Relaciones Internacionales ante la nueva globalizaci\u00f3n.<\/li>\n<li>Desglobalizaci\u00f3n versus nueva globalizaci\u00f3n.<\/li>\n<li>Gobernanza, crisis de la globalizaci\u00f3n y postglobalizaci\u00f3n.<\/li>\n<li>Desaf\u00edos del orden internacional liberal en la era de la nueva globalizaci\u00f3n.<\/li>\n<li>Cooperaci\u00f3n interregional y regionalismo como respuesta a la crisis de la globalizaci\u00f3n.<\/li>\n<\/ul>\n<p style=\"font-weight: 400;\"><strong>SESI\u00d3N 2. Soluci\u00f3n de conflictos en la era de la nueva globalizaci\u00f3n.<\/strong><\/p>\n<p style=\"font-weight: 400;\">Jueves 21 de septiembre de 2023.<\/p>\n<p style=\"font-weight: 400;\">16:30-18:00 horas.<\/p>\n<p style=\"font-weight: 400;\">Proposal of topics for communications:<\/p>\n<ul style=\"font-weight: 400;\">\n<li>El papel de la CIJ en la nueva globalizaci\u00f3n.<\/li>\n<li>El papel del arbitraje internacional en la era de la nueva globalizaci\u00f3n.<\/li>\n<li>El TEDH, la CIDH y el CADHP en la era de la nueva globalizaci\u00f3n.<\/li>\n<li>El papel de la CPI en la era de la nueva globalizaci\u00f3n.<\/li>\n<li>El TIDM en la era de la nueva globalizaci\u00f3n.<\/li>\n<li>Tribunales penales ad hoc en la nueva globalizaci\u00f3n.<\/li>\n<li>El Derecho Internacional Privado como medio de resoluci\u00f3n de los nuevos conflictos globales.<\/li>\n<li>El nuevo Derecho procesal en la UE.<\/li>\n<li>Tutela judicial efectiva y acceso a la justicia en los conflictos internacionales.<\/li>\n<li>La ejecuci\u00f3n de resoluciones en un mundo en conflicto.<\/li>\n<li>El desarrollo de los MASC en la resoluci\u00f3n de conflictos internacionales.<\/li>\n<li>Relaciones Internacionales, globalizaci\u00f3n y conflictos.<\/li>\n<li>La seguridad internacional en la nueva globalizaci\u00f3n.<\/li>\n<li>Viejos y nuevos riesgos y amenazas en la era de la nueva globalizaci\u00f3n.<\/li>\n<li>Globalizaci\u00f3n, violencia y conflictos armados.<\/li>\n<\/ul>\n<p style=\"font-weight: 400;\"><strong>SESI\u00d3N 3. Retos econ\u00f3micos y energ\u00e9ticos en tiempos de la nueva globalizaci\u00f3n.<\/strong><\/p>\n<p style=\"font-weight: 400;\">Viernes 22 de septiembre de 2023.<\/p>\n<p style=\"font-weight: 400;\">10:00 \u2013 11.30 horas.<\/p>\n<p style=\"font-weight: 400;\">Proposal of topics for communications:<\/p>\n<ul style=\"font-weight: 400;\">\n<li>El papel de Naciones Unidas ante los nuevos retos econ\u00f3micos y energ\u00e9ticos.<\/li>\n<li>El papel de las organizaciones internacionales de car\u00e1cter regional -con particular referencia a la UE- ante los nuevos retos econ\u00f3micos y energ\u00e9ticos.<\/li>\n<li>El nuevo derecho econ\u00f3mico y los mercados financieros en un mundo global.<\/li>\n<li>Regulaci\u00f3n del comercio internacional en un mundo en conflicto.<\/li>\n<li>La empresa global y su regulaci\u00f3n en el \u00e1mbito internacional.<\/li>\n<li>Los derechos laborales ante el reto de la nueva regulaci\u00f3n.<\/li>\n<li>La regulaci\u00f3n de la energ\u00eda y la nueva ordenaci\u00f3n de su gesti\u00f3n.<\/li>\n<li>Retos y oportunidades de la nueva globalizaci\u00f3n econ\u00f3mica.<\/li>\n<li>Implicaciones econ\u00f3micas y geopol\u00edticas del nuevo escenario energ\u00e9tico.<\/li>\n<li>Transici\u00f3n energ\u00e9tica y sistema financiero.<\/li>\n<li>Repercusiones de la globalizaci\u00f3n en la reestructuraci\u00f3n de los mercados energ\u00e9ticos<\/li>\n<li>Consecuencias econ\u00f3micas y energ\u00e9ticas de la guerra de Ucrania.<\/li>\n<\/ul>\n<p style=\"font-weight: 400;\"><strong>\u00a0SESI\u00d3N 4. Relaciones entre Estados y ciudadanos en la nueva globalizaci\u00f3n.<\/strong><\/p>\n<p style=\"font-weight: 400;\">Viernes 22 de septiembre de 2023.<\/p>\n<p style=\"font-weight: 400;\">12:00 \u2013 13:30 horas.<\/p>\n<p style=\"font-weight: 400;\">Proposal of topics for communications:<\/p>\n<ul style=\"font-weight: 400;\">\n<li>El papel de la sociedad civil en el proceso de creaci\u00f3n de las normas internacionales.<\/li>\n<li>El papel de la sociedad civil en el proceso de aplicaci\u00f3n de las normas internacionales<\/li>\n<li>Protecci\u00f3n de datos y derechos de los ciudadanos en la nueva globalizaci\u00f3n.La intervenci\u00f3n de organismos p\u00fablicos en las relaciones privadas internacionales.<\/li>\n<li>Autoridades Centrales y derechos de los ciudadanos en conflictos privados internacionales.<\/li>\n<li>El papel de los \u00f3rganos jurisdiccionales en el Derecho internacional privado de la Uni\u00f3n Europea.El Registro Civil espa\u00f1ol en el Derecho internacional privado.<\/li>\n<li>Relaci\u00f3n entre individuo y Estado en el marco evolutivo de la sociedad internacional globalizada.<\/li>\n<li>La reconceptualizaci\u00f3n de las nuevas relaciones Estado\/ciudadano en la nueva globalizaci\u00f3n: evoluci\u00f3n del concepto ciudadano y ciudadan\u00eda<\/li>\n<li>El individuo como actor cr\u00edtico del proceso de globalizaci\u00f3n.<\/li>\n<li>La sociedad civil internacional.<\/li>\n<li>Los movimientos sociales transnacionales.<\/li>\n<\/ul>\n<p style=\"font-weight: 400;\"><strong>\u00a0SESI\u00d3N 5. Conflictos humanitarios, migratorios y de refugiados en la era de la nueva globalizaci\u00f3n<\/strong><\/p>\n<p style=\"font-weight: 400;\">Viernes 22 de septiembre de 2023.<\/p>\n<p style=\"font-weight: 400;\">15:30 \u2013 17:00 horas.<\/p>\n<ul style=\"font-weight: 400;\">\n<li>El papel de las Organizaciones Internacionales universales (particularmente OIM) en la gesti\u00f3n de las crisis humanitarias y migratorias.<\/li>\n<li>La pol\u00edtica migratoria y de asilo de la Uni\u00f3n Europea<\/li>\n<li>La jurisprudencia del TJUE y del TEDH en materia migratoria y de asilo<\/li>\n<li>Espa\u00f1a y su pol\u00edtica migratoria y de asilo<\/li>\n<li>Proyectos migratorios y Derecho de la nacionalidad.<\/li>\n<li>La UE y los desaf\u00edos migratorios derivados de la guerra de Ucrania.<\/li>\n<li>Migraciones internacionales y derechos de los migrantes.<\/li>\n<li>La protecci\u00f3n internacional al alcanzar los 100 millones de desplazados en el mundo.<\/li>\n<li>El derecho de asilo y las obligaciones de los Estados.<\/li>\n<li>La guerra en Ucrania y sus implicaciones para la globalizaci\u00f3n.<\/li>\n<li>Palestina, Sahara o Kosovo y los derechos de las personas en los conflictos territoriales del siglo XXI.<\/li>\n<li>An\u00e1lisis sist\u00e9mico de la importancia del fen\u00f3meno migratorio en la nueva globalizaci\u00f3n.<\/li>\n<li>Crisis migratorias y conflictos desde una perspectiva humanitaria.<\/li>\n<li>Procesos de globalizaci\u00f3n y gobernabilidad migratoria.<\/li>\n<li>Emergencia humanitarias y situaciones de conflicto.<\/li>\n<li>Migraciones, desplazamientos forzosos y conflictos armados.<\/li>\n<\/ul>\n<ol start=\"2\">\n<li><strong>ENV\u00cdO Y ACEPTACI\u00d3N DE PROPUESTAS<\/strong><\/li>\n<\/ol>\n<p style=\"font-weight: 400;\"><strong>\u00a0Formal requirements:\u00a0<\/strong><\/p>\n<p style=\"font-weight: 400;\">Las propuestas deber\u00e1n ser individuales y cada persona solo podr\u00e1 presentar una propuesta de comunicaci\u00f3n. S\u00ed est\u00e1 permitido enviar una propuesta a comunicaci\u00f3n y una a taller, por ejemplo.<\/p>\n<p style=\"font-weight: 400;\">For the submission of a proposal, a compressed file (zip\/rar) containing three documents in word format must be sent:<\/p>\n<ol style=\"font-weight: 400;\">\n<li>Documento conteniendo \u00fanicamente los datos siguientes: t\u00edtulo de la propuesta y sesi\u00f3n a la que se presenta, nombre completo de la persona proponente, Universidad de procedencia, posici\u00f3n acad\u00e9mica, referencia a si se tiene la condici\u00f3n de membres\u00eda de la AEPDIRI.<\/li>\n<li>Document with the summary of the communication proposal, in which\u00a0<u>the name of the proposer must not appear on the name of the person submitting the proposal<\/u>but only the title of the proposal, session to which it is submitted, area of knowledge, its content and 3-5 keywords. Proposals should be between 1000 and 1500 words in length.<\/li>\n<\/ol>\n<ol style=\"font-weight: 400;\">\n<li>Short CV of the proposer (max. 3 pages).<\/li>\n<\/ol>\n<p style=\"font-weight: 400;\">Non-compliance with these requirements will lead to the exclusion of the proposal.<\/p>\n<p style=\"font-weight: 400;\"><strong>Deadline and submission of proposals:<\/strong><\/p>\n<p style=\"font-weight: 400;\">Las propuestas podr\u00e1n remitirse del 15 de abril al 24 de mayo de 2023 (incluido).<\/p>\n<p style=\"font-weight: 400;\">Para vehicular el env\u00edo de comunicaciones ser\u00e1 necesaria el previo registro en la p\u00e1gina web de las Jornadas. Una vez realizado el registro, se crea un acceso privado para el env\u00edo de la propuesta que se confirma por email. El pago de la cuota de inscripci\u00f3n podr\u00e1 realizarse a trav\u00e9s del v\u00ednculo habilitado al efecto en la p\u00e1gina web, una vez se haya comunicado la aceptaci\u00f3n o no de la comunicaci\u00f3n.<\/p>\n<p style=\"font-weight: 400;\"><strong>Material content and evaluation:<\/strong><\/p>\n<p style=\"font-weight: 400;\">The Scientific Committee will evaluate the proposals according to the following criteria:<\/p>\n<ol style=\"font-weight: 400;\">\n<li>Pertinencia del tema elegido respecto de la tem\u00e1tica de la Sesi\u00f3n.<\/li>\n<li>Calidad del planteamiento desarrollado en la propuesta.<\/li>\n<li>Originalidad de la propuesta.<\/li>\n<\/ol>\n<p style=\"font-weight: 400;\">El Comit\u00e9 Cient\u00edfico seleccionar\u00e1 hasta un m\u00e1ximo de tres propuestas de comunicaci\u00f3n para su presentaci\u00f3n oral. Una propuesta por cada \u00e1rea. Tambi\u00e9n se seleccionar\u00e1 un m\u00e1ximo de tres propuestas suplentes para su exposici\u00f3n oral por Sesi\u00f3n. El Comit\u00e9 cient\u00edfico tomar\u00e1 una decisi\u00f3n sobre esta cuesti\u00f3n, a m\u00e1s tardar, el 19 de junio de 2023 por correo electr\u00f3nico (por favor aseg\u00farense de introducir un correo electr\u00f3nico v\u00e1lido) y ser\u00e1 comunicada:<\/p>\n<ol style=\"font-weight: 400;\">\n<li>a) The selection of the proposal to be presented orally at the Conference.<\/li>\n<li>b) La selecci\u00f3n de la propuesta sin presentaci\u00f3n oral y calidad de suplente.<\/li>\n<\/ol>\n<ol start=\"3\">\n<li><strong>PUBLICACI\u00d3N<\/strong><\/li>\n<\/ol>\n<p style=\"font-weight: 400;\">La aceptaci\u00f3n de la propuesta de comunicaci\u00f3n para su exposici\u00f3n oral o suplencia no implica la aceptaci\u00f3n para su publicaci\u00f3n. Si la persona comunicante desea la inclusi\u00f3n de su trabajo en la publicaci\u00f3n de la obra colectiva resultante de las jornadas ser\u00e1 necesaria la presentaci\u00f3n de un texto final de la comunicaci\u00f3n que deber\u00e1 enviarse antes del 5 de septiembre de 2023. Todas las comunicaciones presentadas por escrito ser\u00e1n evaluadas por el Comit\u00e9 cient\u00edfico para su inclusi\u00f3n en la obra colectiva.<\/p>\n<p style=\"font-weight: 400;\">El texto completo deber\u00e1 presentarse conforme a las normas de estilo de la REDI (<a href=\"http:\/\/www.revista-redi.es\/es\/normas-de-estilo\/\">http:\/\/www.revista-redi.es\/es\/normas-de-estilo\/<\/a>). Tendr\u00e1 una extensi\u00f3n m\u00e1xima de 5000 palabras y deber\u00e1 presentarse en Word, con tipo de fuente \u201cTimes New Roman\u201d 12 en el texto del cuerpo y 10 para notas a pie de p\u00e1gina).<\/p>\n<p style=\"font-weight: 400;\">La decisi\u00f3n final sobre la aceptaci\u00f3n o rechazo de la comunicaci\u00f3n a efectos de su inclusi\u00f3n en la obra resultante de las jornadas se comunicar\u00e1 antes del final del 1 de noviembre de 2023.<\/p>\n<ol start=\"4\">\n<li><strong>TABLE OF RELEVANT DATES<\/strong><\/li>\n<\/ol>\n<p style=\"font-weight: 400;\">Env\u00edo de propuestas: del 15 de abril al 24 de mayo de 2023<\/p>\n<p style=\"font-weight: 400;\">Fecha de comunicaci\u00f3n de selecci\u00f3n de propuestas: 19 de junio de 2023<\/p>\n<p style=\"font-weight: 400;\">Fecha l\u00edmite de entrega del texto completo: 05 de septiembre de 2023<\/p>\n<p style=\"font-weight: 400;\">Fecha de decisi\u00f3n definitiva sobre la publicaci\u00f3n: 1 de noviembre de 2023<\/p>\n\n\t\t<\/div>\n\t<\/div>\n<\/div><\/div><\/div><\/div><\/div><\/div>\n<\/section>","protected":false},"excerpt":{"rendered":"Propuesta de Comunicaciones Descargar Download El Derecho Internacional y las Relaciones Internacionales como respuesta a los desaf\u00edos de la nueva globalizaci\u00f3n OBJETO DE LAS JORNADAS La Asociaci\u00f3n Espa\u00f1ola de Profesores de Derecho Internacional y Relaciones Internacionales, en colaboraci\u00f3n con la Universidad de Las Palmas de Gran Canaria, celebrar\u00e1 sus pr\u00f3ximas Jornadas ordinarias del 20 al [...]","protected":false},"author":1,"featured_media":0,"parent":0,"menu_order":0,"comment_status":"closed","ping_status":"closed","template":"","meta":{"_monsterinsights_skip_tracking":false,"_monsterinsights_sitenote_active":false,"_monsterinsights_sitenote_note":"","_monsterinsights_sitenote_category":0,"footnotes":""},"class_list":["post-809","page","type-page","status-publish","hentry"],"_links":{"self":[{"href":"https:\/\/congresocompass.es\/en\/wp-json\/wp\/v2\/pages\/809","targetHints":{"allow":["GET"]}}],"collection":[{"href":"https:\/\/congresocompass.es\/en\/wp-json\/wp\/v2\/pages"}],"about":[{"href":"https:\/\/congresocompass.es\/en\/wp-json\/wp\/v2\/types\/page"}],"author":[{"embeddable":true,"href":"https:\/\/congresocompass.es\/en\/wp-json\/wp\/v2\/users\/1"}],"replies":[{"embeddable":true,"href":"https:\/\/congresocompass.es\/en\/wp-json\/wp\/v2\/comments?post=809"}],"version-history":[{"count":25,"href":"https:\/\/congresocompass.es\/en\/wp-json\/wp\/v2\/pages\/809\/revisions"}],"predecessor-version":[{"id":1274,"href":"https:\/\/congresocompass.es\/en\/wp-json\/wp\/v2\/pages\/809\/revisions\/1274"}],"wp:attachment":[{"href":"https:\/\/congresocompass.es\/en\/wp-json\/wp\/v2\/media?parent=809"}],"curies":[{"name":"wp","href":"https:\/\/api.w.org\/{rel}","templated":true}]}}