{"id":500,"date":"2020-08-29T22:15:29","date_gmt":"2020-08-29T22:15:29","guid":{"rendered":"https:\/\/motivoweb.com\/teba\/?page_id=500"},"modified":"2025-10-30T02:26:02","modified_gmt":"2025-10-30T02:26:02","slug":"programa","status":"publish","type":"page","link":"https:\/\/congresocompass.es\/en\/programa\/","title":{"rendered":"Program"},"content":{"rendered":"<section class=\"wpb-content-wrapper\"><div class=\"vc_row wpb_row vc_row-fluid vc_custom_1749641096272 vc_row-has-fill bg-grey dark_txt svg_none svg_bottom_none  svg_bottom\"   >\n                  \n\t\t\t\t     \n\t\t\t\t<div class=\"mo-vc-row-ovelay\" style=\"\"><\/div>\n\t\t\t<div class=\"container main-container\"><div class=\"wpb_column vc_column_container vc_col-sm-12 mo-column-6a031b3cd6dcc\"><div class=\"vc_column-inner\"><div class=\"wpb_wrapper\"  ><div class=\"wpb_wrapper-inner\"><div class=\"vc_empty_space\"   style=\"height: 75px\"><span class=\"vc_empty_space_inner\"><\/span><\/div>       \n      <div class=\"mo-title-box title-box-style1  text-center\"  ><h3>Program<\/h3> <\/div>\n    <div class=\"vc_empty_space\"   style=\"height: 75px\"><span class=\"vc_empty_space_inner\"><\/span><\/div>     <div class=\"text-center\">\n       <a class=\"button btn-solid btn-txt-circle light hr_light bg_primary bg_hr_primary outline_grey outline_hr_grey medium radius5 linear\"  href=\"https:\/\/congresocompass.es\/wp-content\/uploads\/2025\/10\/compass_programa_A5_ingles_v5-def.pdf\" target=\"_self\"><span class=\"button-text\">Download Program<\/span>\n                            <\/a> \n\t <\/div>\n    <\/div><\/div><\/div><\/div><\/div><\/div><div class=\"vc_row wpb_row vc_row-fluid vc_custom_1680540859599 vc_row-has-fill bg-grey dark_txt svg_none svg_bottom_none  svg_bottom\"   >\n                  \n\t\t\t\t     \n\t\t\t\t<div class=\"mo-vc-row-ovelay\" style=\"\"><\/div>\n\t\t\t<div class=\"container main-container\"><div class=\"wpb_column vc_column_container vc_col-sm-12 mo-column-6a031b3cd70ff\"><div class=\"vc_column-inner\"><div class=\"wpb_wrapper\"  ><div class=\"wpb_wrapper-inner\"><div class=\"vc_row wpb_row vc_inner vc_row-fluid sm_no_padding vc_custom_1596917051092 vc_column-gap-0\"   ><div class=\"wpb_column vc_column_container vc_col-sm-6 mo-column-6a031b3cd730c\"><div class=\"vc_column-inner\" ><div class=\"wpb_wrapper\">\t\t<div class=\"service iconbox   icon-box-style5\" >\n\t\t    \t\t  <div class=\"title-wrap\">\n\t\t\t   <h6>Thursday 30 October<\/h6>\t\t\t   <a class=\"button btn-absolute\" href=\"#jornada-1\" target=\"_self\"><span class=\"button-text\">Read More<\/span><\/a>          <\/div>\n\t\t<\/div>\n        <div class=\"clearfix\"><\/div>\n    <\/div><\/div><\/div><div class=\"wpb_column vc_column_container vc_col-sm-6 mo-column-6a031b3cd7409\"><div class=\"vc_column-inner\" ><div class=\"wpb_wrapper\">\t\t<div class=\"service iconbox   icon-box-style5\" >\n\t\t    \t\t  <div class=\"title-wrap\">\n\t\t\t   <h6>Friday 31 October<\/h6>\t\t\t   <a class=\"button btn-absolute\" href=\"#jornada-2\" target=\"_self\"><span class=\"button-text\">Read More<\/span><\/a>          <\/div>\n\t\t<\/div>\n        <div class=\"clearfix\"><\/div>\n    <\/div><\/div><\/div><\/div><\/div><\/div><\/div><\/div><\/div><\/div><div class=\"vc_row wpb_row vc_row-fluid bg-light dark_txt svg_none svg_bottom_none  svg_bottom\"   >\n                  \n\t\t\t\t     \n\t\t\t\t<div class=\"mo-vc-row-ovelay\" style=\"\"><\/div>\n\t\t\t<div class=\"container main-container\"><div class=\"wpb_column vc_column_container vc_col-sm-12 mo-column-6a031b3cd76c2\" id=\"Mario\"><div class=\"vc_column-inner\"><div class=\"wpb_wrapper\"  ><div class=\"wpb_wrapper-inner\"><div class=\"vc_empty_space\" id=\"jornada-1\"  style=\"height: 50px\"><span class=\"vc_empty_space_inner\"><\/span><\/div>\n\t<div class=\"wpb_text_column wpb_content_element\" >\n\t\t<div class=\"wpb_wrapper\">\n\t\t\t<p id=\"taller-doctorandos\" style=\"text-align: center;\">THURSDAY, 30 OCTOBER 2025<\/p>\n\n\t\t<\/div>\n\t<\/div>\n       \n      <div class=\"mo-title-box title-box-style2  text-center\"  ><h3>DAY 1<\/h3> <\/div>\n    <div class=\"vc_empty_space\"   style=\"height: 50px\"><span class=\"vc_empty_space_inner\"><\/span><\/div>\n\t<div class=\"wpb_text_column wpb_content_element\" >\n\t\t<div class=\"wpb_wrapper\">\n\t\t\t<p><b>09:00 \u2013 09:30 <\/b><b>Reception, registration, and distribution of materials<span class=\"Apple-converted-space\">\u00a0<\/span><\/b><b><\/b><\/p>\n<p><b>09:30 <\/b><b>Opening<span class=\"Apple-converted-space\">\u00a0<\/span><\/b><b><\/b><\/p>\n<p><b>10:00 \u2013 11:00 <\/b><b>Opening Panel<span class=\"Apple-converted-space\">\u00a0<\/span><\/b><b><\/b><\/p>\n<p>\u2022 Moderator : Lucas A. P\u00e9rez Mart\u00edn, Professor of Private International Law at\nULPGC<span class=\"Apple-converted-space\">\u00a0<\/span><\/p>\n<p>\u2022 Hans Van Loon, Honorary Professor at the Faculty of Law, University of Edinburgh;\nSecretary General of the Hague Conference from 1996 to 2013 <b>\u201cPresentation: International cooperation to regulate (circular) migration: Can\nprivate international law serve as a source of inspiration?\u201d<span class=\"Apple-converted-space\">\u00a0<\/span><\/b><b><\/b><\/p>\n<p>\u2022 Sara Bortoletti. Responsable de Pol\u00edticas de la Comisi\u00f3n Europea, Direcci\u00f3n General de Migraci\u00f3n y Asuntos de Interior, V\u00edas Legales e Integraci\u00f3n.<span class=\"Apple-converted-space\">\u00a0<\/span><\/p>\n<p><b>11:00 \u2013 11:30 <\/b><b>COFFEE BREAK<span class=\"Apple-converted-space\">\u00a0<\/span><\/b><b><\/b><\/p>\n<p><b>11:30 \u2013 13:30 <\/b><b>SESSION 1 Legal and Social Framework of Labor Migration in Europe and Africa<span class=\"Apple-converted-space\">\u00a0<\/span><\/b><b><\/b><\/p>\n<p>The aim of this session is to deal with migratory flows and the regulations of labour and circular migration, both in the context of the European Union and bordering countries, with special reference to the Spanish cases and those of the countries in the project's cooperation area. In addition to knowing the political, social and institutional contexts of labour migration between Europe and African countries.<span class=\"Apple-converted-space\">\u00a0<\/span><\/p>\n<p>\u2022 Moderator: Carmen Grau Pineda, Professor of Labour Law at ULPGC\nPresentations.<span class=\"Apple-converted-space\">\u00a0<\/span><\/p>\n<p>\u2022 Presentations.<\/p>\n<p style=\"padding-left: 40px;\">\u2022 Fabrizio Marongui. Professor of Private International Law at the University\nof Macerata <b>\u201cEl marco legislativo europeo de la migraci\u00f3n laboral regular con el norte de \u00c1frica: avances, retos y perspectivas\u201d<span class=\"Apple-converted-space\">\u00a0<\/span><\/b><\/p>\n<p style=\"padding-left: 40px;\">\u2022 Aurelia \u00c1lvarez Rodr\u00edguez, Professor of Private International Law at the\nUniversity of Le\u00f3n.<b>\u201cSpanish legislative framework for regular labour migration from Africa\u201d<\/b>.\u201d<span class=\"Apple-converted-space\">\u00a0<\/span><\/p>\n<p style=\"padding-left: 40px;\">\u2022 Djibril Mbaye. Professor at Cheikh Anta Diop University in Dakar. <b>\"Rethink <\/b><b>the legal and social framework of circular migration between Senegal and Spain\u201d<span class=\"Apple-converted-space\">\u00a0<\/span><\/b><\/p>\n<p>\u2022 Communications.<span class=\"Apple-converted-space\">\u00a0<\/span><\/p>\n<p style=\"padding-left: 40px;\">\u2022 Vladimir Eneraldo N\u00fa\u00f1ez Herrera, Assistant Professor of Private\nInternational Law at the University of La Laguna <b>\u201dSpanish regulation of circular migration: normative analysis and its use as a practical tool for managing labour flows\u201d<span class=\"Apple-converted-space\">\u00a0<\/span><\/b><b><\/b><\/p>\n<p style=\"padding-left: 40px;\">\u2022 Waldimeiry Correa da Silva, Full Professor of Public International Law at the University of Seville <b>\u201cAn intersectional and interdisciplinary perspective on Circular Labour Migration: Analysis of the Spanish case\u201d<span class=\"Apple-converted-space\">\u00a0<\/span><\/b><b><\/b><\/p>\n<p style=\"padding-left: 40px;\">\u2022 Antonio Quir\u00f3s Fons, Full Professor of Public International Law at the European University of Valencia, Honorary Consul of Croatia for the Valencian Community and the Region of Murcia <b>\u201cThe new EU Blue Card in the current international context: an opportunity to attract global talent\u201d<span class=\"Apple-converted-space\">\u00a0<\/span><\/b><b><\/b><\/p>\n<p>\u2022 Discussion.<span class=\"Apple-converted-space\">\u00a0<\/span><\/p>\n<p><b>14:00 \u2013 16:00 <\/b><b>LUNCH<span class=\"Apple-converted-space\">\u00a0<\/span><\/b><b><\/b><\/p>\n<p><b>16:00 \u2013 18:00 <\/b><b>SESSION 2 Current Context of Migratory and Labor Routes between Mauritania, Gambia, Senegal, and the Canary Islands<span class=\"Apple-converted-space\">\u00a0<\/span><\/b><b><\/b><\/p>\n<p>This session will address the migratory routes and flows to the Canary Islands from Gambia, Mauritania and Senegal, contemplating their current characteristics, with emphasis on their historical and socio-economic aspects. It will also analyse the institutional, political, social, institutional collaboration and civil society contexts of labour migration between these territories and the experiences developed, analysing successes and mistakes, as well as the keys to the possible future management of circular labour migration.<span class=\"Apple-converted-space\">\u00a0<\/span><\/p>\n<p>\u2022 Moderator: Almudena Naranjo Hern\u00e1ndez, Government of the Canary Islands<span class=\"Apple-converted-space\">\u00a0<\/span><\/p>\n<p>\u2022 Presentations.<span class=\"Apple-converted-space\">\u00a0<\/span><\/p>\n<p style=\"padding-left: 40px;\">\u2022 Josefina Dom\u00ednguez M\u00fajica, Professor of Human Geography at the University of Las Palmas de Gran Canaria <b>\u201cDemographic profiles and hidden realities of migration between the Canary Islands, Senegal, Mauritania, and Gambia\u201d<span class=\"Apple-converted-space\">\u00a0<\/span><\/b><b><\/b><\/p>\n<p style=\"padding-left: 40px;\">\u2022 Ana Mar\u00eda L\u00f3pez Sala, Researcher at the Spanish National Research Council (CSIC) <b>\u201cEvolution and future prospects of North African migration to Europe: Analysis of an underutilised potential\u201d<span class=\"Apple-converted-space\">\u00a0<\/span><\/b><b><\/b><\/p>\n<p style=\"padding-left: 40px;\">\u2022 Daniel Buraschi, Professor at the Faculty of Education, University of La Laguna<b>African migrants in the Canary Islands and labour discrimination: the experience of \u201cdifferential inclusion\u201d<span class=\"Apple-converted-space\">\u00a0<\/span><\/b><b><\/b><\/p>\n<p>\u2022 Communications.<span class=\"Apple-converted-space\">\u00a0<\/span><\/p>\n<p style=\"padding-left: 40px;\">\u2022 Abdoulaye Ngom, Lecturer and Researcher, Sociologist, Assane Seck University of Ziguinchor (Senegal) <b>\u201cA typical example of a policy to prevent irregular migration: circular migration between Senegal and Spain\u201d<span class=\"Apple-converted-space\">\u00a0<\/span><\/b><b><\/b><\/p>\n<p style=\"padding-left: 40px;\">\u2022 Sebasti\u00e1n Eustaquio Mart\u00edn P\u00e9rez, PhD candidate in Medical and Pharmaceutical Sciences, University of La Laguna Isidro Miguel Mart\u00edn P\u00e9rez, PhD candidate in Medical and Pharmaceutical Sciences, University of La Laguna <b>\u201cSociodemographic profile of unaccompanied migrant adolescents with indeterminate age in the Canary Islands: empirical analysis and challenges for institutional protection\u201d<span class=\"Apple-converted-space\">\u00a0<\/span><\/b><b><\/b><\/p>\n<p style=\"padding-left: 40px;\">\u2022 Mercedes \u00c1ngeles Rodr\u00edguez Rodr\u00edguez, Associate Professor of Geography, University of Las Palmas de Gran Canaria Josefina Dom\u00ednguez M\u00fajica, Professor of Human Geography, University of Las Palmas de Gran Canaria <b>\u201cMigration of university students from West Africa for professional specialisation purposes\u201d<span class=\"Apple-converted-space\">\u00a0<\/span><\/b><b><\/b><\/p>\n<p>\u2022 Discussion.<\/p>\n<p><b>18:00 \u2013 18:30 <\/b>Moderator: Nasara Cabrera Abu, Professor of Sociology at ULPGC<span class=\"Apple-converted-space\">\u00a0<\/span><\/p>\n<p><b>INTERREG MAC 21\u201327, COMPASS\u2013SEIMLAB, Cross-cutting Experiences: African countries receiving migration, the case of Cape Verde<span class=\"Apple-converted-space\">\u00a0<\/span><\/b><b><\/b><\/p>\n<p>\u2022 Angela Lisboa Ramos Valentim, Coordinator of the Department of Studies, Projects, Cooperation and International Relations at the High Authority for\nImmigration of Cape Verde<span class=\"Apple-converted-space\">\u00a0<\/span><\/p>\n<p>\u2022 Clementina Furtado, PhD in Political and Social Sciences, Assistant Professor in the GOT FCT programme at the University of Cape Verde<span class=\"Apple-converted-space\">\u00a0<\/span><\/p>\n<p>\u2022 Discussion.<span class=\"Apple-converted-space\">\u00a0<\/span><\/p>\n<p><b>18:30 <\/b><b>End of the day<\/b>.<\/p>\n\n\t\t<\/div>\n\t<\/div>\n<\/div><\/div><\/div><\/div><\/div><\/div><div class=\"vc_row wpb_row vc_row-fluid bg-light dark_txt svg_none svg_bottom_none  svg_bottom\"   >\n                  \n\t\t\t\t     \n\t\t\t\t<div class=\"mo-vc-row-ovelay\" style=\"\"><\/div>\n\t\t\t<div class=\"container main-container\"><div class=\"wpb_column vc_column_container vc_col-sm-12 mo-column-6a031b3cd8075\"><div class=\"vc_column-inner\"><div class=\"wpb_wrapper\"  ><div class=\"wpb_wrapper-inner\"><div class=\"vc_empty_space\" id=\"jornada-2\"  style=\"height: 50px\"><span class=\"vc_empty_space_inner\"><\/span><\/div>\n\t<div class=\"wpb_text_column wpb_content_element\" >\n\t\t<div class=\"wpb_wrapper\">\n\t\t\t<p id=\"taller-doctorandos\" style=\"text-align: center;\">FRIDAY, 31 OCTOBER 2025<\/p>\n\n\t\t<\/div>\n\t<\/div>\n       \n      <div class=\"mo-title-box title-box-style2  text-center\"  ><h3>DAY 2<\/h3> <\/div>\n    <div class=\"vc_empty_space\"   style=\"height: 50px\"><span class=\"vc_empty_space_inner\"><\/span><\/div>\n\t<div class=\"wpb_text_column wpb_content_element\" >\n\t\t<div class=\"wpb_wrapper\">\n\t\t\t<p><b>09:00 \u2013 11:00 \u00a0 <\/b><b>SESSION 3. Labour opportunities and needs for circular migration<span class=\"Apple-converted-space\">\u00a0<\/span><\/b><b><\/b><\/p>\n<p>The third session aims to provide an overview of the labour market in the territories of the cooperation space, with an emphasis on shared needs, especially with regard to training. It also seeks to explore the labour opportunities and needs of the public and private sectors; the opportunity environments for bilateral circular migration; the legal context in the field of training; as well as to identify good training practices for successful circular migration, considering both the socio-training and legal context of training opportunities.<span class=\"Apple-converted-space\">\u00a0<\/span><\/p>\n<p>\u2022 Moderator: Carmen Gonz\u00e1lez Hern\u00e1ndez, COMPASS Coordinator, Chamber of Commerce of Gran Canaria<span class=\"Apple-converted-space\">\u00a0<\/span><\/p>\n<p>\u2022 Presentations.<span class=\"Apple-converted-space\">\u00a0<\/span><\/p>\n<p style=\"padding-left: 40px;\">\u2022 Luis Padilla Macabeo. Director General for Relations with Africa, Government of the Canary Islands. <b>\u201c Training experiences on both shores: Educational initiatives for fair and sustainable labour migration\u201d<span class=\"Apple-converted-space\">\u00a0<\/span><\/b><b><\/b><\/p>\n<p style=\"padding-left: 40px;\">\u2022 Mouhamadou Lamine Bara Lo, Director General of the National Office for Vocational Training of Senegal (ONFP)<b>\u201cTraining needs of the Senegalese population in the context of labour migration routes between Mauritania and the Canary Islands\u201d<span class=\"Apple-converted-space\">\u00a0<\/span><\/b><b><\/b><\/p>\n<p style=\"padding-left: 40px;\">\u2022 Abdel Fettah. Director General of the National Employment Agency of Mauritania (TECHGHIL)<b>\u201cTraining and labour migration: Current and future training needs of Mauritanian and Gambian professionals\u201d<span class=\"Apple-converted-space\">\u00a0<\/span><\/b><b><\/b><\/p>\n<p>\u2022 Communications.<span class=\"Apple-converted-space\">\u00a0<\/span><\/p>\n<p style=\"padding-left: 40px;\">\u2022 Luis Miguel Ram\u00edrez Ramos, Professor at the University of Las Palmas de Gran Canaria<b>\u201cTraining needs for circular migration\u201d<span class=\"Apple-converted-space\">\u00a0<\/span><\/b><\/p>\n<p style=\"padding-left: 40px;\">\u2022 Mar\u00eda Carmen Parra Rodr\u00edguez, Full Professor of Private International Law at Abat Oliba CEU University<b>\u201cCircular migration as a strategy for women\u2019s empowerment and tourism development in Gambia\u201d<span class=\"Apple-converted-space\">\u00a0<\/span><\/b><b><\/b><\/p>\n<p style=\"padding-left: 40px;\">\u2022 David Melian Castellano<b>. <\/b>PhD candidate in Legal and Social Sciences at ULPGC <b>\u201cUnaccompanied children and adolescents on the Canary migration route: Training challenges for employment opportunities in regular, orderly, and safe migration\u201d<span class=\"Apple-converted-space\">\u00a0<\/span><\/b><\/p>\n<p>\u2022 Discussion.<span class=\"Apple-converted-space\">\u00a0<\/span><\/p>\n<p><b>11:00 \u2013 11:30 <\/b><b>COFFEE BREAK<span class=\"Apple-converted-space\">\u00a0<\/span><\/b><b><\/b><\/p>\n<p><b>11:30 \u2013 13:30 <\/b><b>SESSION 4. Migration narratives on regular circular migration on both sides of the border<span class=\"Apple-converted-space\">\u00a0<\/span><\/b><b><\/b><\/p>\n<p>The fourth session deals with the different existing narratives on labour and non-labour migration, both from the sending and receiving territories, specifically from the Canary Islands and European perspective. It also seeks to talk about the narratives of the construction of useful training itineraries on both shores and those linked to the significant training of migrants. We are also looking for themes that raise the combination of need, opportunity and expectations of circular migration; as well as other models of narrative construction, positive narratives, good practices; as well as data, realities, hoaxes and manipulations in migratory narratives.<span class=\"Apple-converted-space\">\u00a0<\/span><\/p>\n<p>\u2022 Moderator: \u00c1ngeles Jurado, Head of Culture and Education at Casa \u00c1frica<span class=\"Apple-converted-space\">\u00a0<\/span><\/p>\n<p>\u2022 Presentations.<span class=\"Apple-converted-space\">\u00a0<\/span><\/p>\n<p style=\"padding-left: 40px;\">\u2022 Aminetou Bilal. Head of Missions at the Cabinet of the Minister of Vocational Training, Handicrafts and Trades, Government of Mauritania. <b>\u201cVocational training in Mauritania: opportunities, gaps, and prospects.\u201d<span class=\"Apple-converted-space\">\u00a0<\/span><\/b><b><\/b><\/p>\n<p style=\"padding-left: 40px;\">\u2022 Odome Angone, Researcher and lecturer at Cheikh Anta Diop University in Dakar, specialist in Hispanic studies <b>\u201cBuilding rights-respecting narratives from both shores: Reality and myth in migration\u201d<span class=\"Apple-converted-space\">\u00a0<\/span><\/b><b><\/b><\/p>\n<p style=\"padding-left: 40px;\">\u2022 Lang Sangyang, Gambian lecturer <b>\u201cTraining needs of the Gambian population and circular migration narratives\u201d<span class=\"Apple-converted-space\">\u00a0<\/span><\/b><\/p>\n<p>\u2022 Communications.<span class=\"Apple-converted-space\">\u00a0<\/span><\/p>\n<p style=\"padding-left: 40px;\">\u2022 Marina D\u00edaz Peralta &amp; Gracia Pi\u00f1ero Pi\u00f1ero, Spanish language lecturers at the University of Las Palmas de Gran Canaria <b>\u201cCircular migration in the media of the Canary Islands: A narrative of solidarity or xenophobia?\u201d<span class=\"Apple-converted-space\">\u00a0<\/span><\/b><b><\/b><\/p>\n<p style=\"padding-left: 40px;\">\u2022 Alessandro Indelicato, Postdoctoral researcher at the University of Las Palmas de Gran Canaria <b>\u201cPolarised narratives on migration: A perspective from Africa towards the Canary Islands\u201d<span class=\"Apple-converted-space\">\u00a0<\/span><\/b><b><\/b><\/p>\n<p style=\"padding-left: 40px;\">\u2022 Carmelo Faleh P\u00e9rez, Professor of Public International Law at the University of Las Palmas de Gran Canaria <b>\u201cThe international obligation to combat disinformation that incites hatred against migrants and disrupts social peace in host countries\u201d<span class=\"Apple-converted-space\">\u00a0<\/span><\/b><b><\/b><\/p>\n<p>\u2022 Discussion.<span class=\"Apple-converted-space\">\u00a0<\/span><\/p>\n<p><b>13:30 \u2013 14:00 <\/b><b>Closing Session of the Congress.<span class=\"Apple-converted-space\">\u00a0<\/span><\/b><b><\/b><\/p>\n<p><b>14:30 \u2013 17:00 <\/b><b>Closing Lunch of the Congress at the Santa Catalina Hotel.<span class=\"Apple-converted-space\">\u00a0<\/span><\/b><\/p>\n\n\t\t<\/div>\n\t<\/div>\n<\/div><\/div><\/div><\/div><\/div><\/div><div class=\"vc_row wpb_row vc_row-fluid bg-light dark_txt svg_none svg_bottom_none  svg_bottom\"   >\n                  \n\t\t\t\t     \n\t\t\t\t<div class=\"mo-vc-row-ovelay\" style=\"\"><\/div>\n\t\t\t<div class=\"container main-container\"><div class=\"wpb_column vc_column_container vc_col-sm-12 mo-column-6a031b3cd87ed\"><div class=\"vc_column-inner\"><div class=\"wpb_wrapper\"  ><div class=\"wpb_wrapper-inner\"><div class=\"vc_empty_space\"   style=\"height: 50px\"><span class=\"vc_empty_space_inner\"><\/span><\/div>       \n      <div class=\"mo-title-box title-box-style2  text-center\"  ><h3>Deadline and submission of proposals:<\/h3> <\/div>\n    \n\t<div class=\"wpb_text_column wpb_content_element\" >\n\t\t<div class=\"wpb_wrapper\">\n\t\t\t<p>Proposals may be submitted from 25 June to 21 July 2025 (inclusive).<span class=\"Apple-converted-space\">\u00a0<\/span><\/p>\n<p>In order to be able to send papers, it will be necessary to register for the conference on the conference website.<span class=\"Apple-converted-space\">\u00a0<\/span><\/p>\n\n\t\t<\/div>\n\t<\/div>\n<\/div><\/div><\/div><\/div><\/div><\/div><div class=\"vc_row wpb_row vc_row-fluid bg-light dark_txt svg_none svg_bottom_none  svg_bottom\"   >\n                  \n\t\t\t\t     \n\t\t\t\t<div class=\"mo-vc-row-ovelay\" style=\"\"><\/div>\n\t\t\t<div class=\"container main-container\"><div class=\"wpb_column vc_column_container vc_col-sm-12 mo-column-6a031b3cd8a83\"><div class=\"vc_column-inner\"><div class=\"wpb_wrapper\"  ><div class=\"wpb_wrapper-inner\"><div class=\"vc_empty_space\"   style=\"height: 50px\"><span class=\"vc_empty_space_inner\"><\/span><\/div>       \n      <div class=\"mo-title-box title-box-style2  text-center\"  ><h3>Material content and evaluation:<\/h3> <\/div>\n    \n\t<div class=\"wpb_text_column wpb_content_element\" >\n\t\t<div class=\"wpb_wrapper\">\n\t\t\t<p>The Scientific Committee will evaluate the proposals according to the following criteria:<span class=\"Apple-converted-space\">\u00a0<\/span><\/p>\n<p>1. Relevance and timeliness in relation to the overall project theme.<span class=\"Apple-converted-space\">\u00a0<\/span><\/p>\n<p>2. Relevance of the chosen topic to the theme of the session.<span class=\"Apple-converted-space\">\u00a0<\/span><\/p>\n<p>3. Quality of the approach developed in the proposal.<span class=\"Apple-converted-space\">\u00a0<\/span><\/p>\n<p>4. Originality of the proposal.<span class=\"Apple-converted-space\">\u00a0<\/span><\/p>\n<p>The Scientific Committee will select three paper proposals for oral presentation. A maximum of three alternate proposals will also be selected for oral presentation per Session. A decision on this matter will be taken by the Scientific Committee by 28 July 2025 at the latest by e-mail (please make sure to enter a valid e-mail address) and will be communicated:<span class=\"Apple-converted-space\">\u00a0<\/span><\/p>\n<p>a) The selection of the proposal to be presented orally at the Conference.<span class=\"Apple-converted-space\">\u00a0<\/span><\/p>\n<p>b) The selection of the proposal without oral presentation and as an alternate. These alternate papers will be able to participate with their work in the final publication of the Congress.<span class=\"Apple-converted-space\">\u00a0<\/span><\/p>\n\n\t\t<\/div>\n\t<\/div>\n<\/div><\/div><\/div><\/div><\/div><\/div><div class=\"vc_row wpb_row vc_row-fluid bg-light dark_txt svg_none svg_bottom_none  svg_bottom\"   >\n                  \n\t\t\t\t     \n\t\t\t\t<div class=\"mo-vc-row-ovelay\" style=\"\"><\/div>\n\t\t\t<div class=\"container main-container\"><div class=\"wpb_column vc_column_container vc_col-sm-12 mo-column-6a031b3cd8da6\"><div class=\"vc_column-inner\"><div class=\"wpb_wrapper\"  ><div class=\"wpb_wrapper-inner\"><\/div><\/div><\/div><\/div><\/div><\/div>\n<\/section>","protected":false},"excerpt":{"rendered":"Programa Descargar Programa Jueves 30 de octubre Read More Viernes 31 de octubre Read More JUEVES, 30 DE OCTUBRE 2025 JORNADA 1 09:00 \u2013 09:30 Recepci\u00f3n, inscripci\u00f3n y entrega de documentaci\u00f3n\u00a0 09:30 Inauguraci\u00f3n\u00a0 10:00 \u2013 11:00 Mesa inaugural\u00a0 \u2022 Moderador. Lucas A. P\u00e9rez Mart\u00edn. Profesor de Derecho Internacional Privado de la ULPGC\u00a0 \u2022 Hans Van [...]","protected":false},"author":1,"featured_media":0,"parent":0,"menu_order":0,"comment_status":"closed","ping_status":"closed","template":"","meta":{"_monsterinsights_skip_tracking":false,"_monsterinsights_sitenote_active":false,"_monsterinsights_sitenote_note":"","_monsterinsights_sitenote_category":0,"footnotes":""},"class_list":["post-500","page","type-page","status-publish","hentry"],"_links":{"self":[{"href":"https:\/\/congresocompass.es\/en\/wp-json\/wp\/v2\/pages\/500","targetHints":{"allow":["GET"]}}],"collection":[{"href":"https:\/\/congresocompass.es\/en\/wp-json\/wp\/v2\/pages"}],"about":[{"href":"https:\/\/congresocompass.es\/en\/wp-json\/wp\/v2\/types\/page"}],"author":[{"embeddable":true,"href":"https:\/\/congresocompass.es\/en\/wp-json\/wp\/v2\/users\/1"}],"replies":[{"embeddable":true,"href":"https:\/\/congresocompass.es\/en\/wp-json\/wp\/v2\/comments?post=500"}],"version-history":[{"count":109,"href":"https:\/\/congresocompass.es\/en\/wp-json\/wp\/v2\/pages\/500\/revisions"}],"predecessor-version":[{"id":1920,"href":"https:\/\/congresocompass.es\/en\/wp-json\/wp\/v2\/pages\/500\/revisions\/1920"}],"wp:attachment":[{"href":"https:\/\/congresocompass.es\/en\/wp-json\/wp\/v2\/media?parent=500"}],"curies":[{"name":"wp","href":"https:\/\/api.w.org\/{rel}","templated":true}]}}