{"id":192,"date":"2020-08-14T23:40:34","date_gmt":"2020-08-14T23:40:34","guid":{"rendered":"https:\/\/motivoweb.com\/teba\/?page_id=192"},"modified":"2025-07-03T11:19:50","modified_gmt":"2025-07-03T11:19:50","slug":"home","status":"publish","type":"page","link":"https:\/\/congresocompass.es\/en\/","title":{"rendered":"Home"},"content":{"rendered":"<section class=\"wpb-content-wrapper\"><div class=\"vc_row wpb_row vc_row-fluid vc_custom_1749581842897 vc_row-has-fill bg-light dark_txt svg_none svg_bottom_none  svg_bottom\"   >\n                  \n\t\t\t\t   <div class=\"particles2\"><span class=\"shape-one\"><\/span><span class=\"shape-two\"><\/span><span class=\"shape-three\"><\/span><span class=\"shape-four\"><\/span><span class=\"shape-five\"><\/span><\/div>  \n\t\t\t\t<div class=\"mo-vc-row-ovelay\" style=\"\"><\/div>\n\t\t\t<div class=\"container main-container\"><div class=\"wpb_column vc_column_container vc_col-sm-8 mo-column-6a0310f335856\"><div class=\"vc_column-inner\"><div class=\"wpb_wrapper vc_custom_1592785166166\"  ><div class=\"wpb_wrapper-inner\"><div class=\"vc_row wpb_row vc_inner vc_row-fluid vc_custom_1595889474173 vc_column-gap-0\"   ><div class=\"wpb_column vc_column_container vc_col-sm-12 mo-column-6a0310f335fc0\"><div class=\"vc_column-inner vc_custom_1572034525037\" ><div class=\"wpb_wrapper\"><div class=\"vc_empty_space\"   style=\"height: 200px\"><span class=\"vc_empty_space_inner\"><\/span><\/div>\n\t<div  class=\"wpb_single_image wpb_content_element vc_align_left\">\n\t\t\n\t\t<figure class=\"wpb_wrapper vc_figure\">\n\t\t\t<div class=\"vc_single_image-wrapper   vc_box_border_grey\"><img decoding=\"async\" width=\"921\" height=\"233\" data-src=\"https:\/\/congresocompass.es\/wp-content\/uploads\/2025\/06\/Logo-Blanco.png\" class=\"vc_single_image-img attachment-full lazyload\" alt=\"\" title=\"White Logo\" data-srcset=\"https:\/\/congresocompass.es\/wp-content\/uploads\/2025\/06\/Logo-Blanco.png 921w, https:\/\/congresocompass.es\/wp-content\/uploads\/2025\/06\/Logo-Blanco-300x76.png 300w, https:\/\/congresocompass.es\/wp-content\/uploads\/2025\/06\/Logo-Blanco-768x194.png 768w\" data-sizes=\"(max-width: 921px) 100vw, 921px\" src=\"data:image\/gif;base64,R0lGODlhAQABAAAAACH5BAEKAAEALAAAAAABAAEAAAICTAEAOw==\" style=\"--smush-placeholder-width: 921px; --smush-placeholder-aspect-ratio: 921\/233;\" \/><\/div>\n\t\t<\/figure>\n\t<\/div>\n\n\t<div class=\"wpb_text_column wpb_content_element  vc_custom_1749582165290\" >\n\t\t<div class=\"wpb_wrapper\">\n\t\t\t<h2 class=\"white_txt\" style=\"font-size: 17px; font-weight: 500;\"><span style=\"color: #ffffff;\"><strong>30 and 31 October 2025<\/strong><\/span><\/h2>\n\n\t\t<\/div>\n\t<\/div>\n<div class=\"vc_empty_space\"   style=\"height: 30px\"><span class=\"vc_empty_space_inner\"><\/span><\/div>     <div class=\"text-left\">\n       <a class=\"button btn-border btn-txt-circle light hr_light bg_primary bg_hr_primary outline_grey outline_hr_grey medium radius5 roll\"  href=\"https:\/\/teal-wallaby-127225.hostingersite.com\/en\/inscripcion\/\" target=\"_self\"><span class=\"button-text\">Register<\/span>\n                            <\/a> \n\t <\/div>\n    <div class=\"vc_empty_space\"   style=\"height: 250px\"><span class=\"vc_empty_space_inner\"><\/span><\/div><\/div><\/div><\/div><\/div><\/div><\/div><\/div><\/div><div class=\"wpb_column vc_column_container vc_col-sm-4 mo-column-6a0310f336f2a\" data-parallax=\"true\" data-parallax-from='{\"translateY\":128,\"translateZ\":-2}' data-parallax-to='{\"translateY\":-35,\"translateZ\":0}' data-parallax-options='{\"easing\":\"linear\",\"reverse\":true,\"triggerHook\":\"onEnter\"}'><div class=\"vc_column-inner\"><div class=\"wpb_wrapper vc_custom_1589670909231\"  ><div class=\"wpb_wrapper-inner\"><\/div><\/div><\/div><\/div><\/div><\/div><div class=\"vc_row wpb_row vc_row-fluid tablet_column_full vc_custom_1589673249757 bg-light dark_txt svg_none svg_bottom_none  svg_bottom\"   >\n                  \n\t\t\t\t     \n\t\t\t\t<div class=\"mo-vc-row-ovelay\" style=\"\"><\/div>\n\t\t\t<div class=\"container main-container\"><div class=\"wpb_column vc_column_container vc_col-sm-12 mo-column-6a0310f3370c0\"><div class=\"vc_column-inner\"><div class=\"wpb_wrapper\"  ><div class=\"wpb_wrapper-inner\">       \n      <div class=\"mo-title-box title-box-style1  text-center\"  ><h3>Funded by<\/h3> <\/div>\n    \n\t<div  class=\"wpb_single_image wpb_content_element vc_align_center\">\n\t\t\n\t\t<figure class=\"wpb_wrapper vc_figure\">\n\t\t\t<div class=\"vc_single_image-wrapper   vc_box_border_grey\"><img decoding=\"async\" width=\"300\" height=\"72\" data-src=\"https:\/\/congresocompass.es\/wp-content\/uploads\/2025\/06\/Interreg-MAC-300x72.png\" class=\"vc_single_image-img attachment-medium lazyload\" alt=\"\" title=\"Interreg MAC\" data-srcset=\"https:\/\/congresocompass.es\/wp-content\/uploads\/2025\/06\/Interreg-MAC-300x72.png 300w, https:\/\/congresocompass.es\/wp-content\/uploads\/2025\/06\/Interreg-MAC-18x4.png 18w, https:\/\/congresocompass.es\/wp-content\/uploads\/2025\/06\/Interreg-MAC.png 446w\" data-sizes=\"(max-width: 300px) 100vw, 300px\" src=\"data:image\/gif;base64,R0lGODlhAQABAAAAACH5BAEKAAEALAAAAAABAAEAAAICTAEAOw==\" style=\"--smush-placeholder-width: 300px; --smush-placeholder-aspect-ratio: 300\/72;\" \/><\/div>\n\t\t<\/figure>\n\t<\/div>\n<div class=\"vc_row wpb_row vc_inner vc_row-fluid box-shadow radius5 vc_custom_1683283952513 vc_row-has-fill vc_column-gap-10\"   ><div class=\"wpb_column vc_column_container vc_col-sm-12 mo-column-6a0310f33751b\"><div class=\"vc_column-inner\" ><div class=\"wpb_wrapper\">\t\t<div class=\"mo-image-carousel-wrap   primary\">\n\t\t\t<div class=\"image-carousel\" data-col_lg=\"6\" data-col_md=\"4\" data-col_sm=\"3\" data-col_xs=\"1\" data-item_space=\"15\" data-loop=\"true\" data-autoplay=\"true\" data-smartspeed=\"500\" data-nav=\"false\" data-dots=\"false\">\n\t\t\t\t<img decoding=\"async\" data-src=\"https:\/\/congresocompass.es\/wp-content\/uploads\/2025\/07\/Logo-Casa-Africa.png\" alt=\"image\" src=\"data:image\/gif;base64,R0lGODlhAQABAAAAACH5BAEKAAEALAAAAAABAAEAAAICTAEAOw==\" class=\"lazyload\" style=\"--smush-placeholder-width: 596px; --smush-placeholder-aspect-ratio: 596\/596;\" \/><img decoding=\"async\" data-src=\"https:\/\/congresocompass.es\/wp-content\/uploads\/2025\/06\/Logo-1.png\" alt=\"image\" src=\"data:image\/gif;base64,R0lGODlhAQABAAAAACH5BAEKAAEALAAAAAABAAEAAAICTAEAOw==\" class=\"lazyload\" style=\"--smush-placeholder-width: 595px; --smush-placeholder-aspect-ratio: 595\/595;\" \/><img decoding=\"async\" data-src=\"https:\/\/congresocompass.es\/wp-content\/uploads\/2025\/06\/Logo-1-copia.png\" alt=\"image\" src=\"data:image\/gif;base64,R0lGODlhAQABAAAAACH5BAEKAAEALAAAAAABAAEAAAICTAEAOw==\" class=\"lazyload\" style=\"--smush-placeholder-width: 594px; --smush-placeholder-aspect-ratio: 594\/595;\" \/><img decoding=\"async\" data-src=\"https:\/\/congresocompass.es\/wp-content\/uploads\/2025\/06\/Logo-1-copia-2.png\" alt=\"image\" src=\"data:image\/gif;base64,R0lGODlhAQABAAAAACH5BAEKAAEALAAAAAABAAEAAAICTAEAOw==\" class=\"lazyload\" style=\"--smush-placeholder-width: 595px; --smush-placeholder-aspect-ratio: 595\/595;\" \/><img decoding=\"async\" data-src=\"https:\/\/congresocompass.es\/wp-content\/uploads\/2025\/06\/Logo-1-copia-3.png\" alt=\"image\" src=\"data:image\/gif;base64,R0lGODlhAQABAAAAACH5BAEKAAEALAAAAAABAAEAAAICTAEAOw==\" class=\"lazyload\" style=\"--smush-placeholder-width: 595px; --smush-placeholder-aspect-ratio: 595\/595;\" \/><img decoding=\"async\" data-src=\"https:\/\/congresocompass.es\/wp-content\/uploads\/2025\/06\/Logo-1-copia-4.png\" alt=\"image\" src=\"data:image\/gif;base64,R0lGODlhAQABAAAAACH5BAEKAAEALAAAAAABAAEAAAICTAEAOw==\" class=\"lazyload\" style=\"--smush-placeholder-width: 595px; --smush-placeholder-aspect-ratio: 595\/595;\" \/><img decoding=\"async\" data-src=\"https:\/\/congresocompass.es\/wp-content\/uploads\/2025\/06\/Logo-1-copia-5.png\" alt=\"image\" src=\"data:image\/gif;base64,R0lGODlhAQABAAAAACH5BAEKAAEALAAAAAABAAEAAAICTAEAOw==\" class=\"lazyload\" style=\"--smush-placeholder-width: 594px; --smush-placeholder-aspect-ratio: 594\/595;\" \/><img decoding=\"async\" data-src=\"https:\/\/congresocompass.es\/wp-content\/uploads\/2025\/06\/Logo-1-copia-6.png\" alt=\"image\" src=\"data:image\/gif;base64,R0lGODlhAQABAAAAACH5BAEKAAEALAAAAAABAAEAAAICTAEAOw==\" class=\"lazyload\" style=\"--smush-placeholder-width: 595px; --smush-placeholder-aspect-ratio: 595\/595;\" \/><img decoding=\"async\" data-src=\"https:\/\/congresocompass.es\/wp-content\/uploads\/2025\/06\/Logo-1-copia-7.png\" alt=\"image\" src=\"data:image\/gif;base64,R0lGODlhAQABAAAAACH5BAEKAAEALAAAAAABAAEAAAICTAEAOw==\" class=\"lazyload\" style=\"--smush-placeholder-width: 595px; --smush-placeholder-aspect-ratio: 595\/595;\" \/><img decoding=\"async\" data-src=\"https:\/\/congresocompass.es\/wp-content\/uploads\/2025\/06\/Logo-1-copia-8.png\" alt=\"image\" src=\"data:image\/gif;base64,R0lGODlhAQABAAAAACH5BAEKAAEALAAAAAABAAEAAAICTAEAOw==\" class=\"lazyload\" style=\"--smush-placeholder-width: 595px; --smush-placeholder-aspect-ratio: 595\/595;\" \/><img decoding=\"async\" data-src=\"https:\/\/congresocompass.es\/wp-content\/uploads\/2025\/06\/Logo-1-copia-9.png\" alt=\"image\" src=\"data:image\/gif;base64,R0lGODlhAQABAAAAACH5BAEKAAEALAAAAAABAAEAAAICTAEAOw==\" class=\"lazyload\" style=\"--smush-placeholder-width: 595px; --smush-placeholder-aspect-ratio: 595\/595;\" \/><img decoding=\"async\" data-src=\"https:\/\/congresocompass.es\/wp-content\/uploads\/2025\/06\/Logo-1-copia-10.png\" alt=\"image\" src=\"data:image\/gif;base64,R0lGODlhAQABAAAAACH5BAEKAAEALAAAAAABAAEAAAICTAEAOw==\" class=\"lazyload\" style=\"--smush-placeholder-width: 595px; --smush-placeholder-aspect-ratio: 595\/595;\" \/><img decoding=\"async\" data-src=\"https:\/\/congresocompass.es\/wp-content\/uploads\/2025\/06\/Logo-1-copia-11.png\" alt=\"image\" src=\"data:image\/gif;base64,R0lGODlhAQABAAAAACH5BAEKAAEALAAAAAABAAEAAAICTAEAOw==\" class=\"lazyload\" style=\"--smush-placeholder-width: 594px; --smush-placeholder-aspect-ratio: 594\/595;\" \/>\t\t\t<\/div>\n\t\t<\/div>\n    <\/div><\/div><\/div><\/div><div class=\"vc_empty_space\"   style=\"height: 120px\"><span class=\"vc_empty_space_inner\"><\/span><\/div>    <div class=\"mo-countdown-clock countdown-wraper clearfix text-center style3\" data-wow-delay=\"0.1s\">\n\t  <div class=\"getting-started\" data-count-down=\"2025\/10\/30\"><\/div>\n    <\/div>\n    <\/div><\/div><\/div><\/div><\/div><\/div><div class=\"vc_row wpb_row vc_row-fluid tablet_column_full vc_custom_1592851078656 bg-light dark_txt svg_none svg_bottom_none  svg_bottom\"   >\n                  \n\t\t\t\t     \n\t\t\t\t<div class=\"mo-vc-row-ovelay\" style=\"\"><\/div>\n\t\t\t<div class=\"container main-container\"><div class=\"wpb_column vc_column_container vc_col-sm-6 vc_col-lg-6 vc_col-md-6 vc_col-xs-12 mo-column-6a0310f338ca1\"><div class=\"vc_column-inner\"><div class=\"wpb_wrapper\"  ><div class=\"wpb_wrapper-inner\">       \n      <div class=\"mo-title-box title-box-style1  text-left\"  ><h3>Introduction<\/h3> <\/div>\n    \n\t<div class=\"wpb_text_column wpb_content_element  vc_custom_1749553682361\" >\n\t\t<div class=\"wpb_wrapper\">\n\t\t\t<p class=\"_04xlpA direction-ltr align-start para-style-body\">On 30 and 31 October 2025, the University of Las Palmas de Gran Canaria (ULPGC) will host the International Conference on Circular Labour Migration as part of the Interreg MAC project, COMPASS.<\/p>\n<p class=\"_04xlpA direction-ltr align-start para-style-body\">COMPASS is an Interreg MAC project whose ultimate aim is to set up an Observatory for human mobility between the Canary Islands and Africa. To this end, we address the migration phenomenon as a whole, proposing solutions that promote circular migration as a method to meet the challenges that arise at various stages: from the origin and during the transit of migrants, to their integration into new societies.<\/p>\n<p class=\"_04xlpA direction-ltr align-start para-style-body\">Understanding and comprehensively addressing the challenges related to migration in the region, identifying actors involved, detecting good practices, observing gaps and proposing innovative solutions to facilitate the management of regular migration in the cooperation space encompassing the Canary Islands, Gambia, Mauritania and Senegal will allow us to activate different mechanisms that can be successfully established in the short and long term, promoting international collaboration and the well-being of migrant populations and host communities.<\/p>\n\n\t\t<\/div>\n\t<\/div>\n<\/div><\/div><\/div><\/div><div class=\"wpb_column vc_column_container vc_col-sm-6 mo-column-6a0310f338e62\"><div class=\"vc_column-inner\"><div class=\"wpb_wrapper\"  ><div class=\"wpb_wrapper-inner\">\n\t<div class=\"wpb_text_column wpb_content_element  vc_custom_1749553693065\" >\n\t\t<div class=\"wpb_wrapper\">\n\t\t\t<p class=\"_04xlpA direction-ltr align-start para-style-body\">To achieve this objective, the University of Las Palmas de Gran Canaria and the partners of the COMPASS Project are organising an international academic and institutional meeting open to the participation of all the experts and stakeholders involved in the project, and we invite all the actors involved in the phenomenon from both sides of the Atlantic and the rest of the European Union to contribute their knowledge and reflections.<\/p>\n<p class=\"_04xlpA direction-ltr align-start para-style-body\">The activity is structured as a comprehensive academic approach that addresses the complexity of migration in the transit and destination phases. This event comprises both a scientific meeting to share knowledge, joint work and networking sessions between public entities and the subsequent publication of the congress, which will be the initial basic analysis document for the development of the Project.<\/p>\n<p class=\"_04xlpA direction-ltr align-start para-style-body\">The thematic discussion will explore crucial aspects such as the state organisation of migration movements, training processes for migrants, assessing training and labour demand in host societies, accurate information on safe migration processes, and communication and awareness-raising on both sides of the border.<\/p>\n\n\t\t<\/div>\n\t<\/div>\n<\/div><\/div><\/div><\/div><\/div><\/div><div class=\"vc_row wpb_row vc_row-fluid tablet_column_full vc_custom_1680692821973 bg-light dark_txt svg_none svg_bottom_none  svg_bottom\"   data-custom-animations=\"true\" data-ca-options='{\"triggerHandler\":\"inview\",\"animationTarget\":\".wpb_column\",\"duration\":1200,\"delay\":100,\"easing\":\"easeOutQuint\",\"direction\":\"forward\",\"initValues\":{\"translateY\":90,\"translateZ\":53,\"rotateX\":-35,\"opacity\":0},\"animations\":{\"translateY\":0,\"translateZ\":0,\"rotateX\":0,\"opacity\":1}}'>\n                  \n\t\t\t\t     \n\t\t\t\t<div class=\"mo-vc-row-ovelay\" style=\"\"><\/div>\n\t\t\t<div class=\"container main-container\"><div class=\"wpb_column vc_column_container vc_col-sm-12 mo-column-6a0310f3390f3\"><div class=\"vc_column-inner\"><div class=\"wpb_wrapper\"  ><div class=\"wpb_wrapper-inner\">\n\t<div class=\"wpb_text_column wpb_content_element\" >\n\t\t<div class=\"wpb_wrapper\">\n\t\t\t<h4 style=\"text-align: center;\"><b>TABLE OF RELEVANT DATES<\/b><\/h4>\n<h6 style=\"text-align: center;\"><span style=\"font-weight: 400;\"><strong>Submission of proposals:<br \/>\n<\/strong>from 30 June to 21 July 2025.<\/span><\/h6>\n<h6 style=\"text-align: center;\"><span style=\"font-weight: 400;\"><strong>Date of communication of the selection of proposals:<\/strong><br \/>\n28 July 2025.<\/span><\/h6>\n<h6 style=\"text-align: center;\"><span style=\"font-weight: 400;\"><strong>Deadline for submission of the full text:<br \/>\n<\/strong>10 October 2025.<\/span><\/h6>\n<h6 style=\"text-align: center;\"><span style=\"font-weight: 400;\"><strong>Deadline for submission of the full text after the congress:<br \/>\n<\/strong>24 November 2025.<\/span><span style=\"font-weight: 400;\">\u00a0<\/span><\/h6>\n<h6 style=\"text-align: center;\"><span style=\"font-weight: 400;\"><strong>Date of final decision on publication:<br \/>\n<\/strong>15 December 2025.<\/span><\/h6>\n<h6 style=\"text-align: center;\"><span style=\"font-weight: 400;\"><strong>Date of publication of the work:<br \/>\n<\/strong>first half of the year 2026.<\/span><\/h6>\n\n\t\t<\/div>\n\t<\/div>\n<\/div><\/div><\/div><\/div><\/div><\/div><div data-vc-full-width=\"true\" data-vc-full-width-init=\"false\" data-vc-stretch-content=\"true\" class=\"vc_row wpb_row vc_row-fluid vc_custom_1593124881306 vc_row-no-padding bg-dark-grey dark_txt svg_none svg_bottom_none  svg_bottom\"   >\n                  \n\t\t\t\t   <div class=\"particles2\"><span class=\"shape-one\"><\/span><span class=\"shape-two\"><\/span><span class=\"shape-three\"><\/span><span class=\"shape-four\"><\/span><span class=\"shape-five\"><\/span><\/div>  \n\t\t\t\t<div class=\"mo-vc-row-ovelay\" style=\"\"><\/div>\n\t\t\t<div class=\"no-container\"><div class=\"wpb_column vc_column_container vc_col-sm-12 mo-column-6a0310f3393b5\"><div class=\"vc_column-inner\"><div class=\"wpb_wrapper\"  ><div class=\"wpb_wrapper-inner\">       \n      <div class=\"mo-title-box title-box-style1  text-center\"  ><h3>We look forward to seeing you at the conference!<\/h3> <\/div>\n    <\/div><\/div><\/div><\/div><\/div><\/div><div class=\"vc_row-full-width\"><\/div><div data-vc-full-width=\"true\" data-vc-full-width-init=\"false\" data-vc-stretch-content=\"true\" class=\"vc_row wpb_row vc_row-fluid vc_custom_1592866220476 vc_row-no-padding bg-light dark_txt svg_none svg_bottom_none  svg_bottom\"   >\n                  \n\t\t\t\t     \n\t\t\t\t<div class=\"mo-vc-row-ovelay\" style=\"\"><\/div>\n\t\t\t<div class=\"no-container\"><div class=\"wpb_column vc_column_container vc_col-sm-12 mo-column-6a0310f33952d\"><div class=\"vc_column-inner\"><div class=\"wpb_wrapper\"  ><div class=\"wpb_wrapper-inner\"><div class=\"vc_row wpb_row vc_inner vc_row-fluid vc_column-gap-0\"   ><div class=\"wpb_column vc_column_container vc_col-sm-12 mo-column-6a0310f33961d\"><div class=\"vc_column-inner\" ><div class=\"wpb_wrapper\">\n<div class=\"vc_grid-container-wrapper vc_clearfix vc_grid-animation-fadeIn\">\n\t<div class=\"vc_grid-container vc_clearfix wpb_content_element vc_media_grid\" data-initial-loading-animation=\"fadeIn\" data-vc-grid-settings=\"{&quot;page_id&quot;:192,&quot;style&quot;:&quot;load-more&quot;,&quot;action&quot;:&quot;vc_get_vc_grid_data&quot;,&quot;shortcode_id&quot;:&quot;1751541575815-3c8fc3180b7ad8e57588f8d12d796ad7-3&quot;,&quot;items_per_page&quot;:&quot;12&quot;,&quot;btn_data&quot;:{&quot;title&quot;:&quot;Load more&quot;,&quot;style&quot;:&quot;flat&quot;,&quot;gradient_color_1&quot;:&quot;&quot;,&quot;gradient_color_2&quot;:&quot;&quot;,&quot;gradient_custom_color_1&quot;:&quot;&quot;,&quot;gradient_custom_color_2&quot;:&quot;&quot;,&quot;gradient_text_color&quot;:&quot;&quot;,&quot;custom_background&quot;:&quot;#ededed&quot;,&quot;custom_text&quot;:&quot;#666&quot;,&quot;outline_custom_color&quot;:&quot;#666&quot;,&quot;outline_custom_hover_background&quot;:&quot;#666&quot;,&quot;outline_custom_hover_text&quot;:&quot;#fff&quot;,&quot;shape&quot;:&quot;rounded&quot;,&quot;color&quot;:&quot;blue&quot;,&quot;size&quot;:&quot;md&quot;,&quot;align&quot;:&quot;inline&quot;,&quot;button_block&quot;:&quot;&quot;,&quot;add_icon&quot;:&quot;&quot;,&quot;i_align&quot;:&quot;left&quot;,&quot;i_type&quot;:&quot;fontawesome&quot;,&quot;i_icon_fontawesome&quot;:&quot;fas fa-adjust&quot;,&quot;i_icon_openiconic&quot;:&quot;vc-oi vc-oi-dial&quot;,&quot;i_icon_typicons&quot;:&quot;typcn typcn-adjust-brightness&quot;,&quot;i_icon_entypo&quot;:&quot;entypo-icon entypo-icon-note&quot;,&quot;i_icon_linecons&quot;:&quot;vc_li vc_li-heart&quot;,&quot;i_icon_monosocial&quot;:&quot;&quot;,&quot;i_icon_material&quot;:&quot;&quot;,&quot;i_icon_pixelicons&quot;:&quot;vc_pixel_icon vc_pixel_icon-alert&quot;,&quot;el_id&quot;:&quot;&quot;,&quot;custom_onclick&quot;:&quot;&quot;,&quot;custom_onclick_code&quot;:&quot;&quot;},&quot;tag&quot;:&quot;vc_media_grid&quot;}\" data-vc-request=\"https:\/\/congresocompass.es\/wp-admin\/admin-ajax.php\" data-vc-post-id=\"192\" data-vc-public-nonce=\"52864b7958\">\n\t\t\n\t<\/div>\n<\/div><\/div><\/div><\/div><\/div><\/div><\/div><\/div><\/div><\/div><\/div><div class=\"vc_row-full-width\"><\/div><div class=\"vc_row wpb_row vc_row-fluid bg-light dark_txt svg_none svg_bottom_none  svg_bottom\"   >\n                  \n\t\t\t\t     \n\t\t\t\t<div class=\"mo-vc-row-ovelay\" style=\"\"><\/div>\n\t\t\t<div class=\"container main-container\"><div class=\"wpb_column vc_column_container vc_col-sm-12 mo-column-6a0310f33a546\"><div class=\"vc_column-inner\"><div class=\"wpb_wrapper\"  ><div class=\"wpb_wrapper-inner\">     <div class=\"text-center\">\n       <a class=\"button btn-solid btn-txt-circle light hr_light bg_primary bg_hr_primary outline_grey outline_hr_grey large radius5 roll\"  href=\"https:\/\/teal-wallaby-127225.hostingersite.com\/en\/inscripcion\/\" target=\"_self\"><span class=\"button-text\">Register<\/span>\n                            <\/a> \n\t <\/div>\n    <div class=\"vc_empty_space\"   style=\"height: 32px\"><span class=\"vc_empty_space_inner\"><\/span><\/div><\/div><\/div><\/div><\/div><\/div><\/div>\n<\/section>","protected":false},"excerpt":{"rendered":"30 y 31 de octubre de 2025 Inscr\u00edbete Financiado por Introducci\u00f3n Durante los d\u00edas 30 y 31 de octubre de 2025 la Universidad de Las Palmas de Gran Canaria (ULPGC) acoger\u00e1 en Gran Canaria la celebraci\u00f3n del Congreso Internacional sobre Migraci\u00f3n Laboral Circular enmarcado en el Proyecto Interreg MAC, COMPASS. COMPASS es un Proyecto Interreg [...]","protected":false},"author":1,"featured_media":0,"parent":0,"menu_order":0,"comment_status":"closed","ping_status":"closed","template":"page-no-title-bar.php","meta":{"_monsterinsights_skip_tracking":false,"_monsterinsights_sitenote_active":false,"_monsterinsights_sitenote_note":"","_monsterinsights_sitenote_category":0,"footnotes":""},"class_list":["post-192","page","type-page","status-publish","hentry"],"_links":{"self":[{"href":"https:\/\/congresocompass.es\/en\/wp-json\/wp\/v2\/pages\/192","targetHints":{"allow":["GET"]}}],"collection":[{"href":"https:\/\/congresocompass.es\/en\/wp-json\/wp\/v2\/pages"}],"about":[{"href":"https:\/\/congresocompass.es\/en\/wp-json\/wp\/v2\/types\/page"}],"author":[{"embeddable":true,"href":"https:\/\/congresocompass.es\/en\/wp-json\/wp\/v2\/users\/1"}],"replies":[{"embeddable":true,"href":"https:\/\/congresocompass.es\/en\/wp-json\/wp\/v2\/comments?post=192"}],"version-history":[{"count":143,"href":"https:\/\/congresocompass.es\/en\/wp-json\/wp\/v2\/pages\/192\/revisions"}],"predecessor-version":[{"id":1815,"href":"https:\/\/congresocompass.es\/en\/wp-json\/wp\/v2\/pages\/192\/revisions\/1815"}],"wp:attachment":[{"href":"https:\/\/congresocompass.es\/en\/wp-json\/wp\/v2\/media?parent=192"}],"curies":[{"name":"wp","href":"https:\/\/api.w.org\/{rel}","templated":true}]}}