{"id":1754,"date":"2025-06-18T16:25:14","date_gmt":"2025-06-18T16:25:14","guid":{"rendered":"https:\/\/teal-wallaby-127225.hostingersite.com\/?page_id=1754"},"modified":"2025-06-18T16:25:40","modified_gmt":"2025-06-18T16:25:40","slug":"agenda-social-en","status":"publish","type":"page","link":"https:\/\/congresocompass.es\/en\/agenda-social-en\/","title":{"rendered":"Social Agenda"},"content":{"rendered":"<section class=\"wpb-content-wrapper\"><div class=\"vc_row wpb_row vc_row-fluid vc_custom_1749641134376 vc_row-has-fill bg-grey dark_txt svg_none svg_bottom_none  svg_bottom\"   >\n                  \n\t\t\t\t     \n\t\t\t\t<div class=\"mo-vc-row-ovelay\" style=\"\"><\/div>\n\t\t\t<div class=\"container main-container\"><div class=\"wpb_column vc_column_container vc_col-sm-12 mo-column-69e1c4742923c\"><div class=\"vc_column-inner\"><div class=\"wpb_wrapper\"  ><div class=\"wpb_wrapper-inner\"><div class=\"vc_empty_space\"   style=\"height: 75px\"><span class=\"vc_empty_space_inner\"><\/span><\/div>       \n      <div class=\"mo-title-box title-box-style1  text-center\"  ><h3>Social Agenda<\/h3> <\/div>\n    \n\t<div class=\"wpb_text_column wpb_content_element\" >\n\t\t<div class=\"wpb_wrapper\">\n\t\t\t<h4 style=\"text-align: center;\">28 October - 1 November<\/h4>\n\n\t\t<\/div>\n\t<\/div>\n<div class=\"vc_empty_space\"   style=\"height: 75px\"><span class=\"vc_empty_space_inner\"><\/span><\/div><\/div><\/div><\/div><\/div><\/div><\/div><div class=\"vc_row wpb_row vc_row-fluid bg-light dark_txt svg_none svg_bottom_none  svg_bottom\"   >\n                  \n\t\t\t\t     \n\t\t\t\t<div class=\"mo-vc-row-ovelay\" style=\"\"><\/div>\n\t\t\t<div class=\"container main-container\"><div class=\"wpb_column vc_column_container vc_col-sm-12 mo-column-69e1c47429880\"><div class=\"vc_column-inner\"><div class=\"wpb_wrapper\"  ><div class=\"wpb_wrapper-inner\"><div class=\"vc_empty_space\"   style=\"height: 75px\"><span class=\"vc_empty_space_inner\"><\/span><\/div>\n\t<div class=\"wpb_text_column wpb_content_element\" >\n\t\t<div class=\"wpb_wrapper\">\n\t\t\t<p style=\"font-weight: 400; text-align: center;\"><span style=\"font-weight: 400;\">To participate, it will be necessary to register for the activity in order to manage its organisation according to the number of participants.<\/span><\/p>\n<h6 style=\"text-align: center;\"><span style=\"font-weight: 400;\"><strong>Tuesday 28 October.<br \/>\n<\/strong><\/span><span style=\"font-weight: 400;\">A welcome dinner for members.<\/span><\/h6>\n<h6 style=\"text-align: center;\"><span style=\"font-weight: 400;\"><strong>Wednesday 29 October.<\/strong><br \/>\nA visit to (Cueva Pintada and to the north).<\/span><\/h6>\n<h6 style=\"text-align: center;\"><span style=\"font-weight: 400;\"><strong>Thursday 30 October.<br \/>\n<\/strong>Visit to Vegueta with a visit to the P\u00e9rez Gald\u00f3s Theatre.<\/span><\/h6>\n<h6 style=\"text-align: center;\"><span style=\"font-weight: 400;\"><strong>Friday 31 October.<br \/>\n<\/strong>Closing lunch.<\/span><\/h6>\n<h6 style=\"text-align: center;\"><span style=\"font-weight: 400;\"><strong>Friday afternoon, 31 October.<br \/>\n<\/strong>Visit to the Alfredo Kraus Auditorium.<\/span><\/h6>\n<h6 style=\"text-align: center;\"><span style=\"font-weight: 400;\"><strong>Saturday 1 November.<br \/>\n<\/strong>Visit to Maspalomas in the morning. Only for visitors from Dakar.<\/span><\/h6>\n\n\t\t<\/div>\n\t<\/div>\n<div class=\"vc_empty_space\"   style=\"height: 75px\"><span class=\"vc_empty_space_inner\"><\/span><\/div><\/div><\/div><\/div><\/div><\/div><\/div>\n<\/section>","protected":false},"excerpt":{"rendered":"Agenda Social 28 de octubre - 1 de noviembre Para participar ser\u00e1 necesario inscribirse en la actividad con la finalidad de gestionar su organizaci\u00f3n seg\u00fan el n\u00famero de participantes. El martes 28 de octubre. Una cena de bienvenida a los socios. El mi\u00e9rcoles 29 de octubre. Una visita a (Cueva Pintada y al norte). El [...]","protected":false},"author":1,"featured_media":0,"parent":0,"menu_order":0,"comment_status":"closed","ping_status":"closed","template":"","meta":{"_monsterinsights_skip_tracking":false,"_monsterinsights_sitenote_active":false,"_monsterinsights_sitenote_note":"","_monsterinsights_sitenote_category":0,"footnotes":""},"class_list":["post-1754","page","type-page","status-publish","hentry"],"_links":{"self":[{"href":"https:\/\/congresocompass.es\/en\/wp-json\/wp\/v2\/pages\/1754","targetHints":{"allow":["GET"]}}],"collection":[{"href":"https:\/\/congresocompass.es\/en\/wp-json\/wp\/v2\/pages"}],"about":[{"href":"https:\/\/congresocompass.es\/en\/wp-json\/wp\/v2\/types\/page"}],"author":[{"embeddable":true,"href":"https:\/\/congresocompass.es\/en\/wp-json\/wp\/v2\/users\/1"}],"replies":[{"embeddable":true,"href":"https:\/\/congresocompass.es\/en\/wp-json\/wp\/v2\/comments?post=1754"}],"version-history":[{"count":2,"href":"https:\/\/congresocompass.es\/en\/wp-json\/wp\/v2\/pages\/1754\/revisions"}],"predecessor-version":[{"id":1757,"href":"https:\/\/congresocompass.es\/en\/wp-json\/wp\/v2\/pages\/1754\/revisions\/1757"}],"wp:attachment":[{"href":"https:\/\/congresocompass.es\/en\/wp-json\/wp\/v2\/media?parent=1754"}],"curies":[{"name":"wp","href":"https:\/\/api.w.org\/{rel}","templated":true}]}}