{"id":1634,"date":"2025-06-11T10:52:23","date_gmt":"2025-06-11T10:52:23","guid":{"rendered":"https:\/\/teal-wallaby-127225.hostingersite.com\/?page_id=1634"},"modified":"2025-07-10T08:13:10","modified_gmt":"2025-07-10T08:13:10","slug":"call","status":"publish","type":"page","link":"https:\/\/congresocompass.es\/en\/call\/","title":{"rendered":"Call"},"content":{"rendered":"<section class=\"wpb-content-wrapper\"><div class=\"vc_row wpb_row vc_row-fluid vc_custom_1750239655964 vc_row-has-fill bg-grey dark_txt svg_none svg_bottom_none  svg_bottom\"   >\n                  \n\t\t\t\t     \n\t\t\t\t<div class=\"mo-vc-row-ovelay\" style=\"\"><\/div>\n\t\t\t<div class=\"container main-container\"><div class=\"wpb_column vc_column_container vc_col-sm-12 mo-column-6a031b6e9aa06\"><div class=\"vc_column-inner\"><div class=\"wpb_wrapper\"  ><div class=\"wpb_wrapper-inner\"><div class=\"vc_empty_space\"   style=\"height: 75px\"><span class=\"vc_empty_space_inner\"><\/span><\/div>       \n      <div class=\"mo-title-box title-box-style1  text-center\"  ><h5>Bridging borders, bringing people together<\/h5><h3>International Congress on Labour Migration Circular COMPASS Project<\/h3> <\/div>\n    <div class=\"vc_empty_space\"   style=\"height: 75px\"><span class=\"vc_empty_space_inner\"><\/span><\/div><\/div><\/div><\/div><\/div><\/div><\/div><div class=\"vc_row wpb_row vc_row-fluid bg-light dark_txt svg_none svg_bottom_none  svg_bottom\"   >\n                  \n\t\t\t\t     \n\t\t\t\t<div class=\"mo-vc-row-ovelay\" style=\"\"><\/div>\n\t\t\t<div class=\"container main-container\"><div class=\"wpb_column vc_column_container vc_col-sm-12 mo-column-6a031b6e9ae0f\" id=\"Mario\"><div class=\"vc_column-inner\"><div class=\"wpb_wrapper\"  ><div class=\"wpb_wrapper-inner\"><div class=\"vc_empty_space\" id=\"jornada-1\"  style=\"height: 50px\"><span class=\"vc_empty_space_inner\"><\/span><\/div>\n\t<div class=\"wpb_text_column wpb_content_element\" >\n\t\t<div class=\"wpb_wrapper\">\n\t\t\t<p id=\"taller-doctorandos\" style=\"text-align: center;\">THURSDAY, 30 OCTOBER 2025<\/p>\n\n\t\t<\/div>\n\t<\/div>\n       \n      <div class=\"mo-title-box title-box-style2  text-center\"  ><h3>I. PURPOSE OF THE CONGRESS<\/h3> <\/div>\n    <div class=\"vc_empty_space\"   style=\"height: 50px\"><span class=\"vc_empty_space_inner\"><\/span><\/div>\n\t<div class=\"wpb_text_column wpb_content_element\" >\n\t\t<div class=\"wpb_wrapper\">\n\t\t\t<p><span class=\"Apple-converted-space\">\u00a0<\/span><b>COMPASS <\/b>is a project of the INTERREG MAC 2021-2027 programme whose ultimate aim is to set up a Human Mobility Observatory between the Canary Islands and Africa. To this end, we comprehensively address the migratory phenomenon, proposing solutions that promote circular migration as a method to meet the challenges that arise at various stages, from the origin and transit of migrants, to their integration into new societies. It focuses on intervening in the area of cooperation that includes the Canary Islands, Gambia, Mauritania and Senegal, territories that are points of origin, transit and destination of migratory flows (46,843 people arrived by sea in 2024, according to data from the Ministry of the Interior).<span class=\"Apple-converted-space\">\u00a0<\/span><\/p>\n<p>Understanding and comprehensively addressing the challenges related to migration in the region, identifying actors involved, detecting good practices, observing gaps and proposing innovative solutions to facilitate the management of regular migration in the COMPASS cooperation space, will allow us to activate different mechanisms that can be successfully established in the short and long term, promoting international collaboration and the well-being of migrant populations and host communities. The project website can be found HERE.<span class=\"Apple-converted-space\">\u00a0<\/span><\/p>\n<p>To achieve this objective, the University of Las Palmas de Gran Canaria and the partners of the COMPASS Project are organising an international academic and institutional meeting open to the participation of all experts and interest groups involved in it, and we invite all actors involved in the phenomenon on both shores and in the rest of the European Union to contribute their knowledge and reflection. The activity is structured as a comprehensive academic approach that addresses the complexity of migration in the transit and destination phases. This event comprises both a scientific meeting to share knowledge, joint working sessions, and <i>networking <\/i>between public entities and the subsequent publication of the congress, which will be the initial basic analysis document for the development of the project. The thematic discussion will explore crucial aspects such as the state organisation of migratory movements, training processes for migrants, assessing training and labour demand in host societies, accurate information on safe migratory processes, and communication and awareness-raising on both shores.<span class=\"Apple-converted-space\">\u00a0<\/span><\/p>\n<p><b>Thematic axes for the presentation of papers:<span class=\"Apple-converted-space\">\u00a0<\/span><\/b><b><\/b><\/p>\n<p>Each session will have three speakers (20 minutes per paper) and up to three papers will be selected for each session (5 minutes per paper), which will be presented publicly. The Scientific Committee will assess the relevance of choosing more papers in some of the sessions.<span class=\"Apple-converted-space\">\u00a0<\/span><\/p>\n<p>The topics to be dealt with in each session will be interdisciplinary in nature and will seek the interrelation between the different roundtables on the migratory phenomenon and its challenges. We propose to reflect on the context in which each of the proposed topics takes place, the weaknesses and strengths of the migratory situation, good practices to follow and the need for evolution, both legal and in terms of management of the current situation.<span class=\"Apple-converted-space\">\u00a0<\/span><\/p>\n<p><b>SESSION 1. Legal and social framework, European and African, of labour migrations<span class=\"Apple-converted-space\">\u00a0<\/span><\/b><b><\/b><\/p>\n<p>Thursday 30 October 2025.<span class=\"Apple-converted-space\">\u00a0<\/span><\/p>\n<p>11.30 a.m. - 1.30 p.m.<span class=\"Apple-converted-space\">\u00a0<\/span><\/p>\n<p>The aim of this session is to deal with migratory flows and the regulations of labour and circular migration, both in the context of the European Union and bordering countries, with special reference to the Spanish cases and those of the countries in the project's cooperation area. In addition to knowing the political, social and institutional contexts of labour migration between Europe and African countries.<span class=\"Apple-converted-space\">\u00a0<\/span><\/p>\n<p><b><i>Proposal of topics for communications:<span class=\"Apple-converted-space\">\u00a0<\/span><\/i><\/b><b><i><\/i><\/b><\/p>\n<p>\uf0b7 EU regulation of labour migration.<span class=\"Apple-converted-space\">\u00a0<\/span><\/p>\n<p>\uf0b7 European border countries' regulation of labour migration.<span class=\"Apple-converted-space\">\u00a0<\/span><\/p>\n<p>\uf0b7 Spanish regulation of labour migration.<span class=\"Apple-converted-space\">\u00a0<\/span><\/p>\n<p>\uf0b7 Spanish regulation of circular labour migration.<span class=\"Apple-converted-space\">\u00a0<\/span><\/p>\n<p>\uf0b7 African regulation of labour migration.<span class=\"Apple-converted-space\">\u00a0<\/span><\/p>\n<p>\uf0b7 Labour migration regulation in The Gambia, Mauritania and Senegal.<span class=\"Apple-converted-space\">\u00a0<\/span><\/p>\n<p>\uf0b7 Institutional context of labour migration between the EU and North Africa.<span class=\"Apple-converted-space\">\u00a0<\/span><\/p>\n<p>\uf0b7 Political context of labour migration between the EU and North Africa.<span class=\"Apple-converted-space\">\u00a0<\/span><\/p>\n<p>\uf0b7 Social context of labour migration between the EU and North Africa.<span class=\"Apple-converted-space\">\u00a0<\/span><\/p>\n<p>\uf0b7 General framework of migration between the Canary Islands, Gambia, Mauritania and Senegal.<span class=\"Apple-converted-space\">\u00a0<\/span><\/p>\n<p><b>SESSION 2. Current context of migration and labour routes between Mauritania, Gambia and Senegal and the Canary Islands.<span class=\"Apple-converted-space\">\u00a0<\/span><\/b><b><\/b><\/p>\n<p>Thursday 30 October 2025.<span class=\"Apple-converted-space\">\u00a0<\/span><\/p>\n<p>16.00 - 18.00.<span class=\"Apple-converted-space\">\u00a0<\/span><\/p>\n<p>This session will address the migratory routes and flows to the Canary Islands from Gambia, Mauritania and Senegal, contemplating their current characteristics, with emphasis on their historical and socio-economic aspects. It will also analyse the institutional, political, social, institutional collaboration and civil society contexts of labour migration between these territories and the experiences developed, analysing successes and mistakes, as well as the keys to the possible future management of circular labour migration.<span class=\"Apple-converted-space\">\u00a0<\/span><\/p>\n<p><b><i>Proposal of topics for communications:<span class=\"Apple-converted-space\">\u00a0<\/span><\/i><\/b><b><i><\/i><\/b><\/p>\n<p>\uf0b7 The migratory route between the Canary Islands, Gambia, Mauritania and Senegal.<span class=\"Apple-converted-space\">\u00a0<\/span><\/p>\n<p>\uf0b7 Profile of migrants on the route between the Canary Islands, Gambia, Mauritania and Senegal.<span class=\"Apple-converted-space\">\u00a0<\/span><\/p>\n<p>\uf0b7 Historical factors of the route between the Canary Islands, Gambia, Mauritania and Senegal.<span class=\"Apple-converted-space\">\u00a0<\/span><\/p>\n<p>\uf0b7 Current factors on the route between the Canary Islands, Gambia, Mauritania and Senegal.<span class=\"Apple-converted-space\">\u00a0<\/span><\/p>\n<p>\uf0b7 Socio-economic conditions of the route between the Canary Islands, Gambia, Mauritania and Senegal.<span class=\"Apple-converted-space\">\u00a0<\/span><\/p>\n<p>\uf0b7 Institutional context of labour migration between the Canary Islands, Gambia, Mauritania and Senegal.<span class=\"Apple-converted-space\">\u00a0<\/span><\/p>\n<p>\uf0b7 Political context of labour migration between the Canary Islands, Gambia, Mauritania and Senegal.<span class=\"Apple-converted-space\">\u00a0<\/span><\/p>\n<p>\uf0b7 Social context of labour migration between the Canary Islands, Gambia, Mauritania and Senegal.<span class=\"Apple-converted-space\">\u00a0<\/span><\/p>\n<p>\uf0b7 Context of institutional collaboration on the route between the Canary Islands, Gambia, Mauritania and Senegal.<span class=\"Apple-converted-space\">\u00a0<\/span><\/p>\n<p>\uf0b7 Context of civil society collaboration on the route between the Canary Islands, Gambia, Mauritania and Senegal.<span class=\"Apple-converted-space\">\u00a0<\/span><\/p>\n<p><b>SESSION 3. Labour opportunities and needs for circular migration<span class=\"Apple-converted-space\">\u00a0<\/span><\/b><b><\/b><\/p>\n<p>Friday 31 October 2025.<span class=\"Apple-converted-space\">\u00a0<\/span><\/p>\n<p>09.00 - 11.00 a.m.<span class=\"Apple-converted-space\">\u00a0<\/span><\/p>\n<p>The third session aims to provide an overview of the labour market in the territories of the cooperation space, with an emphasis on shared needs, especially with regard to training. It also seeks to explore the labour opportunities and needs of the public and private sectors; the opportunity environments for bilateral circular migration; the legal context in the field of training; as well as to identify good training practices for successful circular migration, considering both the socio-training and legal context of training opportunities.<\/p>\n<p><b><i>Proposal of topics for communications:<span class=\"Apple-converted-space\">\u00a0<\/span><\/i><\/b><b><i><\/i><\/b><\/p>\n<p>\uf0b7 Holistic view of the labour market on both sides and shared needs.<span class=\"Apple-converted-space\">\u00a0<\/span><\/p>\n<p>\uf0b7 Shared and necessary training on both sides.<span class=\"Apple-converted-space\">\u00a0<\/span><\/p>\n<p>\uf0b7 Job opportunities and needs in the public context.<span class=\"Apple-converted-space\">\u00a0<\/span><\/p>\n<p>\uf0b7 Job opportunities and needs in the private context.<span class=\"Apple-converted-space\">\u00a0<\/span><\/p>\n<p>\uf0b7 Opportunity environments for bilateral circular migration.<span class=\"Apple-converted-space\">\u00a0<\/span><\/p>\n<p>\uf0b7 Training needs for circular migration.<span class=\"Apple-converted-space\">\u00a0<\/span><\/p>\n<p>\uf0b7 Legal context for migrant training recognised on both shores.<span class=\"Apple-converted-space\">\u00a0<\/span><\/p>\n<p>\uf0b7 Good training practices for successful circular migration.<span class=\"Apple-converted-space\">\u00a0<\/span><\/p>\n<p>\uf0b7 Socio-training context of training opportunities.<span class=\"Apple-converted-space\">\u00a0<\/span><\/p>\n<p>\uf0b7 Legal context of training opportunities.<span class=\"Apple-converted-space\">\u00a0<\/span><\/p>\n<p><b>SESSION 4. Migration narratives on regular circular migration on both sides of the border<span class=\"Apple-converted-space\">\u00a0<\/span><\/b><b><\/b><\/p>\n<p>Friday 31 October 2025.<span class=\"Apple-converted-space\">\u00a0<\/span><\/p>\n<p>11.30 a.m. - 1.30 p.m.<span class=\"Apple-converted-space\">\u00a0<\/span><\/p>\n<p>The fourth session deals with the different existing narratives on labour and non-labour migration, both from the sending and receiving territories, specifically from the Canary Islands and European perspective. It also seeks to talk about the narratives of the construction of useful training itineraries on both shores and those linked to the significant training of migrants. We are also looking for themes that raise the combination of need, opportunity and expectations of circular migration; as well as other models of narrative construction, positive narratives, good practices; as well as data, realities, hoaxes and manipulations in migratory narratives.<span class=\"Apple-converted-space\">\u00a0<\/span><\/p>\n<p><b><i>Proposal of topics for communications:<span class=\"Apple-converted-space\">\u00a0<\/span><\/i><\/b><b><i><\/i><\/b><\/p>\n<p>\uf0b7 The current African narrative on migration, labour and non-labour.<span class=\"Apple-converted-space\">\u00a0<\/span><\/p>\n<p>\uf0b7 The current European narrative on labour and non-labour migration.<span class=\"Apple-converted-space\">\u00a0<\/span><\/p>\n<p>\uf0b7 The current Canarian narrative on labour and non-labour migration.<span class=\"Apple-converted-space\">\u00a0<\/span><\/p>\n<p>\uf0b7 Narratives for the construction of useful training itineraries on both sides.<span class=\"Apple-converted-space\">\u00a0<\/span><\/p>\n<p>\uf0b7 Narratives linked to the meaningful empowerment of migrants.<span class=\"Apple-converted-space\">\u00a0<\/span><\/p>\n<p>\uf0b7 The combination of need, opportunity and expectations in circular migration.<span class=\"Apple-converted-space\">\u00a0<\/span><\/p>\n<p>\uf0b7 Constructing alternative narratives.<span class=\"Apple-converted-space\">\u00a0<\/span><\/p>\n<p>\uf0b7 Good practices of constructive narratives in circular migration.<span class=\"Apple-converted-space\">\u00a0<\/span><\/p>\n<p>\uf0b7 Workshops on positive migration narratives.<span class=\"Apple-converted-space\">\u00a0<\/span><\/p>\n<p>\uf0b7 Data, realities, hoaxes and manipulations in migration narratives.<span class=\"Apple-converted-space\">\u00a0<\/span><\/p>\n\n\t\t<\/div>\n\t<\/div>\n<div class=\"vc_empty_space\"   style=\"height: 50px\"><span class=\"vc_empty_space_inner\"><\/span><\/div>       \n      <div class=\"mo-title-box title-box-style2  text-center\"  ><h3>II. SUBMISSION AND ACCEPTANCE OF PROPOSALS<\/h3> <\/div>\n    <div class=\"vc_empty_space\"   style=\"height: 50px\"><span class=\"vc_empty_space_inner\"><\/span><\/div>\n\t<div class=\"wpb_text_column wpb_content_element\" >\n\t\t<div class=\"wpb_wrapper\">\n\t\t\t<div><strong>Formal requirements:\u00a0<\/strong><\/div>\n<div>Proposals must be individual and each person may submit only one communication proposal.<\/div>\n<div>For the submission of a proposal, a compressed file (zip\/rar) containing three documents in word format must be sent:<\/div>\n<ol start=\"1\">\n<li>\n<div>Document containing only the following information: title of the proposal and session to which it is submitted, full name of the proposer, university, institution or organisation of origin.<\/div>\n<\/li>\n<li>Document with the summary of the communication proposal, in which <u>the name of the proposer must not appear on the name of the person submitting the proposal<\/u>but only the title of the proposal, session to which it is submitted, area of knowledge, its content and 3-5 keywords. Proposals should be between 1000 and 1500 words in length.<\/li>\n<\/ol>\n<ol start=\"1\">\n<li>Short CV of the proposer (max. 3 pages).<\/li>\n<\/ol>\n<div>Non-compliance with these requirements will lead to the exclusion of the proposal.<\/div>\n<div><\/div>\n<div><\/div>\n<div><strong>Deadline and submission of proposals:<\/strong><\/div>\n<div>Proposals may be submitted from 30 June to 21 July 2025 (inclusive).<\/div>\n<div>To send your communication, please click on the following link and follow the instructions.<\/div>\n\n\t\t<\/div>\n\t<\/div>\n     <div class=\"text-center\">\n       <a class=\"button btn-solid btn-txt-circle light hr_light bg_primary bg_hr_primary outline_grey outline_hr_grey medium radius5 linear\"  href=\"https:\/\/laspalmas.congresoseci.es\/compass\/envio-de-comunicaciones\" target=\"_self\"><span class=\"button-text\">Send Communication<\/span>\n                            <\/a> \n\t <\/div>\n    \n\t<div class=\"wpb_text_column wpb_content_element\" >\n\t\t<div class=\"wpb_wrapper\">\n\t\t\t<div>If the paper proposal is accepted, in order to present the paper at the Congress, it will be necessary for the proposer to register for the Congress.<\/div>\n<p>&nbsp;<\/p>\n<p><b>Material content and evaluation: <\/b><b><\/b><\/p>\n<p>The Scientific Committee will evaluate the proposals according to the following criteria:<\/p>\n<p>1. Relevance and timeliness in relation to the overall project theme.<\/p>\n<p>2. Relevance of the chosen topic to the theme of the session.<\/p>\n<p>3. Quality of the approach developed in the proposal.<\/p>\n<p>4. Originality of the proposal.<\/p>\n<p>The Scientific Committee will select three paper proposals for oral presentation. A maximum of three alternate proposals will also be selected for oral presentation per Session. A decision on this matter will be taken by the Scientific Committee by 28 July 2025 at the latest by e-mail (please make sure to enter a valid e-mail address) and will be communicated:<\/p>\n<p>a) The selection of the proposal to be presented orally at the Conference.<\/p>\n<p>b) The selection of the proposal without oral presentation and as an alternate. These alternate papers will be able to participate with their work in the final publication of the Congress.<\/p>\n\n\t\t<\/div>\n\t<\/div>\n<div class=\"vc_empty_space\"   style=\"height: 50px\"><span class=\"vc_empty_space_inner\"><\/span><\/div>       \n      <div class=\"mo-title-box title-box-style2  text-center\"  ><h3>III. PUBLICATION<\/h3> <\/div>\n    <div class=\"vc_empty_space\"   style=\"height: 50px\"><span class=\"vc_empty_space_inner\"><\/span><\/div>\n\t<div class=\"wpb_text_column wpb_content_element\" >\n\t\t<div class=\"wpb_wrapper\">\n\t\t\t<p>Acceptance of the paper proposal for oral presentation or substitution implies a commitment to produce a written text for subsequent publication in the academic document that will serve as the basis for the further development of the project. This will require the submission of a final text of the paper to be sent before 10 October 2025. All written papers submitted will be evaluated by the Scientific Committee for inclusion in the collective work.<span class=\"Apple-converted-space\">\u00a0<\/span><\/p>\n<p>The full text must be presented in accordance with the style standards of scientific journals related to the subject of each communication (legal, sociology, psychology, institutional framework). It must not exceed 10,000 words and must be submitted in Word, in Times New Roman 12 for body text and 10 for footnotes.) They may be submitted in Spanish, English or French.<span class=\"Apple-converted-space\">\u00a0<\/span><\/p>\n<p>After the meeting, a period of time will be allowed for the possibility of modifying the publication or adapting it to the discussions and common ground that arose during the meeting. If there are any modifications, the new document must be delivered by 24 November 2025. The communication of the acceptance of the proposal for the final publication of the document will be made on 15 December 2025. Publication is expected in the first half of 2026.<span class=\"Apple-converted-space\">\u00a0<\/span><\/p>\n\n\t\t<\/div>\n\t<\/div>\n<div class=\"vc_empty_space\"   style=\"height: 50px\"><span class=\"vc_empty_space_inner\"><\/span><\/div>       \n      <div class=\"mo-title-box title-box-style2  text-center\"  ><h3>III. TABLE OF RELEVANT DATES<\/h3> <\/div>\n    <div class=\"vc_empty_space\"   style=\"height: 50px\"><span class=\"vc_empty_space_inner\"><\/span><\/div>\n\t<div class=\"wpb_text_column wpb_content_element\" >\n\t\t<div class=\"wpb_wrapper\">\n\t\t\t<p>Submission of proposals: 30 June to 21 July 2025.<span class=\"Apple-converted-space\">\u00a0<\/span><\/p>\n<p>Date of communication of selection of proposals 28 July 2025.<span class=\"Apple-converted-space\">\u00a0<\/span><\/p>\n<p>Deadline for submission of full text: 10 October 2025.<span class=\"Apple-converted-space\">\u00a0<\/span><\/p>\n<p>Deadline for submission of the full text after the congress: 24 November 2025.<span class=\"Apple-converted-space\">\u00a0<\/span><\/p>\n<p>Date of final decision on publication: 15 December 2025.<span class=\"Apple-converted-space\">\u00a0<\/span><\/p>\n<p>Publication date of the work: first half of 2026.<span class=\"Apple-converted-space\">\u00a0<\/span><\/p>\n\n\t\t<\/div>\n\t<\/div>\n<\/div><\/div><\/div><\/div><\/div><\/div>\n<\/section>","protected":false},"excerpt":{"rendered":"Acercando fronteras, uniendo personasCongreso Internacional sobre Migraci\u00f3n Laboral Circular Proyecto COMPASS JUEVES, 30 DE OCTUBRE 2025 I. OBJETO DEL CONGRESO \u00a0COMPASS es un proyecto del programa INTERREG MAC 2021-2027 que tiene como finalidad \u00faltima la de constituir un Observatorio de la movilidad humana entre Canarias y \u00c1frica. Para ello abordamos integralmente el fen\u00f3meno migratorio, proponiendo [...]","protected":false},"author":1,"featured_media":0,"parent":0,"menu_order":0,"comment_status":"closed","ping_status":"closed","template":"","meta":{"_monsterinsights_skip_tracking":false,"_monsterinsights_sitenote_active":false,"_monsterinsights_sitenote_note":"","_monsterinsights_sitenote_category":0,"footnotes":""},"class_list":["post-1634","page","type-page","status-publish","hentry"],"_links":{"self":[{"href":"https:\/\/congresocompass.es\/en\/wp-json\/wp\/v2\/pages\/1634","targetHints":{"allow":["GET"]}}],"collection":[{"href":"https:\/\/congresocompass.es\/en\/wp-json\/wp\/v2\/pages"}],"about":[{"href":"https:\/\/congresocompass.es\/en\/wp-json\/wp\/v2\/types\/page"}],"author":[{"embeddable":true,"href":"https:\/\/congresocompass.es\/en\/wp-json\/wp\/v2\/users\/1"}],"replies":[{"embeddable":true,"href":"https:\/\/congresocompass.es\/en\/wp-json\/wp\/v2\/comments?post=1634"}],"version-history":[{"count":12,"href":"https:\/\/congresocompass.es\/en\/wp-json\/wp\/v2\/pages\/1634\/revisions"}],"predecessor-version":[{"id":1830,"href":"https:\/\/congresocompass.es\/en\/wp-json\/wp\/v2\/pages\/1634\/revisions\/1830"}],"wp:attachment":[{"href":"https:\/\/congresocompass.es\/en\/wp-json\/wp\/v2\/media?parent=1634"}],"curies":[{"name":"wp","href":"https:\/\/api.w.org\/{rel}","templated":true}]}}